{"id":1595,"date":"2025-04-17T09:45:22","date_gmt":"2025-04-17T07:45:22","guid":{"rendered":"https:\/\/leonardocincinelli.com\/?page_id=1595"},"modified":"2025-04-17T12:00:14","modified_gmt":"2025-04-17T10:00:14","slug":"deejazz","status":"publish","type":"page","link":"https:\/\/leonardocincinelli.com\/de\/art-projects\/deejazz\/","title":{"rendered":"Deejazz"},"content":{"rendered":"<div data-elementor-type=\"wp-page\" data-elementor-id=\"1595\" class=\"elementor elementor-1595\" data-elementor-post-type=\"page\">\n\t\t\t\t<div class=\"elementor-element elementor-element-2dfdce8 e-flex e-con-boxed e-con e-parent\" data-id=\"2dfdce8\" data-element_type=\"container\" data-e-type=\"container\" data-settings=\"{&quot;background_background&quot;:&quot;classic&quot;}\">\n\t\t\t\t\t<div class=\"e-con-inner\">\n\t\t\t\t<div class=\"elementor-element elementor-element-41ccfd1c elementor-widget elementor-widget-heading\" data-id=\"41ccfd1c\" data-element_type=\"widget\" data-e-type=\"widget\" data-widget_type=\"heading.default\">\n\t\t\t\t<div class=\"elementor-widget-container\">\n\t\t\t\t\t<h2 class=\"elementor-heading-title elementor-size-default\">Deejazz<\/h2>\t\t\t\t<\/div>\n\t\t\t\t<\/div>\n\t\t\t\t\t<\/div>\n\t\t\t\t<\/div>\n\t\t<div class=\"elementor-element elementor-element-4bb56c6 e-flex e-con-boxed e-con e-parent\" data-id=\"4bb56c6\" data-element_type=\"container\" data-e-type=\"container\">\n\t\t\t\t\t<div class=\"e-con-inner\">\n\t\t\t\t<div class=\"elementor-element elementor-element-da56103 elementor-widget elementor-widget-spacer\" data-id=\"da56103\" data-element_type=\"widget\" data-e-type=\"widget\" data-widget_type=\"spacer.default\">\n\t\t\t\t<div class=\"elementor-widget-container\">\n\t\t\t\t\t\t\t<div class=\"elementor-spacer\">\n\t\t\t<div class=\"elementor-spacer-inner\"><\/div>\n\t\t<\/div>\n\t\t\t\t\t\t<\/div>\n\t\t\t\t<\/div>\n\t\t\t\t\t<\/div>\n\t\t\t\t<\/div>\n\t\t<div class=\"elementor-element elementor-element-8fb7ae0 e-flex e-con-boxed e-con e-parent\" data-id=\"8fb7ae0\" data-element_type=\"container\" data-e-type=\"container\">\n\t\t\t\t\t<div class=\"e-con-inner\">\n\t\t\t\t<div class=\"elementor-element elementor-element-71c73d7 elementor-widget elementor-widget-image\" data-id=\"71c73d7\" data-element_type=\"widget\" data-e-type=\"widget\" data-widget_type=\"image.default\">\n\t\t\t\t<div class=\"elementor-widget-container\">\n\t\t\t\t\t\t\t\t\t\t\t\t\t\t\t<img fetchpriority=\"high\" decoding=\"async\" width=\"800\" height=\"148\" src=\"https:\/\/leonardocincinelli.com\/wp-content\/uploads\/2025\/03\/header.png\" class=\"attachment-large size-large wp-image-809\" alt=\"\" srcset=\"https:\/\/leonardocincinelli.com\/wp-content\/uploads\/2025\/03\/header.png 975w, https:\/\/leonardocincinelli.com\/wp-content\/uploads\/2025\/03\/header-300x55.png 300w, https:\/\/leonardocincinelli.com\/wp-content\/uploads\/2025\/03\/header-768x142.png 768w, https:\/\/leonardocincinelli.com\/wp-content\/uploads\/2025\/03\/header-18x3.png 18w\" sizes=\"(max-width: 800px) 100vw, 800px\" \/>\t\t\t\t\t\t\t\t\t\t\t\t\t\t\t<\/div>\n\t\t\t\t<\/div>\n\t\t\t\t\t<\/div>\n\t\t\t\t<\/div>\n\t\t<div class=\"elementor-element elementor-element-a7a6d24 e-flex e-con-boxed e-con e-parent\" data-id=\"a7a6d24\" data-element_type=\"container\" data-e-type=\"container\">\n\t\t\t\t\t<div class=\"e-con-inner\">\n\t\t<div class=\"elementor-element elementor-element-e76fc9d e-con-full e-flex e-con e-child\" data-id=\"e76fc9d\" data-element_type=\"container\" data-e-type=\"container\">\n\t\t\t\t<div class=\"elementor-element elementor-element-dc5d833 elementor-widget elementor-widget-text-editor\" data-id=\"dc5d833\" data-element_type=\"widget\" data-e-type=\"widget\" data-widget_type=\"text-editor.default\">\n\t\t\t\t<div class=\"elementor-widget-container\">\n\t\t\t\t\t\t\t\t\t<p data-start=\"15\" data-end=\"205\">Durch die <em data-start=\"27\" data-end=\"36\">Deejazz<\/em> Projekt begann Leonardo mit elektrischen und elektronischen Kl\u00e4ngen zu experimentieren und verschiedene urbane Stile wie Drum and Bass, Hip-Hop, Breakbeat und Dubstep zu erforschen.<\/p><p data-start=\"207\" data-end=\"781\"><em data-start=\"207\" data-end=\"216\">Deejazz<\/em> war ein dynamisches Kollektiv um Leonardo an den Keyboards, Daniele \"Bozz1\" Cerofolini am akustischen und elektronischen Schlagzeug und DJ Matteo \"Goma\" Salvadori an den Plattentellern, wo er Samples, Soundeffekte und Vocals einspielte und Turntablism betrieb. Anfangs spielten sie Kompositionen von Leonardo, aber mit der Zeit gingen sie dazu \u00fcber, vollst\u00e4ndig zu improvisieren und sogar die Klangpalette spontan zu gestalten. Diese <em data-start=\"627\" data-end=\"641\">Deejazz-Sets<\/em> wurden zu v\u00f6llig improvisierten Reisen, voller \u00dcberraschungen und Beats, die an Ort und Stelle kreiert wurden, w\u00e4hrend sich das Trio der Energie des jeweiligen Veranstaltungsortes anpasste.<\/p><p data-start=\"783\" data-end=\"1014\" data-is-last-node=\"\" data-is-only-node=\"\">Von 2005 bis 2009 trat das Trio in den verschiedensten Bereichen auf, von Jazzclubs bis hin zu Tanzclubs, oft in Zusammenarbeit mit anderen Musikern (Cosimo Boni, Daniele Malvisi, Lucio Rosa, Damiano Niccolini...) und MCs (<em data-start=\"999\" data-end=\"1012\">La Primiera<\/em>).<\/p>\t\t\t\t\t\t\t\t<\/div>\n\t\t\t\t<\/div>\n\t\t\t\t<\/div>\n\t\t<div class=\"elementor-element elementor-element-7159944 e-con-full e-flex e-con e-child\" data-id=\"7159944\" data-element_type=\"container\" data-e-type=\"container\">\n\t\t<div class=\"elementor-element elementor-element-ad2f230 e-con-full e-flex e-con e-child\" data-id=\"ad2f230\" data-element_type=\"container\" data-e-type=\"container\">\n\t\t\t\t<div class=\"elementor-element elementor-element-e06589c elementor-widget elementor-widget-html\" data-id=\"e06589c\" data-element_type=\"widget\" data-e-type=\"widget\" data-widget_type=\"html.default\">\n\t\t\t\t<div class=\"elementor-widget-container\">\n\t\t\t\t\t<iframe style=\"border: 0; width: 350px; height: 470px;\"\r\nsrc=\"https:\/\/bandcamp.com\/EmbeddedPlayer\/album=1198698086\/size=large\/bgcol=ffffff\/linkcol=333333\/tracklist=false\/transparent=true\/\"\r\nseamless><a href=\"https:\/\/deejazz.bandcamp.com\/album\/the-impros\">die imPros von Deejazz<\/a><\/iframe>\r\n\t\t\t\t<\/div>\n\t\t\t\t<\/div>\n\t\t\t\t<\/div>\n\t\t\t\t<\/div>\n\t\t\t\t\t<\/div>\n\t\t\t\t<\/div>\n\t\t<div class=\"elementor-element elementor-element-5b429ef e-flex e-con-boxed e-con e-parent\" data-id=\"5b429ef\" data-element_type=\"container\" data-e-type=\"container\">\n\t\t\t\t\t<div class=\"e-con-inner\">\n\t\t\t\t<div class=\"elementor-element elementor-element-cf9d8d5 elementor-widget elementor-widget-html\" data-id=\"cf9d8d5\" data-element_type=\"widget\" data-e-type=\"widget\" data-widget_type=\"html.default\">\n\t\t\t\t<div class=\"elementor-widget-container\">\n\t\t\t\t\t<iframe style=\"border-radius:12px\" src=\"https:\/\/open.spotify.com\/embed\/album\/5UebJyM45NJCTRhL6kCpcj?utm_source=generator\" width=\"100%\" height=\"352\" frameborder=\"0\" allowfullscreen=\"\" allow=\"autoplay; clipboard-write; encrypted-media; fullscreen; picture-in-picture\" loading=\"lazy\"><\/iframe>\t\t\t\t<\/div>\n\t\t\t\t<\/div>\n\t\t\t\t<div class=\"elementor-element elementor-element-96abe07 elementor-widget elementor-widget-image\" data-id=\"96abe07\" data-element_type=\"widget\" data-e-type=\"widget\" data-widget_type=\"image.default\">\n\t\t\t\t<div class=\"elementor-widget-container\">\n\t\t\t\t\t\t\t\t\t\t\t\t\t\t\t<img decoding=\"async\" width=\"800\" height=\"393\" src=\"https:\/\/leonardocincinelli.com\/wp-content\/uploads\/2025\/03\/LeoPLay-1024x503.jpg\" class=\"attachment-large size-large wp-image-810\" alt=\"\" srcset=\"https:\/\/leonardocincinelli.com\/wp-content\/uploads\/2025\/03\/LeoPLay-1024x503.jpg 1024w, https:\/\/leonardocincinelli.com\/wp-content\/uploads\/2025\/03\/LeoPLay-300x147.jpg 300w, https:\/\/leonardocincinelli.com\/wp-content\/uploads\/2025\/03\/LeoPLay-768x377.jpg 768w, https:\/\/leonardocincinelli.com\/wp-content\/uploads\/2025\/03\/LeoPLay-1536x755.jpg 1536w, https:\/\/leonardocincinelli.com\/wp-content\/uploads\/2025\/03\/LeoPLay-2048x1006.jpg 2048w, https:\/\/leonardocincinelli.com\/wp-content\/uploads\/2025\/03\/LeoPLay-18x9.jpg 18w\" sizes=\"(max-width: 800px) 100vw, 800px\" \/>\t\t\t\t\t\t\t\t\t\t\t\t\t\t\t<\/div>\n\t\t\t\t<\/div>\n\t\t\t\t\t<\/div>\n\t\t\t\t<\/div>\n\t\t\t\t<\/div>","protected":false},"excerpt":{"rendered":"<p>Through the Deejazz project, Leonardo began experimenting with electric and electronic sounds while exploring various urban styles such as drum and bass, hip-hop, breakbeat, and dubstep. Deejazz was a dynamic collective centered around Leonardo on keyboards, Daniele \u201cBozz1\u201d Cerofolini on acoustic and electronic drums, and DJ Matteo \u201cGoma\u201d Salvadori on decks\u2014where he triggered samples, sound [&hellip;]<\/p>\n","protected":false},"author":9,"featured_media":0,"parent":82,"menu_order":0,"comment_status":"closed","ping_status":"closed","template":"elementor_header_footer","meta":{"footnotes":""},"class_list":["post-1595","page","type-page","status-publish","hentry"],"yoast_head":"<!-- This site is optimized with the Yoast SEO plugin v27.3 - https:\/\/yoast.com\/product\/yoast-seo-wordpress\/ -->\n<title>Deejazz - Leonardo Cincinelli<\/title>\n<meta name=\"robots\" content=\"index, follow, max-snippet:-1, max-image-preview:large, max-video-preview:-1\" \/>\n<link rel=\"canonical\" href=\"https:\/\/leonardocincinelli.com\/de\/art-projects\/deejazz\/\" \/>\n<meta property=\"og:locale\" content=\"de_DE\" \/>\n<meta property=\"og:type\" content=\"article\" \/>\n<meta property=\"og:title\" content=\"Deejazz - Leonardo Cincinelli\" \/>\n<meta property=\"og:description\" content=\"Through the Deejazz project, Leonardo began experimenting with electric and electronic sounds while exploring various urban styles such as drum and bass, hip-hop, breakbeat, and dubstep. Deejazz was a dynamic collective centered around Leonardo on keyboards, Daniele \u201cBozz1\u201d Cerofolini on acoustic and electronic drums, and DJ Matteo \u201cGoma\u201d Salvadori on decks\u2014where he triggered samples, sound [&hellip;]\" \/>\n<meta property=\"og:url\" content=\"https:\/\/leonardocincinelli.com\/de\/art-projects\/deejazz\/\" \/>\n<meta property=\"og:site_name\" content=\"Leonardo Cincinelli\" \/>\n<meta property=\"article:modified_time\" content=\"2025-04-17T10:00:14+00:00\" \/>\n<meta property=\"og:image\" content=\"https:\/\/leonardocincinelli.com\/wp-content\/uploads\/2025\/03\/header.png\" \/>\n\t<meta property=\"og:image:width\" content=\"975\" \/>\n\t<meta property=\"og:image:height\" content=\"180\" \/>\n\t<meta property=\"og:image:type\" content=\"image\/png\" \/>\n<meta name=\"twitter:card\" content=\"summary_large_image\" \/>\n<meta name=\"twitter:label1\" content=\"Gesch\u00e4tzte Lesezeit\" \/>\n\t<meta name=\"twitter:data1\" content=\"2\u00a0Minuten\" \/>\n<script type=\"application\/ld+json\" class=\"yoast-schema-graph\">{\"@context\":\"https:\\\/\\\/schema.org\",\"@graph\":[{\"@type\":\"WebPage\",\"@id\":\"https:\\\/\\\/leonardocincinelli.com\\\/art-projects\\\/deejazz\\\/\",\"url\":\"https:\\\/\\\/leonardocincinelli.com\\\/art-projects\\\/deejazz\\\/\",\"name\":\"Deejazz - Leonardo Cincinelli\",\"isPartOf\":{\"@id\":\"https:\\\/\\\/leonardocincinelli.com\\\/#website\"},\"primaryImageOfPage\":{\"@id\":\"https:\\\/\\\/leonardocincinelli.com\\\/art-projects\\\/deejazz\\\/#primaryimage\"},\"image\":{\"@id\":\"https:\\\/\\\/leonardocincinelli.com\\\/art-projects\\\/deejazz\\\/#primaryimage\"},\"thumbnailUrl\":\"https:\\\/\\\/leonardocincinelli.com\\\/wp-content\\\/uploads\\\/2025\\\/03\\\/header.png\",\"datePublished\":\"2025-04-17T07:45:22+00:00\",\"dateModified\":\"2025-04-17T10:00:14+00:00\",\"breadcrumb\":{\"@id\":\"https:\\\/\\\/leonardocincinelli.com\\\/art-projects\\\/deejazz\\\/#breadcrumb\"},\"inLanguage\":\"de\",\"potentialAction\":[{\"@type\":\"ReadAction\",\"target\":[\"https:\\\/\\\/leonardocincinelli.com\\\/art-projects\\\/deejazz\\\/\"]}]},{\"@type\":\"ImageObject\",\"inLanguage\":\"de\",\"@id\":\"https:\\\/\\\/leonardocincinelli.com\\\/art-projects\\\/deejazz\\\/#primaryimage\",\"url\":\"https:\\\/\\\/leonardocincinelli.com\\\/wp-content\\\/uploads\\\/2025\\\/03\\\/header.png\",\"contentUrl\":\"https:\\\/\\\/leonardocincinelli.com\\\/wp-content\\\/uploads\\\/2025\\\/03\\\/header.png\"},{\"@type\":\"BreadcrumbList\",\"@id\":\"https:\\\/\\\/leonardocincinelli.com\\\/art-projects\\\/deejazz\\\/#breadcrumb\",\"itemListElement\":[{\"@type\":\"ListItem\",\"position\":1,\"name\":\"Portada\",\"item\":\"https:\\\/\\\/leonardocincinelli.com\\\/\"},{\"@type\":\"ListItem\",\"position\":2,\"name\":\"Creative Projects\",\"item\":\"https:\\\/\\\/leonardocincinelli.com\\\/art-projects\\\/\"},{\"@type\":\"ListItem\",\"position\":3,\"name\":\"Deejazz\"}]},{\"@type\":\"WebSite\",\"@id\":\"https:\\\/\\\/leonardocincinelli.com\\\/#website\",\"url\":\"https:\\\/\\\/leonardocincinelli.com\\\/\",\"name\":\"Leonardo Cincinelli\",\"description\":\"Music Designer\",\"publisher\":{\"@id\":\"https:\\\/\\\/leonardocincinelli.com\\\/#\\\/schema\\\/person\\\/4e8f938b0ba55bdd58344f52ffb3acf1\"},\"potentialAction\":[{\"@type\":\"SearchAction\",\"target\":{\"@type\":\"EntryPoint\",\"urlTemplate\":\"https:\\\/\\\/leonardocincinelli.com\\\/?s={search_term_string}\"},\"query-input\":{\"@type\":\"PropertyValueSpecification\",\"valueRequired\":true,\"valueName\":\"search_term_string\"}}],\"inLanguage\":\"de\"},{\"@type\":[\"Person\",\"Organization\"],\"@id\":\"https:\\\/\\\/leonardocincinelli.com\\\/#\\\/schema\\\/person\\\/4e8f938b0ba55bdd58344f52ffb3acf1\",\"name\":\"Leonardo Cincinelli\",\"image\":{\"@type\":\"ImageObject\",\"inLanguage\":\"de\",\"@id\":\"https:\\\/\\\/leonardocincinelli.com\\\/wp-content\\\/uploads\\\/2025\\\/01\\\/LogoWEB-e1740150454111.png\",\"url\":\"https:\\\/\\\/leonardocincinelli.com\\\/wp-content\\\/uploads\\\/2025\\\/01\\\/LogoWEB-e1740150454111.png\",\"contentUrl\":\"https:\\\/\\\/leonardocincinelli.com\\\/wp-content\\\/uploads\\\/2025\\\/01\\\/LogoWEB-e1740150454111.png\",\"width\":500,\"height\":385,\"caption\":\"Leonardo Cincinelli\"},\"logo\":{\"@id\":\"https:\\\/\\\/leonardocincinelli.com\\\/wp-content\\\/uploads\\\/2025\\\/01\\\/LogoWEB-e1740150454111.png\"}}]}<\/script>\n<!-- \/ Yoast SEO plugin. -->","yoast_head_json":{"title":"Deejazz - Leonardo Cincinelli","robots":{"index":"index","follow":"follow","max-snippet":"max-snippet:-1","max-image-preview":"max-image-preview:large","max-video-preview":"max-video-preview:-1"},"canonical":"https:\/\/leonardocincinelli.com\/de\/art-projects\/deejazz\/","og_locale":"de_DE","og_type":"article","og_title":"Deejazz - Leonardo Cincinelli","og_description":"Through the Deejazz project, Leonardo began experimenting with electric and electronic sounds while exploring various urban styles such as drum and bass, hip-hop, breakbeat, and dubstep. Deejazz was a dynamic collective centered around Leonardo on keyboards, Daniele \u201cBozz1\u201d Cerofolini on acoustic and electronic drums, and DJ Matteo \u201cGoma\u201d Salvadori on decks\u2014where he triggered samples, sound [&hellip;]","og_url":"https:\/\/leonardocincinelli.com\/de\/art-projects\/deejazz\/","og_site_name":"Leonardo Cincinelli","article_modified_time":"2025-04-17T10:00:14+00:00","og_image":[{"width":975,"height":180,"url":"https:\/\/leonardocincinelli.com\/wp-content\/uploads\/2025\/03\/header.png","type":"image\/png"}],"twitter_card":"summary_large_image","twitter_misc":{"Gesch\u00e4tzte Lesezeit":"2\u00a0Minuten"},"schema":{"@context":"https:\/\/schema.org","@graph":[{"@type":"WebPage","@id":"https:\/\/leonardocincinelli.com\/art-projects\/deejazz\/","url":"https:\/\/leonardocincinelli.com\/art-projects\/deejazz\/","name":"Deejazz - Leonardo Cincinelli","isPartOf":{"@id":"https:\/\/leonardocincinelli.com\/#website"},"primaryImageOfPage":{"@id":"https:\/\/leonardocincinelli.com\/art-projects\/deejazz\/#primaryimage"},"image":{"@id":"https:\/\/leonardocincinelli.com\/art-projects\/deejazz\/#primaryimage"},"thumbnailUrl":"https:\/\/leonardocincinelli.com\/wp-content\/uploads\/2025\/03\/header.png","datePublished":"2025-04-17T07:45:22+00:00","dateModified":"2025-04-17T10:00:14+00:00","breadcrumb":{"@id":"https:\/\/leonardocincinelli.com\/art-projects\/deejazz\/#breadcrumb"},"inLanguage":"de","potentialAction":[{"@type":"ReadAction","target":["https:\/\/leonardocincinelli.com\/art-projects\/deejazz\/"]}]},{"@type":"ImageObject","inLanguage":"de","@id":"https:\/\/leonardocincinelli.com\/art-projects\/deejazz\/#primaryimage","url":"https:\/\/leonardocincinelli.com\/wp-content\/uploads\/2025\/03\/header.png","contentUrl":"https:\/\/leonardocincinelli.com\/wp-content\/uploads\/2025\/03\/header.png"},{"@type":"BreadcrumbList","@id":"https:\/\/leonardocincinelli.com\/art-projects\/deejazz\/#breadcrumb","itemListElement":[{"@type":"ListItem","position":1,"name":"Portada","item":"https:\/\/leonardocincinelli.com\/"},{"@type":"ListItem","position":2,"name":"Creative Projects","item":"https:\/\/leonardocincinelli.com\/art-projects\/"},{"@type":"ListItem","position":3,"name":"Deejazz"}]},{"@type":"WebSite","@id":"https:\/\/leonardocincinelli.com\/#website","url":"https:\/\/leonardocincinelli.com\/","name":"Leonardo Cincinelli","description":"Musik-Designer","publisher":{"@id":"https:\/\/leonardocincinelli.com\/#\/schema\/person\/4e8f938b0ba55bdd58344f52ffb3acf1"},"potentialAction":[{"@type":"SearchAction","target":{"@type":"EntryPoint","urlTemplate":"https:\/\/leonardocincinelli.com\/?s={search_term_string}"},"query-input":{"@type":"PropertyValueSpecification","valueRequired":true,"valueName":"search_term_string"}}],"inLanguage":"de"},{"@type":["Person","Organization"],"@id":"https:\/\/leonardocincinelli.com\/#\/schema\/person\/4e8f938b0ba55bdd58344f52ffb3acf1","name":"Leonardo Cincinelli","image":{"@type":"ImageObject","inLanguage":"de","@id":"https:\/\/leonardocincinelli.com\/wp-content\/uploads\/2025\/01\/LogoWEB-e1740150454111.png","url":"https:\/\/leonardocincinelli.com\/wp-content\/uploads\/2025\/01\/LogoWEB-e1740150454111.png","contentUrl":"https:\/\/leonardocincinelli.com\/wp-content\/uploads\/2025\/01\/LogoWEB-e1740150454111.png","width":500,"height":385,"caption":"Leonardo Cincinelli"},"logo":{"@id":"https:\/\/leonardocincinelli.com\/wp-content\/uploads\/2025\/01\/LogoWEB-e1740150454111.png"}}]}},"_hostinger_reach_plugin_has_subscription_block":false,"_hostinger_reach_plugin_is_elementor":false,"_links":{"self":[{"href":"https:\/\/leonardocincinelli.com\/de\/wp-json\/wp\/v2\/pages\/1595","targetHints":{"allow":["GET"]}}],"collection":[{"href":"https:\/\/leonardocincinelli.com\/de\/wp-json\/wp\/v2\/pages"}],"about":[{"href":"https:\/\/leonardocincinelli.com\/de\/wp-json\/wp\/v2\/types\/page"}],"author":[{"embeddable":true,"href":"https:\/\/leonardocincinelli.com\/de\/wp-json\/wp\/v2\/users\/9"}],"replies":[{"embeddable":true,"href":"https:\/\/leonardocincinelli.com\/de\/wp-json\/wp\/v2\/comments?post=1595"}],"version-history":[{"count":8,"href":"https:\/\/leonardocincinelli.com\/de\/wp-json\/wp\/v2\/pages\/1595\/revisions"}],"predecessor-version":[{"id":1623,"href":"https:\/\/leonardocincinelli.com\/de\/wp-json\/wp\/v2\/pages\/1595\/revisions\/1623"}],"up":[{"embeddable":true,"href":"https:\/\/leonardocincinelli.com\/de\/wp-json\/wp\/v2\/pages\/82"}],"wp:attachment":[{"href":"https:\/\/leonardocincinelli.com\/de\/wp-json\/wp\/v2\/media?parent=1595"}],"curies":[{"name":"wp","href":"https:\/\/api.w.org\/{rel}","templated":true}]}}