{"id":16,"date":"2025-01-27T08:51:21","date_gmt":"2025-01-27T07:51:21","guid":{"rendered":"https:\/\/leonardocincinelli.com\/?page_id=16"},"modified":"2025-03-24T18:32:28","modified_gmt":"2025-03-24T17:32:28","slug":"legal","status":"publish","type":"page","link":"https:\/\/leonardocincinelli.com\/de\/legal\/","title":{"rendered":"Aviso legal"},"content":{"rendered":"<div data-elementor-type=\"wp-page\" data-elementor-id=\"16\" class=\"elementor elementor-16\" data-elementor-post-type=\"page\">\n\t\t\t\t<div class=\"elementor-element elementor-element-6b3dc11 e-flex e-con-boxed e-con e-parent\" data-id=\"6b3dc11\" data-element_type=\"container\" data-e-type=\"container\">\n\t\t\t\t\t<div class=\"e-con-inner\">\n\t\t\t\t<div class=\"elementor-element elementor-element-d5f70aa elementor-widget elementor-widget-heading\" data-id=\"d5f70aa\" data-element_type=\"widget\" data-e-type=\"widget\" data-widget_type=\"heading.default\">\n\t\t\t\t<div class=\"elementor-widget-container\">\n\t\t\t\t\t<h2 class=\"elementor-heading-title elementor-size-default\">Rechtlicher Hinweis<\/h2>\t\t\t\t<\/div>\n\t\t\t\t<\/div>\n\t\t\t\t<div class=\"elementor-element elementor-element-bfd8520 elementor-widget elementor-widget-text-editor\" data-id=\"bfd8520\" data-element_type=\"widget\" data-e-type=\"widget\" data-widget_type=\"text-editor.default\">\n\t\t\t\t<div class=\"elementor-widget-container\">\n\t\t\t\t\t\t\t\t\t<p>I. Allgemeine Informationen In \u00dcbereinstimmung mit der Informationspflicht, die im Gesetz 34\/2002 \u00fcber Dienstleistungen der Informationsgesellschaft und des elektronischen Handels (LSSI-CE) vom 11. Juli vorgesehen ist, werden die folgenden allgemeinen Informationsdaten \u00fcber diese Website nachstehend zur Verf\u00fcgung gestellt: Das Eigentum an dieser Website, leonardocincinelli.com, (im Folgenden Website) wird gehalten: Leonardo Cincinelli, mit<strong> NIF: Y0829271C<\/strong>und deren Kontaktdaten lauten: <strong>Adresse: Vinaros Stra\u00dfe 38, 4. Erste 08003 Barceloneta<\/strong> <strong>Kontakt Telefon: +34672928561<\/strong> <strong>E-Mail-Kontakt: leonardo.cincinelli@gmail.com<\/strong> II. Allgemeine Nutzungsbedingungen Der Gegenstand der Bedingungen: die Website Der Gegenstand dieser allgemeinen Nutzungsbedingungen (im Folgenden Bedingungen) ist es, den Zugang und die Nutzung der Website zu regeln. F\u00fcr die Zwecke dieser Bedingungen wird das \u00e4u\u00dfere Erscheinungsbild der Bildschirmschnittstellen als Website verstanden, sowohl statisch als auch dynamisch, d.h. der Navigationsbaum; und alle Elemente, die sowohl in die Bildschirmschnittstellen als auch in den Navigationsbaum integriert sind (im Folgenden Inhalt) und alle jene Dienste oder Ressourcen, die den Benutzern online angeboten werden (im Folgenden Dienste). Leonardo Cininelli beh\u00e4lt sich das Recht vor, jederzeit und ohne Vorank\u00fcndigung die Pr\u00e4sentation und Konfiguration der Website sowie die Inhalte und Dienste, die in sie integriert werden k\u00f6nnen, zu \u00e4ndern. Der Nutzer erkennt an und akzeptiert, dass Leonardo Cininelli jederzeit jedes dieser in die Website integrierten Elemente oder den Zugang zu ihnen unterbrechen, deaktivieren und\/oder l\u00f6schen kann. Der Zugriff des Nutzers auf die Website ist kostenlos und erfolgt in der Regel kostenlos, ohne dass der Nutzer eine Gegenleistung erbringen muss, um in den Genuss der Website zu kommen, mit Ausnahme der Kosten f\u00fcr die Verbindung \u00fcber das Telekommunikationsnetz, die von dem vom Nutzer beauftragten Zugangsanbieter bereitgestellt werden. Die Nutzung der Inhalte oder Dienste der Website kann durch ein vorheriges Abonnement oder eine Registrierung des Nutzers erfolgen. Der Benutzer Der Zugang, die Navigation und die Nutzung der Website, sowie durch die aktivierten R\u00e4ume zu interagieren zwischen den Nutzern, und der Benutzer und Leonardo Cininelli, wie die Kommentare und \/ oder Blogging-R\u00e4ume, verleiht die Bedingung des Benutzers, so dass sie akzeptiert werden, da die Navigation der Website beginnt, alle Bedingungen, die hier festgelegt, sowie ihre sp\u00e4teren \u00c4nderungen, unbeschadet der Anwendung der Anwendung der entsprechenden gesetzlichen Vorschriften der Compliance-Fall. In Anbetracht der Relevanz des Vorstehenden wird dem Benutzer empfohlen, sie bei jedem Besuch der Website zu lesen. Die Website von Leonardo Cincinelli bietet eine gro\u00dfe Vielfalt an Informationen, Dienstleistungen und Daten. Der Nutzer \u00fcbernimmt die Verantwortung f\u00fcr die korrekte Nutzung der Website. Diese Verantwortung erstreckt sich auf: Eine Nutzung der von Leonardo Cincinelli angebotenen Informationen, Inhalte und\/oder Dienstleistungen und Daten, die nicht gegen die Bestimmungen dieser Bedingungen, das Gesetz, die guten Sitten oder die \u00f6ffentliche Ordnung verst\u00f6\u00dft oder in irgendeiner anderen Weise die Rechte Dritter oder den Betrieb der Website beeintr\u00e4chtigt. Die Richtigkeit und Rechtm\u00e4\u00dfigkeit der Informationen, die der Benutzer in den von Leonardo Cininelli f\u00fcr den Zugang zu bestimmten Inhalten oder Dienstleistungen der Website bereitgestellten Formularen angibt. In jedem Fall muss der Nutzer Leonardo Cincinelli unverz\u00fcglich \u00fcber jeden Umstand informieren, der eine missbr\u00e4uchliche Verwendung der in den genannten Formularen erfassten Informationen erm\u00f6glicht, wie z.B., aber nicht nur, der Diebstahl, der Verlust oder der unbefugte Zugriff auf Identifizierungsmerkmale und\/oder Passw\u00f6rter, um deren sofortige L\u00f6schung zu veranlassen. Leonardo Cininelli beh\u00e4lt sich das Recht vor, alle Kommentare und Beitr\u00e4ge zu l\u00f6schen, die gegen das Gesetz versto\u00dfen, die W\u00fcrde der Person verletzen, diskriminierend, fremdenfeindlich, rassistisch, pornografisch, spammend sind, die Jugend oder das Kind, die Ordnung oder die \u00f6ffentliche Sicherheit bedrohen oder die ihrer Meinung nach nicht zur Ver\u00f6ffentlichung geeignet sind. In jedem Fall ist Leonardo Cininelli nicht verantwortlich f\u00fcr die Meinungen, die von den Nutzern in Kommentaren oder anderen Blogging- oder Partizipations-Tools ge\u00e4u\u00dfert werden, die m\u00f6glicherweise existieren. Der blo\u00dfe Zugriff auf diese Website bedeutet nicht, dass eine gesch\u00e4ftliche Beziehung zwischen Leonardo Cincinelli und dem Nutzer entsteht. Der Benutzer erkl\u00e4rt, dass er vollj\u00e4hrig ist und \u00fcber die n\u00f6tige Rechtsf\u00e4higkeit verf\u00fcgt, um diese Bedingungen zu erf\u00fcllen. Daher richtet sich diese Leonardo Cininelli Website nicht an Minderj\u00e4hrige. Leonardo Cininelli lehnt jede Verantwortung f\u00fcr die Verletzung dieser Bedingung ab. Die Website richtet sich haupts\u00e4chlich an Nutzer mit Wohnsitz in Spanien. Leonardo Cininelli versichert nicht, dass die Website ganz oder teilweise mit den Gesetzen anderer L\u00e4nder \u00fcbereinstimmt. Wenn der Nutzer seinen Wohnsitz oder seinen Sitz anderswo hat und beschlie\u00dft, auf die Website zuzugreifen und\/oder auf ihr zu navigieren, tut er dies auf eigene Verantwortung und muss sicherstellen, dass dieser Zugang und diese Navigation den f\u00fcr ihn geltenden lokalen Gesetzen entsprechen, ohne dass Leonardo Cincinelli irgendeine Verantwortung \u00fcbernimmt, die sich aus diesem Zugang ableiten l\u00e4sst. III. Zugang und Navigation auf der Website: Ausschluss von Garantien und Verantwortung Leonardo Cincinelli \u00fcbernimmt keine Garantie f\u00fcr die Kontinuit\u00e4t, Verf\u00fcgbarkeit und N\u00fctzlichkeit der Website oder der Inhalte oder Dienstleistungen. Leonardo Cininelli tut alles, was m\u00f6glich ist, um das ordnungsgem\u00e4\u00dfe Funktionieren der Website, aber es ist nicht verantwortlich oder garantieren, dass der Zugang zu dieser Website wird nicht unterbrochen werden oder dass ist frei von Fehlern. Auch ist es nicht verantwortlich oder garantiert, dass der Inhalt oder die Software, die durch diese Website zugegriffen werden kann, ist frei von Fehlern oder Sch\u00e4den an der Computer-System (Software und Hardware) des Benutzers verursachen. In keinem Fall haftet Leonardo Cincinelli f\u00fcr Verluste, Sch\u00e4den oder Beeintr\u00e4chtigungen jeglicher Art, die sich aus dem Zugang, der Navigation und der Nutzung der Website ergeben, einschlie\u00dflich, aber nicht beschr\u00e4nkt auf Sch\u00e4den an Computersystemen oder solche, die durch die Einf\u00fchrung von Viren verursacht werden. Leonardo Cininelli haftet nicht f\u00fcr Sch\u00e4den, die den Nutzern durch unsachgem\u00e4\u00dfe Nutzung dieser Website entstehen k\u00f6nnten. Insbesondere ist es nicht verantwortlich f\u00fcr St\u00fcrze, Unterbrechungen, Mangel oder Defekt der Telekommunikation, die auftreten k\u00f6nnen. IV. Link-Politik Es wird berichtet, dass die Leonardo Cincinelli Website stellt oder kann die Medien verkn\u00fcpft Benutzer zur Verf\u00fcgung stellen (wie, unter anderem, Links, Banner, Buttons), Verzeichnisse und Suchmaschinen, die Benutzer auf die zugeh\u00f6rigen Websites zugreifen k\u00f6nnen und \/ oder von Dritten verwaltet. Die Installation dieser Links, Verzeichnisse und Suchmaschinen auf der Website zielt darauf ab, den Nutzern die Suche nach und den Zugang zu den im Internet verf\u00fcgbaren Informationen zu erleichtern, ohne dass dies als Vorschlag, Empfehlung oder Aufforderung zum Besuch der Website zu verstehen ist. Leonardo Cininelli bietet oder vermarktet weder selbst noch \u00fcber Dritte die Produkte und\/oder Dienstleistungen, die auf den genannten verlinkten Seiten verf\u00fcgbar sind. Leonardo Cincinelli \u00fcbernimmt auch keine Garantie f\u00fcr die technische Verf\u00fcgbarkeit, die Richtigkeit, den Wahrheitsgehalt, die G\u00fcltigkeit oder die Rechtm\u00e4\u00dfigkeit von Websites, die sich nicht in seinem Besitz befinden und auf die \u00fcber die Links zugegriffen werden kann. Leonardo Cincinelli \u00fcberpr\u00fcft oder kontrolliert in keinem Fall den Inhalt anderer Websites, noch billigt, pr\u00fcft oder macht er die Produkte und Dienstleistungen, Inhalte, Dateien und jegliches andere vorhandene Material auf den oben genannten verlinkten Websites. Leonardo Cincinelli \u00fcbernimmt keine Verantwortung f\u00fcr die Sch\u00e4den, die durch den Zugang, die Nutzung, die Qualit\u00e4t oder die F\u00fchrung der Inhalte, Mitteilungen, Meinungen, Produkte und Dienstleistungen der Websites, die nicht von Leonardo Cincinelli verwaltet werden und die auf dieser Website verlinkt sind, verursacht werden k\u00f6nnten. Der Benutzer oder ein Dritter, der einen Hyperlink von einer anderen Website auf die Website von Leonardo Cininelli setzt, sollte wissen, dass: Die Vervielf\u00e4ltigung - ganz oder teilweise - von Inhalten und\/oder Dienstleistungen der Website ist ohne ausdr\u00fcckliche Genehmigung von Leonardo Cincinelli nicht gestattet. Falsche, ungenaue oder unrichtige Angaben auf der Website von Leonardo Cininelli sowie zu deren Inhalten und\/oder Dienstleistungen sind ebenfalls nicht gestattet. Mit Ausnahme des Hyperlinks enth\u00e4lt die Website, auf der dieser Hyperlink eingerichtet ist, kein Element dieser Website, das als geistiges Eigentum durch das spanische Rechtssystem gesch\u00fctzt ist, es sei denn, Leonardo Cincinelli hat dies ausdr\u00fccklich genehmigt. Die Einrichtung von Hyperlinks impliziert weder die Existenz von Beziehungen zwischen Leonardo Cincinelli und dem Leiter der Website, von der aus sie durchgef\u00fchrt wird, noch die Kenntnis und Akzeptanz von Leonardo Cincinelli der Inhalte, Dienstleistungen und\/oder Aktivit\u00e4ten, die auf der genannten Website angeboten werden, und umgekehrt. V. Intellektuelles und industrielles Eigentum Leonardo Cininelli ist selbst oder als Abtretungsempf\u00e4nger Inhaber aller Rechte am intellektuellen und industriellen Eigentum der Website sowie der darin enthaltenen Elemente (wie z.B. Bilder, Ton, Audio, Video, Software oder Texte, Marken oder Logos, Farbkombinationen, Struktur und Design, Auswahl der verwendeten Materialien, Computerprogramme, die f\u00fcr den Betrieb, den Zugang und die Nutzung erforderlich sind, usw.). Sie werden daher, gesch\u00fctzte Werke als geistiges Eigentum durch das spanische Rechtssystem, wobei sowohl spanische und gemeinschaftliche Vorschriften in diesem Bereich, sowie internationale Vertr\u00e4ge im Zusammenhang mit dem Thema und von Spanien unterzeichnet. Alle Rechte vorbehalten. Gem\u00e4\u00df den Bestimmungen des Gesetzes \u00fcber das geistige Eigentum ist die Vervielf\u00e4ltigung, der Vertrieb und die \u00f6ffentliche Kommunikation, einschlie\u00dflich der Modalit\u00e4t der Bereitstellung, des gesamten oder eines Teils des Inhalts dieser Website zu kommerziellen Zwecken in jeglicher Form und mit jeglichen technischen Mitteln ohne die Genehmigung von Leonardo Cintelli untersagt. Der Benutzer verpflichtet sich, die geistigen und gewerblichen Eigentumsrechte von Leonardo Cincinelli zu respektieren. Sie k\u00f6nnen die Elemente der Website zu visualisieren oder sogar drucken, kopieren und speichern sie auf der Festplatte Ihres Computers oder in einem anderen physischen Unterst\u00fctzung, solange es ist, ausschlie\u00dflich f\u00fcr den pers\u00f6nlichen Gebrauch. Der Benutzer ist jedoch nicht in der Lage, Schutzvorrichtungen oder Sicherheitssysteme, die auf der Website installiert sind, zu unterdr\u00fccken, zu ver\u00e4ndern oder zu manipulieren. Sollte der Nutzer oder ein Dritter der Ansicht sein, dass einer der Inhalte der Website eine Verletzung der Rechte des geistigen Eigentums darstellt, muss er dies Leonardo Cincinelli unverz\u00fcglich \u00fcber die Kontaktdaten im Abschnitt \"Allgemeine Informationen\" dieser rechtlichen Hinweise und allgemeinen Nutzungsbedingungen mitteilen. VI. Rechtliche Schritte, anwendbare Gesetzgebung und Gerichtsbarkeit Leonardo Cincinelli beh\u00e4lt sich die Befugnis vor, die zivil- oder strafrechtlichen Schritte einzuleiten, die es f\u00fcr die missbr\u00e4uchliche Nutzung der Website und der Inhalte oder f\u00fcr die Verletzung der vorliegenden Bedingungen f\u00fcr notwendig erachtet. Die Beziehung zwischen dem Benutzer und Leonardo Cincinelli wird durch die geltenden Vorschriften und die Anwendung auf dem spanischen Territorium geregelt werden. Bei Streitigkeiten in Bezug auf die Auslegung und\/oder die Anwendung dieser Bedingungen, werden die Parteien ihre Konflikte der ordentlichen Gerichtsbarkeit unterwerfen, indem sie sich den Richtern und Gerichten unterwerfen, die dem Gesetz entsprechen.<\/p>\t\t\t\t\t\t\t\t<\/div>\n\t\t\t\t<\/div>\n\t\t\t\t\t<\/div>\n\t\t\t\t<\/div>\n\t\t\t\t<\/div>","protected":false},"excerpt":{"rendered":"<p>Legal notice I. General Information In compliance with the duty of information provided in Law 34\/2002 on Services of the Information Society and Electronic Commerce (LSSI-CE) of July 11, the following general information data on this website are facilitated below: The ownership of this website, leonardocincinelli.com, (hereinafter, website) is held: Leonardo Cincinelli, with NIF: Y0829271C, [&hellip;]<\/p>\n","protected":false},"author":2,"featured_media":0,"parent":0,"menu_order":31,"comment_status":"closed","ping_status":"open","template":"elementor_header_footer","meta":{"footnotes":""},"class_list":["post-16","page","type-page","status-publish","hentry"],"yoast_head":"<!-- This site is optimized with the Yoast SEO plugin v27.3 - https:\/\/yoast.com\/product\/yoast-seo-wordpress\/ -->\n<title>Aviso legal - Leonardo Cincinelli<\/title>\n<meta name=\"robots\" content=\"noindex, follow\" \/>\n<meta property=\"og:locale\" content=\"de_DE\" \/>\n<meta property=\"og:type\" content=\"article\" \/>\n<meta property=\"og:title\" content=\"Aviso legal - Leonardo Cincinelli\" \/>\n<meta property=\"og:description\" content=\"Legal notice I. General Information In compliance with the duty of information provided in Law 34\/2002 on Services of the Information Society and Electronic Commerce (LSSI-CE) of July 11, the following general information data on this website are facilitated below: The ownership of this website, leonardocincinelli.com, (hereinafter, website) is held: Leonardo Cincinelli, with NIF: Y0829271C, [&hellip;]\" \/>\n<meta property=\"og:url\" content=\"https:\/\/leonardocincinelli.com\/de\/legal\/\" \/>\n<meta property=\"og:site_name\" content=\"Leonardo Cincinelli\" \/>\n<meta property=\"article:modified_time\" content=\"2025-03-24T17:32:28+00:00\" \/>\n<meta property=\"og:image\" content=\"https:\/\/leonardocincinelli.com\/wp-content\/uploads\/2025\/03\/home-2-819x1024.jpg\" \/>\n\t<meta property=\"og:image:width\" content=\"819\" \/>\n\t<meta property=\"og:image:height\" content=\"1024\" \/>\n\t<meta property=\"og:image:type\" content=\"image\/jpeg\" \/>\n<meta name=\"twitter:card\" content=\"summary_large_image\" \/>\n<meta name=\"twitter:label1\" content=\"Gesch\u00e4tzte Lesezeit\" \/>\n\t<meta name=\"twitter:data1\" content=\"8\u00a0Minuten\" \/>\n<script type=\"application\/ld+json\" class=\"yoast-schema-graph\">{\"@context\":\"https:\\\/\\\/schema.org\",\"@graph\":[{\"@type\":\"WebPage\",\"@id\":\"https:\\\/\\\/leonardocincinelli.com\\\/legal\\\/\",\"url\":\"https:\\\/\\\/leonardocincinelli.com\\\/legal\\\/\",\"name\":\"Aviso legal - Leonardo Cincinelli\",\"isPartOf\":{\"@id\":\"https:\\\/\\\/leonardocincinelli.com\\\/#website\"},\"datePublished\":\"2025-01-27T07:51:21+00:00\",\"dateModified\":\"2025-03-24T17:32:28+00:00\",\"breadcrumb\":{\"@id\":\"https:\\\/\\\/leonardocincinelli.com\\\/legal\\\/#breadcrumb\"},\"inLanguage\":\"de\",\"potentialAction\":[{\"@type\":\"ReadAction\",\"target\":[\"https:\\\/\\\/leonardocincinelli.com\\\/legal\\\/\"]}]},{\"@type\":\"BreadcrumbList\",\"@id\":\"https:\\\/\\\/leonardocincinelli.com\\\/legal\\\/#breadcrumb\",\"itemListElement\":[{\"@type\":\"ListItem\",\"position\":1,\"name\":\"Portada\",\"item\":\"https:\\\/\\\/leonardocincinelli.com\\\/\"},{\"@type\":\"ListItem\",\"position\":2,\"name\":\"Aviso legal\"}]},{\"@type\":\"WebSite\",\"@id\":\"https:\\\/\\\/leonardocincinelli.com\\\/#website\",\"url\":\"https:\\\/\\\/leonardocincinelli.com\\\/\",\"name\":\"Leonardo Cincinelli\",\"description\":\"Music Designer\",\"publisher\":{\"@id\":\"https:\\\/\\\/leonardocincinelli.com\\\/#\\\/schema\\\/person\\\/4e8f938b0ba55bdd58344f52ffb3acf1\"},\"potentialAction\":[{\"@type\":\"SearchAction\",\"target\":{\"@type\":\"EntryPoint\",\"urlTemplate\":\"https:\\\/\\\/leonardocincinelli.com\\\/?s={search_term_string}\"},\"query-input\":{\"@type\":\"PropertyValueSpecification\",\"valueRequired\":true,\"valueName\":\"search_term_string\"}}],\"inLanguage\":\"de\"},{\"@type\":[\"Person\",\"Organization\"],\"@id\":\"https:\\\/\\\/leonardocincinelli.com\\\/#\\\/schema\\\/person\\\/4e8f938b0ba55bdd58344f52ffb3acf1\",\"name\":\"Leonardo Cincinelli\",\"image\":{\"@type\":\"ImageObject\",\"inLanguage\":\"de\",\"@id\":\"https:\\\/\\\/leonardocincinelli.com\\\/wp-content\\\/uploads\\\/2025\\\/01\\\/LogoWEB-e1740150454111.png\",\"url\":\"https:\\\/\\\/leonardocincinelli.com\\\/wp-content\\\/uploads\\\/2025\\\/01\\\/LogoWEB-e1740150454111.png\",\"contentUrl\":\"https:\\\/\\\/leonardocincinelli.com\\\/wp-content\\\/uploads\\\/2025\\\/01\\\/LogoWEB-e1740150454111.png\",\"width\":500,\"height\":385,\"caption\":\"Leonardo Cincinelli\"},\"logo\":{\"@id\":\"https:\\\/\\\/leonardocincinelli.com\\\/wp-content\\\/uploads\\\/2025\\\/01\\\/LogoWEB-e1740150454111.png\"}}]}<\/script>\n<!-- \/ Yoast SEO plugin. -->","yoast_head_json":{"title":"Aviso legal - Leonardo Cincinelli","robots":{"index":"noindex","follow":"follow"},"og_locale":"de_DE","og_type":"article","og_title":"Aviso legal - Leonardo Cincinelli","og_description":"Legal notice I. General Information In compliance with the duty of information provided in Law 34\/2002 on Services of the Information Society and Electronic Commerce (LSSI-CE) of July 11, the following general information data on this website are facilitated below: The ownership of this website, leonardocincinelli.com, (hereinafter, website) is held: Leonardo Cincinelli, with NIF: Y0829271C, [&hellip;]","og_url":"https:\/\/leonardocincinelli.com\/de\/legal\/","og_site_name":"Leonardo Cincinelli","article_modified_time":"2025-03-24T17:32:28+00:00","og_image":[{"width":819,"height":1024,"url":"https:\/\/leonardocincinelli.com\/wp-content\/uploads\/2025\/03\/home-2-819x1024.jpg","type":"image\/jpeg"}],"twitter_card":"summary_large_image","twitter_misc":{"Gesch\u00e4tzte Lesezeit":"8\u00a0Minuten"},"schema":{"@context":"https:\/\/schema.org","@graph":[{"@type":"WebPage","@id":"https:\/\/leonardocincinelli.com\/legal\/","url":"https:\/\/leonardocincinelli.com\/legal\/","name":"Aviso legal - Leonardo Cincinelli","isPartOf":{"@id":"https:\/\/leonardocincinelli.com\/#website"},"datePublished":"2025-01-27T07:51:21+00:00","dateModified":"2025-03-24T17:32:28+00:00","breadcrumb":{"@id":"https:\/\/leonardocincinelli.com\/legal\/#breadcrumb"},"inLanguage":"de","potentialAction":[{"@type":"ReadAction","target":["https:\/\/leonardocincinelli.com\/legal\/"]}]},{"@type":"BreadcrumbList","@id":"https:\/\/leonardocincinelli.com\/legal\/#breadcrumb","itemListElement":[{"@type":"ListItem","position":1,"name":"Portada","item":"https:\/\/leonardocincinelli.com\/"},{"@type":"ListItem","position":2,"name":"Aviso legal"}]},{"@type":"WebSite","@id":"https:\/\/leonardocincinelli.com\/#website","url":"https:\/\/leonardocincinelli.com\/","name":"Leonardo Cincinelli","description":"Musik-Designer","publisher":{"@id":"https:\/\/leonardocincinelli.com\/#\/schema\/person\/4e8f938b0ba55bdd58344f52ffb3acf1"},"potentialAction":[{"@type":"SearchAction","target":{"@type":"EntryPoint","urlTemplate":"https:\/\/leonardocincinelli.com\/?s={search_term_string}"},"query-input":{"@type":"PropertyValueSpecification","valueRequired":true,"valueName":"search_term_string"}}],"inLanguage":"de"},{"@type":["Person","Organization"],"@id":"https:\/\/leonardocincinelli.com\/#\/schema\/person\/4e8f938b0ba55bdd58344f52ffb3acf1","name":"Leonardo Cincinelli","image":{"@type":"ImageObject","inLanguage":"de","@id":"https:\/\/leonardocincinelli.com\/wp-content\/uploads\/2025\/01\/LogoWEB-e1740150454111.png","url":"https:\/\/leonardocincinelli.com\/wp-content\/uploads\/2025\/01\/LogoWEB-e1740150454111.png","contentUrl":"https:\/\/leonardocincinelli.com\/wp-content\/uploads\/2025\/01\/LogoWEB-e1740150454111.png","width":500,"height":385,"caption":"Leonardo Cincinelli"},"logo":{"@id":"https:\/\/leonardocincinelli.com\/wp-content\/uploads\/2025\/01\/LogoWEB-e1740150454111.png"}}]}},"_hostinger_reach_plugin_has_subscription_block":false,"_hostinger_reach_plugin_is_elementor":false,"_links":{"self":[{"href":"https:\/\/leonardocincinelli.com\/de\/wp-json\/wp\/v2\/pages\/16","targetHints":{"allow":["GET"]}}],"collection":[{"href":"https:\/\/leonardocincinelli.com\/de\/wp-json\/wp\/v2\/pages"}],"about":[{"href":"https:\/\/leonardocincinelli.com\/de\/wp-json\/wp\/v2\/types\/page"}],"author":[{"embeddable":true,"href":"https:\/\/leonardocincinelli.com\/de\/wp-json\/wp\/v2\/users\/2"}],"replies":[{"embeddable":true,"href":"https:\/\/leonardocincinelli.com\/de\/wp-json\/wp\/v2\/comments?post=16"}],"version-history":[{"count":14,"href":"https:\/\/leonardocincinelli.com\/de\/wp-json\/wp\/v2\/pages\/16\/revisions"}],"predecessor-version":[{"id":847,"href":"https:\/\/leonardocincinelli.com\/de\/wp-json\/wp\/v2\/pages\/16\/revisions\/847"}],"wp:attachment":[{"href":"https:\/\/leonardocincinelli.com\/de\/wp-json\/wp\/v2\/media?parent=16"}],"curies":[{"name":"wp","href":"https:\/\/api.w.org\/{rel}","templated":true}]}}