{"id":655,"date":"2025-03-03T17:05:52","date_gmt":"2025-03-03T16:05:52","guid":{"rendered":"https:\/\/leonardocincinelli.com\/?page_id=655"},"modified":"2025-04-23T13:46:04","modified_gmt":"2025-04-23T11:46:04","slug":"art-eria","status":"publish","type":"page","link":"https:\/\/leonardocincinelli.com\/de\/art-projects\/art-eria\/","title":{"rendered":"Art.eria"},"content":{"rendered":"<div data-elementor-type=\"wp-page\" data-elementor-id=\"655\" class=\"elementor elementor-655\" data-elementor-post-type=\"page\">\n\t\t\t\t<div class=\"elementor-element elementor-element-3b19f9b6 e-flex e-con-boxed e-con e-parent\" data-id=\"3b19f9b6\" data-element_type=\"container\" data-e-type=\"container\" data-settings=\"{&quot;background_background&quot;:&quot;classic&quot;}\">\n\t\t\t\t\t<div class=\"e-con-inner\">\n\t\t\t\t<div class=\"elementor-element elementor-element-326d4a33 elementor-widget elementor-widget-heading\" data-id=\"326d4a33\" data-element_type=\"widget\" data-e-type=\"widget\" data-widget_type=\"heading.default\">\n\t\t\t\t<div class=\"elementor-widget-container\">\n\t\t\t\t\t<h2 class=\"elementor-heading-title elementor-size-default\">Art.eria<\/h2>\t\t\t\t<\/div>\n\t\t\t\t<\/div>\n\t\t\t\t\t<\/div>\n\t\t\t\t<\/div>\n\t\t<div class=\"elementor-element elementor-element-d8a7144 e-flex e-con-boxed e-con e-parent\" data-id=\"d8a7144\" data-element_type=\"container\" data-e-type=\"container\">\n\t\t\t\t\t<div class=\"e-con-inner\">\n\t\t<div class=\"elementor-element elementor-element-0667602 e-con-full e-flex e-con e-child\" data-id=\"0667602\" data-element_type=\"container\" data-e-type=\"container\">\n\t\t\t\t<div class=\"elementor-element elementor-element-2ee31a7 elementor-widget elementor-widget-text-editor\" data-id=\"2ee31a7\" data-element_type=\"widget\" data-e-type=\"widget\" data-widget_type=\"text-editor.default\">\n\t\t\t\t<div class=\"elementor-widget-container\">\n\t\t\t\t\t\t\t\t\t<p>Leonardo Cincinelli ist der Produzent von <strong>Art.eria<\/strong>, ein akustisch-elektronisches Ensemble, das m\u00f6gliche Wechselwirkungen zwischen Jazzimprovisation, experimenteller elektronischer Musik und einem Streichquartett erforscht und dabei eine reichhaltige und eindringliche Klanglandschaft schafft.<\/p><p>Das Ensemble zeichnet sich durch die au\u00dfergew\u00f6hnlichen Talente des spanischen Fl\u00f6tisten <strong>Fernando Brox<\/strong>, argentinischer Pianist, Arrangeur und Koproduzent\u00a0<strong>Mariano Camarasa<\/strong>, uruguayischer Kontrabassist <strong>Antonino Restuccia Moreno<\/strong>und das katalanische Streichquartett Art.eria.<\/p><p>Die Live-Show wird zus\u00e4tzlich durch die visuellen Inhalte des russischen Digitalk\u00fcnstlers N0vatik aufgewertet, dessen atemberaubende Visuals jede Auff\u00fchrung in ein multisensorisches und immersives Erlebnis verwandeln.<\/p><p>\u00a0<\/p><p>Das Ensemble deb\u00fctierte 2021 mit einem Konzert im <strong>Sala Artte<\/strong> in Barcelona, die von der Rundfunkanstalt <strong>RTVE play<\/strong>Spaniens nationalem \u00f6ffentlichem Fernsehsender. Bei dieser Auff\u00fchrung wurde die innovative Verschmelzung traditioneller und experimenteller Elemente hervorgehoben, die Raum f\u00fcr Improvisation und spontane Kreation sowohl auf solistischer als auch auf kollektiver Ebene l\u00e4sst.<\/p><p>\u00a0<\/p><p>Leonardo ist als Produzent, Komponist, Co-Arrangeur und Live-Elektroniker t\u00e4tig, w\u00e4hrend Mariano Camarasa die Arrangements, die Co-Produktion und das Klavier \u00fcbernimmt. Gemeinsam haben sie einen Sound geschaffen, der futuristisch und doch in der Tradition verwurzelt ist - komplex wie moderner Jazz, filmisch in seiner Erz\u00e4hlweise und k\u00fchn in seinen Experimenten.<\/p><p>\u00a0<\/p><p>Erm\u00f6glicht wurde das Projekt durch die Unterst\u00fctzung des in den USA ans\u00e4ssigen ausf\u00fchrenden Produzenten <strong>Wesley Kendall<\/strong>.<\/p>\t\t\t\t\t\t\t\t<\/div>\n\t\t\t\t<\/div>\n\t\t<div class=\"elementor-element elementor-element-570f2c1 e-con-full e-flex e-con e-child\" data-id=\"570f2c1\" data-element_type=\"container\" data-e-type=\"container\">\n\t\t\t\t<div class=\"elementor-element elementor-element-85b97fe elementor-shape-circle elementor-grid-0 e-grid-align-center elementor-widget elementor-widget-social-icons\" data-id=\"85b97fe\" data-element_type=\"widget\" data-e-type=\"widget\" data-widget_type=\"social-icons.default\">\n\t\t\t\t<div class=\"elementor-widget-container\">\n\t\t\t\t\t\t\t<div class=\"elementor-social-icons-wrapper elementor-grid\" role=\"list\">\n\t\t\t\t\t\t\t<span class=\"elementor-grid-item\" role=\"listitem\">\n\t\t\t\t\t<a class=\"elementor-icon elementor-social-icon elementor-social-icon-youtube elementor-repeater-item-fc6a476\" href=\"https:\/\/www.youtube.com\/channel\/UCn36wJZXWMP_b0JfkCTpABg\" target=\"_blank\">\n\t\t\t\t\t\t<span class=\"elementor-screen-only\">Youtube<\/span>\n\t\t\t\t\t\t<svg aria-hidden=\"true\" class=\"e-font-icon-svg e-fab-youtube\" viewbox=\"0 0 576 512\" xmlns=\"http:\/\/www.w3.org\/2000\/svg\"><path d=\"M549.655 124.083c-6.281-23.65-24.787-42.276-48.284-48.597C458.781 64 288 64 288 64S117.22 64 74.629 75.486c-23.497 6.322-42.003 24.947-48.284 48.597-11.412 42.867-11.412 132.305-11.412 132.305s0 89.438 11.412 132.305c6.281 23.65 24.787 41.5 48.284 47.821C117.22 448 288 448 288 448s170.78 0 213.371-11.486c23.497-6.321 42.003-24.171 48.284-47.821 11.412-42.867 11.412-132.305 11.412-132.305s0-89.438-11.412-132.305zm-317.51 213.508V175.185l142.739 81.205-142.739 81.201z\"><\/path><\/svg>\t\t\t\t\t<\/a>\n\t\t\t\t<\/span>\n\t\t\t\t\t\t\t<span class=\"elementor-grid-item\" role=\"listitem\">\n\t\t\t\t\t<a class=\"elementor-icon elementor-social-icon elementor-social-icon-facebook elementor-repeater-item-72299da\" href=\"https:\/\/www.facebook.com\/arteriaensemble\" target=\"_blank\">\n\t\t\t\t\t\t<span class=\"elementor-screen-only\">Facebook<\/span>\n\t\t\t\t\t\t<svg aria-hidden=\"true\" class=\"e-font-icon-svg e-fab-facebook\" viewbox=\"0 0 512 512\" xmlns=\"http:\/\/www.w3.org\/2000\/svg\"><path d=\"M504 256C504 119 393 8 256 8S8 119 8 256c0 123.78 90.69 226.38 209.25 245V327.69h-63V256h63v-54.64c0-62.15 37-96.48 93.67-96.48 27.14 0 55.52 4.84 55.52 4.84v61h-31.28c-30.8 0-40.41 19.12-40.41 38.73V256h68.78l-11 71.69h-57.78V501C413.31 482.38 504 379.78 504 256z\"><\/path><\/svg>\t\t\t\t\t<\/a>\n\t\t\t\t<\/span>\n\t\t\t\t\t\t\t<span class=\"elementor-grid-item\" role=\"listitem\">\n\t\t\t\t\t<a class=\"elementor-icon elementor-social-icon elementor-social-icon-instagram elementor-repeater-item-bcd1d26\" href=\"https:\/\/www.instagram.com\/art.eria_ensemble\/\" target=\"_blank\">\n\t\t\t\t\t\t<span class=\"elementor-screen-only\">Instagram<\/span>\n\t\t\t\t\t\t<svg aria-hidden=\"true\" class=\"e-font-icon-svg e-fab-instagram\" viewbox=\"0 0 448 512\" xmlns=\"http:\/\/www.w3.org\/2000\/svg\"><path d=\"M224.1 141c-63.6 0-114.9 51.3-114.9 114.9s51.3 114.9 114.9 114.9S339 319.5 339 255.9 287.7 141 224.1 141zm0 189.6c-41.1 0-74.7-33.5-74.7-74.7s33.5-74.7 74.7-74.7 74.7 33.5 74.7 74.7-33.6 74.7-74.7 74.7zm146.4-194.3c0 14.9-12 26.8-26.8 26.8-14.9 0-26.8-12-26.8-26.8s12-26.8 26.8-26.8 26.8 12 26.8 26.8zm76.1 27.2c-1.7-35.9-9.9-67.7-36.2-93.9-26.2-26.2-58-34.4-93.9-36.2-37-2.1-147.9-2.1-184.9 0-35.8 1.7-67.6 9.9-93.9 36.1s-34.4 58-36.2 93.9c-2.1 37-2.1 147.9 0 184.9 1.7 35.9 9.9 67.7 36.2 93.9s58 34.4 93.9 36.2c37 2.1 147.9 2.1 184.9 0 35.9-1.7 67.7-9.9 93.9-36.2 26.2-26.2 34.4-58 36.2-93.9 2.1-37 2.1-147.8 0-184.8zM398.8 388c-7.8 19.6-22.9 34.7-42.6 42.6-29.5 11.7-99.5 9-132.1 9s-102.7 2.6-132.1-9c-19.6-7.8-34.7-22.9-42.6-42.6-11.7-29.5-9-99.5-9-132.1s-2.6-102.7 9-132.1c7.8-19.6 22.9-34.7 42.6-42.6 29.5-11.7 99.5-9 132.1-9s102.7-2.6 132.1 9c19.6 7.8 34.7 22.9 42.6 42.6 11.7 29.5 9 99.5 9 132.1s2.7 102.7-9 132.1z\"><\/path><\/svg>\t\t\t\t\t<\/a>\n\t\t\t\t<\/span>\n\t\t\t\t\t<\/div>\n\t\t\t\t\t\t<\/div>\n\t\t\t\t<\/div>\n\t\t\t\t<div class=\"elementor-element elementor-element-e3db2ed elementor-widget elementor-widget-button\" data-id=\"e3db2ed\" data-element_type=\"widget\" data-e-type=\"widget\" data-widget_type=\"button.default\">\n\t\t\t\t<div class=\"elementor-widget-container\">\n\t\t\t\t\t\t\t\t\t<div class=\"elementor-button-wrapper\">\n\t\t\t\t\t<a class=\"elementor-button elementor-button-link elementor-size-sm\" href=\"https:\/\/www.rtve.es\/play\/audios\/radiofrequencies\/arteria-acoustic-electronic-ensemble-live-artte-av\/6425591\/\" target=\"_blank\">\n\t\t\t\t\t\t<span class=\"elementor-button-content-wrapper\">\n\t\t\t\t\t\t\t\t\t<span class=\"elementor-button-text\">Deb\u00fctkonzert auf RTVE abspielen<\/span>\n\t\t\t\t\t<\/span>\n\t\t\t\t\t<\/a>\n\t\t\t\t<\/div>\n\t\t\t\t\t\t\t\t<\/div>\n\t\t\t\t<\/div>\n\t\t\t\t<\/div>\n\t\t\t\t<\/div>\n\t\t<div class=\"elementor-element elementor-element-9925ee8 e-con-full e-flex e-con e-child\" data-id=\"9925ee8\" data-element_type=\"container\" data-e-type=\"container\">\n\t\t\t\t<div class=\"elementor-element elementor-element-0e8f354 elementor-widget elementor-widget-image\" data-id=\"0e8f354\" data-element_type=\"widget\" data-e-type=\"widget\" data-widget_type=\"image.default\">\n\t\t\t\t<div class=\"elementor-widget-container\">\n\t\t\t\t\t\t\t\t\t\t\t\t\t\t\t<img fetchpriority=\"high\" decoding=\"async\" width=\"1561\" height=\"2560\" src=\"https:\/\/leonardocincinelli.com\/wp-content\/uploads\/2025\/03\/6_resultado-scaled.webp\" class=\"attachment-full size-full wp-image-741\" alt=\"\" srcset=\"https:\/\/leonardocincinelli.com\/wp-content\/uploads\/2025\/03\/6_resultado-scaled.webp 1561w, https:\/\/leonardocincinelli.com\/wp-content\/uploads\/2025\/03\/6_resultado-183x300.webp 183w, https:\/\/leonardocincinelli.com\/wp-content\/uploads\/2025\/03\/6_resultado-624x1024.webp 624w, https:\/\/leonardocincinelli.com\/wp-content\/uploads\/2025\/03\/6_resultado-768x1260.webp 768w, https:\/\/leonardocincinelli.com\/wp-content\/uploads\/2025\/03\/6_resultado-936x1536.webp 936w, https:\/\/leonardocincinelli.com\/wp-content\/uploads\/2025\/03\/6_resultado-1248x2048.webp 1248w, https:\/\/leonardocincinelli.com\/wp-content\/uploads\/2025\/03\/6_resultado-7x12.webp 7w\" sizes=\"(max-width: 1561px) 100vw, 1561px\" \/>\t\t\t\t\t\t\t\t\t\t\t\t\t\t\t<\/div>\n\t\t\t\t<\/div>\n\t\t\t\t<div class=\"elementor-element elementor-element-db0849a elementor-widget elementor-widget-html\" data-id=\"db0849a\" data-element_type=\"widget\" data-e-type=\"widget\" data-widget_type=\"html.default\">\n\t\t\t\t<div class=\"elementor-widget-container\">\n\t\t\t\t\t<iframe style=\"border-radius:12px\"\r\nsrc=\"https:\/\/open.spotify.com\/embed\/album\/4dStgbW5JZG6a6tGUI6TdA?utm_source=generator\" width=\"100%\" height=\"352\" frameborder=\"0\" allowfullscreen=\"\"\r\n\r\nallow=\"autoplay; clipboard-write; encrypted-media; fullscreen; picture-in-picture\" loading=\"lazy\">\r\n<\/iframe>\t\t\t\t<\/div>\n\t\t\t\t<\/div>\n\t\t\t\t<\/div>\n\t\t\t\t\t<\/div>\n\t\t\t\t<\/div>\n\t\t<div class=\"elementor-element elementor-element-e842417 e-flex e-con-boxed e-con e-parent\" data-id=\"e842417\" data-element_type=\"container\" data-e-type=\"container\">\n\t\t\t\t\t<div class=\"e-con-inner\">\n\t\t<div class=\"elementor-element elementor-element-eccaf0b e-con-full e-flex e-con e-child\" data-id=\"eccaf0b\" data-element_type=\"container\" data-e-type=\"container\">\n\t\t\t\t<div class=\"elementor-element elementor-element-7657747 elementor-widget elementor-widget-video\" data-id=\"7657747\" data-element_type=\"widget\" data-e-type=\"widget\" data-settings=\"{&quot;youtube_url&quot;:&quot;https:\\\/\\\/www.youtube.com\\\/watch?v=hNUQRuYHPJU&quot;,&quot;video_type&quot;:&quot;youtube&quot;,&quot;controls&quot;:&quot;yes&quot;}\" data-widget_type=\"video.default\">\n\t\t\t\t<div class=\"elementor-widget-container\">\n\t\t\t\t\t\t\t<div class=\"elementor-wrapper elementor-open-inline\">\n\t\t\t<div class=\"elementor-video\"><\/div>\t\t<\/div>\n\t\t\t\t\t\t<\/div>\n\t\t\t\t<\/div>\n\t\t\t\t<\/div>\n\t\t<div class=\"elementor-element elementor-element-5f65782 e-con-full e-flex e-con e-child\" data-id=\"5f65782\" data-element_type=\"container\" data-e-type=\"container\">\n\t\t\t\t<div class=\"elementor-element elementor-element-52c838e elementor-widget elementor-widget-video\" data-id=\"52c838e\" data-element_type=\"widget\" data-e-type=\"widget\" data-settings=\"{&quot;youtube_url&quot;:&quot;https:\\\/\\\/www.youtube.com\\\/watch?v=zJemxvVEUps&quot;,&quot;video_type&quot;:&quot;youtube&quot;,&quot;controls&quot;:&quot;yes&quot;}\" data-widget_type=\"video.default\">\n\t\t\t\t<div class=\"elementor-widget-container\">\n\t\t\t\t\t\t\t<div class=\"elementor-wrapper elementor-open-inline\">\n\t\t\t<div class=\"elementor-video\"><\/div>\t\t<\/div>\n\t\t\t\t\t\t<\/div>\n\t\t\t\t<\/div>\n\t\t\t\t<\/div>\n\t\t\t\t\t<\/div>\n\t\t\t\t<\/div>\n\t\t\t\t<\/div>","protected":false},"excerpt":{"rendered":"<p>Leonardo Cincinelli is the producer of Art.eria, an acoustic-electronic ensemble that explores possible interactions between jazz improvisation, experimental electronic music, and a string\u00a0quartet, creating a rich and immersive sonic landscape. The ensemble features the exceptional\u00a0talents of Spanish flutist Fernando Brox, Argentinian pianist, arranger and co-producer\u00a0Mariano Camarasa, Uruguayan double bassist Antonino Restuccia Moreno, and the Catalan\u00a0string [&hellip;]<\/p>\n","protected":false},"author":6,"featured_media":0,"parent":82,"menu_order":0,"comment_status":"closed","ping_status":"closed","template":"elementor_header_footer","meta":{"footnotes":""},"class_list":["post-655","page","type-page","status-publish","hentry"],"yoast_head":"<!-- This site is optimized with the Yoast SEO plugin v27.3 - https:\/\/yoast.com\/product\/yoast-seo-wordpress\/ -->\n<title>Art.eria - Leonardo Cincinelli<\/title>\n<meta name=\"robots\" content=\"index, follow, max-snippet:-1, max-image-preview:large, max-video-preview:-1\" \/>\n<link rel=\"canonical\" href=\"https:\/\/leonardocincinelli.com\/de\/art-projects\/art-eria\/\" \/>\n<meta property=\"og:locale\" content=\"de_DE\" \/>\n<meta property=\"og:type\" content=\"article\" \/>\n<meta property=\"og:title\" content=\"Art.eria - Leonardo Cincinelli\" \/>\n<meta property=\"og:description\" content=\"Leonardo Cincinelli is the producer of Art.eria, an acoustic-electronic ensemble that explores possible interactions between jazz improvisation, experimental electronic music, and a string\u00a0quartet, creating a rich and immersive sonic landscape. The ensemble features the exceptional\u00a0talents of Spanish flutist Fernando Brox, Argentinian pianist, arranger and co-producer\u00a0Mariano Camarasa, Uruguayan double bassist Antonino Restuccia Moreno, and the Catalan\u00a0string [&hellip;]\" \/>\n<meta property=\"og:url\" content=\"https:\/\/leonardocincinelli.com\/de\/art-projects\/art-eria\/\" \/>\n<meta property=\"og:site_name\" content=\"Leonardo Cincinelli\" \/>\n<meta property=\"article:modified_time\" content=\"2025-04-23T11:46:04+00:00\" \/>\n<meta property=\"og:image\" content=\"https:\/\/leonardocincinelli.com\/wp-content\/uploads\/2025\/03\/6_resultado-scaled.webp\" \/>\n\t<meta property=\"og:image:width\" content=\"1561\" \/>\n\t<meta property=\"og:image:height\" content=\"2560\" \/>\n\t<meta property=\"og:image:type\" content=\"image\/webp\" \/>\n<meta name=\"twitter:card\" content=\"summary_large_image\" \/>\n<meta name=\"twitter:label1\" content=\"Gesch\u00e4tzte Lesezeit\" \/>\n\t<meta name=\"twitter:data1\" content=\"2\u00a0Minuten\" \/>\n<script type=\"application\/ld+json\" class=\"yoast-schema-graph\">{\"@context\":\"https:\\\/\\\/schema.org\",\"@graph\":[{\"@type\":\"WebPage\",\"@id\":\"https:\\\/\\\/leonardocincinelli.com\\\/art-projects\\\/art-eria\\\/\",\"url\":\"https:\\\/\\\/leonardocincinelli.com\\\/art-projects\\\/art-eria\\\/\",\"name\":\"Art.eria - Leonardo Cincinelli\",\"isPartOf\":{\"@id\":\"https:\\\/\\\/leonardocincinelli.com\\\/#website\"},\"primaryImageOfPage\":{\"@id\":\"https:\\\/\\\/leonardocincinelli.com\\\/art-projects\\\/art-eria\\\/#primaryimage\"},\"image\":{\"@id\":\"https:\\\/\\\/leonardocincinelli.com\\\/art-projects\\\/art-eria\\\/#primaryimage\"},\"thumbnailUrl\":\"https:\\\/\\\/leonardocincinelli.com\\\/wp-content\\\/uploads\\\/2025\\\/03\\\/6_resultado-scaled.webp\",\"datePublished\":\"2025-03-03T16:05:52+00:00\",\"dateModified\":\"2025-04-23T11:46:04+00:00\",\"breadcrumb\":{\"@id\":\"https:\\\/\\\/leonardocincinelli.com\\\/art-projects\\\/art-eria\\\/#breadcrumb\"},\"inLanguage\":\"de\",\"potentialAction\":[{\"@type\":\"ReadAction\",\"target\":[\"https:\\\/\\\/leonardocincinelli.com\\\/art-projects\\\/art-eria\\\/\"]}]},{\"@type\":\"ImageObject\",\"inLanguage\":\"de\",\"@id\":\"https:\\\/\\\/leonardocincinelli.com\\\/art-projects\\\/art-eria\\\/#primaryimage\",\"url\":\"https:\\\/\\\/leonardocincinelli.com\\\/wp-content\\\/uploads\\\/2025\\\/03\\\/6_resultado-scaled.webp\",\"contentUrl\":\"https:\\\/\\\/leonardocincinelli.com\\\/wp-content\\\/uploads\\\/2025\\\/03\\\/6_resultado-scaled.webp\"},{\"@type\":\"BreadcrumbList\",\"@id\":\"https:\\\/\\\/leonardocincinelli.com\\\/art-projects\\\/art-eria\\\/#breadcrumb\",\"itemListElement\":[{\"@type\":\"ListItem\",\"position\":1,\"name\":\"Portada\",\"item\":\"https:\\\/\\\/leonardocincinelli.com\\\/\"},{\"@type\":\"ListItem\",\"position\":2,\"name\":\"Creative Projects\",\"item\":\"https:\\\/\\\/leonardocincinelli.com\\\/art-projects\\\/\"},{\"@type\":\"ListItem\",\"position\":3,\"name\":\"Art.eria\"}]},{\"@type\":\"WebSite\",\"@id\":\"https:\\\/\\\/leonardocincinelli.com\\\/#website\",\"url\":\"https:\\\/\\\/leonardocincinelli.com\\\/\",\"name\":\"Leonardo Cincinelli\",\"description\":\"Music Designer\",\"publisher\":{\"@id\":\"https:\\\/\\\/leonardocincinelli.com\\\/#\\\/schema\\\/person\\\/4e8f938b0ba55bdd58344f52ffb3acf1\"},\"potentialAction\":[{\"@type\":\"SearchAction\",\"target\":{\"@type\":\"EntryPoint\",\"urlTemplate\":\"https:\\\/\\\/leonardocincinelli.com\\\/?s={search_term_string}\"},\"query-input\":{\"@type\":\"PropertyValueSpecification\",\"valueRequired\":true,\"valueName\":\"search_term_string\"}}],\"inLanguage\":\"de\"},{\"@type\":[\"Person\",\"Organization\"],\"@id\":\"https:\\\/\\\/leonardocincinelli.com\\\/#\\\/schema\\\/person\\\/4e8f938b0ba55bdd58344f52ffb3acf1\",\"name\":\"Leonardo Cincinelli\",\"image\":{\"@type\":\"ImageObject\",\"inLanguage\":\"de\",\"@id\":\"https:\\\/\\\/leonardocincinelli.com\\\/wp-content\\\/uploads\\\/2025\\\/01\\\/LogoWEB-e1740150454111.png\",\"url\":\"https:\\\/\\\/leonardocincinelli.com\\\/wp-content\\\/uploads\\\/2025\\\/01\\\/LogoWEB-e1740150454111.png\",\"contentUrl\":\"https:\\\/\\\/leonardocincinelli.com\\\/wp-content\\\/uploads\\\/2025\\\/01\\\/LogoWEB-e1740150454111.png\",\"width\":500,\"height\":385,\"caption\":\"Leonardo Cincinelli\"},\"logo\":{\"@id\":\"https:\\\/\\\/leonardocincinelli.com\\\/wp-content\\\/uploads\\\/2025\\\/01\\\/LogoWEB-e1740150454111.png\"}}]}<\/script>\n<!-- \/ Yoast SEO plugin. -->","yoast_head_json":{"title":"Art.eria - Leonardo Cincinelli","robots":{"index":"index","follow":"follow","max-snippet":"max-snippet:-1","max-image-preview":"max-image-preview:large","max-video-preview":"max-video-preview:-1"},"canonical":"https:\/\/leonardocincinelli.com\/de\/art-projects\/art-eria\/","og_locale":"de_DE","og_type":"article","og_title":"Art.eria - Leonardo Cincinelli","og_description":"Leonardo Cincinelli is the producer of Art.eria, an acoustic-electronic ensemble that explores possible interactions between jazz improvisation, experimental electronic music, and a string\u00a0quartet, creating a rich and immersive sonic landscape. The ensemble features the exceptional\u00a0talents of Spanish flutist Fernando Brox, Argentinian pianist, arranger and co-producer\u00a0Mariano Camarasa, Uruguayan double bassist Antonino Restuccia Moreno, and the Catalan\u00a0string [&hellip;]","og_url":"https:\/\/leonardocincinelli.com\/de\/art-projects\/art-eria\/","og_site_name":"Leonardo Cincinelli","article_modified_time":"2025-04-23T11:46:04+00:00","og_image":[{"width":1561,"height":2560,"url":"https:\/\/leonardocincinelli.com\/wp-content\/uploads\/2025\/03\/6_resultado-scaled.webp","type":"image\/webp"}],"twitter_card":"summary_large_image","twitter_misc":{"Gesch\u00e4tzte Lesezeit":"2\u00a0Minuten"},"schema":{"@context":"https:\/\/schema.org","@graph":[{"@type":"WebPage","@id":"https:\/\/leonardocincinelli.com\/art-projects\/art-eria\/","url":"https:\/\/leonardocincinelli.com\/art-projects\/art-eria\/","name":"Art.eria - Leonardo Cincinelli","isPartOf":{"@id":"https:\/\/leonardocincinelli.com\/#website"},"primaryImageOfPage":{"@id":"https:\/\/leonardocincinelli.com\/art-projects\/art-eria\/#primaryimage"},"image":{"@id":"https:\/\/leonardocincinelli.com\/art-projects\/art-eria\/#primaryimage"},"thumbnailUrl":"https:\/\/leonardocincinelli.com\/wp-content\/uploads\/2025\/03\/6_resultado-scaled.webp","datePublished":"2025-03-03T16:05:52+00:00","dateModified":"2025-04-23T11:46:04+00:00","breadcrumb":{"@id":"https:\/\/leonardocincinelli.com\/art-projects\/art-eria\/#breadcrumb"},"inLanguage":"de","potentialAction":[{"@type":"ReadAction","target":["https:\/\/leonardocincinelli.com\/art-projects\/art-eria\/"]}]},{"@type":"ImageObject","inLanguage":"de","@id":"https:\/\/leonardocincinelli.com\/art-projects\/art-eria\/#primaryimage","url":"https:\/\/leonardocincinelli.com\/wp-content\/uploads\/2025\/03\/6_resultado-scaled.webp","contentUrl":"https:\/\/leonardocincinelli.com\/wp-content\/uploads\/2025\/03\/6_resultado-scaled.webp"},{"@type":"BreadcrumbList","@id":"https:\/\/leonardocincinelli.com\/art-projects\/art-eria\/#breadcrumb","itemListElement":[{"@type":"ListItem","position":1,"name":"Portada","item":"https:\/\/leonardocincinelli.com\/"},{"@type":"ListItem","position":2,"name":"Creative Projects","item":"https:\/\/leonardocincinelli.com\/art-projects\/"},{"@type":"ListItem","position":3,"name":"Art.eria"}]},{"@type":"WebSite","@id":"https:\/\/leonardocincinelli.com\/#website","url":"https:\/\/leonardocincinelli.com\/","name":"Leonardo Cincinelli","description":"Musik-Designer","publisher":{"@id":"https:\/\/leonardocincinelli.com\/#\/schema\/person\/4e8f938b0ba55bdd58344f52ffb3acf1"},"potentialAction":[{"@type":"SearchAction","target":{"@type":"EntryPoint","urlTemplate":"https:\/\/leonardocincinelli.com\/?s={search_term_string}"},"query-input":{"@type":"PropertyValueSpecification","valueRequired":true,"valueName":"search_term_string"}}],"inLanguage":"de"},{"@type":["Person","Organization"],"@id":"https:\/\/leonardocincinelli.com\/#\/schema\/person\/4e8f938b0ba55bdd58344f52ffb3acf1","name":"Leonardo Cincinelli","image":{"@type":"ImageObject","inLanguage":"de","@id":"https:\/\/leonardocincinelli.com\/wp-content\/uploads\/2025\/01\/LogoWEB-e1740150454111.png","url":"https:\/\/leonardocincinelli.com\/wp-content\/uploads\/2025\/01\/LogoWEB-e1740150454111.png","contentUrl":"https:\/\/leonardocincinelli.com\/wp-content\/uploads\/2025\/01\/LogoWEB-e1740150454111.png","width":500,"height":385,"caption":"Leonardo Cincinelli"},"logo":{"@id":"https:\/\/leonardocincinelli.com\/wp-content\/uploads\/2025\/01\/LogoWEB-e1740150454111.png"}}]}},"_hostinger_reach_plugin_has_subscription_block":false,"_hostinger_reach_plugin_is_elementor":false,"_links":{"self":[{"href":"https:\/\/leonardocincinelli.com\/de\/wp-json\/wp\/v2\/pages\/655","targetHints":{"allow":["GET"]}}],"collection":[{"href":"https:\/\/leonardocincinelli.com\/de\/wp-json\/wp\/v2\/pages"}],"about":[{"href":"https:\/\/leonardocincinelli.com\/de\/wp-json\/wp\/v2\/types\/page"}],"author":[{"embeddable":true,"href":"https:\/\/leonardocincinelli.com\/de\/wp-json\/wp\/v2\/users\/6"}],"replies":[{"embeddable":true,"href":"https:\/\/leonardocincinelli.com\/de\/wp-json\/wp\/v2\/comments?post=655"}],"version-history":[{"count":79,"href":"https:\/\/leonardocincinelli.com\/de\/wp-json\/wp\/v2\/pages\/655\/revisions"}],"predecessor-version":[{"id":1878,"href":"https:\/\/leonardocincinelli.com\/de\/wp-json\/wp\/v2\/pages\/655\/revisions\/1878"}],"up":[{"embeddable":true,"href":"https:\/\/leonardocincinelli.com\/de\/wp-json\/wp\/v2\/pages\/82"}],"wp:attachment":[{"href":"https:\/\/leonardocincinelli.com\/de\/wp-json\/wp\/v2\/media?parent=655"}],"curies":[{"name":"wp","href":"https:\/\/api.w.org\/{rel}","templated":true}]}}