{"id":694,"date":"2025-03-20T13:40:08","date_gmt":"2025-03-20T12:40:08","guid":{"rendered":"https:\/\/leonardocincinelli.com\/?page_id=694"},"modified":"2025-04-23T13:43:39","modified_gmt":"2025-04-23T11:43:39","slug":"daniele-malvisi","status":"publish","type":"page","link":"https:\/\/leonardocincinelli.com\/de\/art-projects\/daniele-malvisi\/","title":{"rendered":"Daniele Malvisi Six Group"},"content":{"rendered":"<div data-elementor-type=\"wp-page\" data-elementor-id=\"694\" class=\"elementor elementor-694\" data-elementor-post-type=\"page\">\n\t\t\t\t<div class=\"elementor-element elementor-element-4417b61f e-flex e-con-boxed e-con e-parent\" data-id=\"4417b61f\" data-element_type=\"container\" data-e-type=\"container\" data-settings=\"{&quot;background_background&quot;:&quot;classic&quot;}\">\n\t\t\t\t\t<div class=\"e-con-inner\">\n\t\t\t\t<div class=\"elementor-element elementor-element-8dc818 elementor-widget elementor-widget-heading\" data-id=\"8dc818\" data-element_type=\"widget\" data-e-type=\"widget\" data-widget_type=\"heading.default\">\n\t\t\t\t<div class=\"elementor-widget-container\">\n\t\t\t\t\t<h2 class=\"elementor-heading-title elementor-size-default\">Daniele Malvisi Six Group<\/h2>\t\t\t\t<\/div>\n\t\t\t\t<\/div>\n\t\t\t\t\t<\/div>\n\t\t\t\t<\/div>\n\t\t<div class=\"elementor-element elementor-element-4829a47 e-flex e-con-boxed e-con e-parent\" data-id=\"4829a47\" data-element_type=\"container\" data-e-type=\"container\">\n\t\t\t\t\t<div class=\"e-con-inner\">\n\t\t\t\t<div class=\"elementor-element elementor-element-d224b41 elementor-widget elementor-widget-spacer\" data-id=\"d224b41\" data-element_type=\"widget\" data-e-type=\"widget\" data-widget_type=\"spacer.default\">\n\t\t\t\t<div class=\"elementor-widget-container\">\n\t\t\t\t\t\t\t<div class=\"elementor-spacer\">\n\t\t\t<div class=\"elementor-spacer-inner\"><\/div>\n\t\t<\/div>\n\t\t\t\t\t\t<\/div>\n\t\t\t\t<\/div>\n\t\t\t\t<div class=\"elementor-element elementor-element-86623a2 elementor-widget elementor-widget-image\" data-id=\"86623a2\" data-element_type=\"widget\" data-e-type=\"widget\" data-widget_type=\"image.default\">\n\t\t\t\t<div class=\"elementor-widget-container\">\n\t\t\t\t\t\t\t\t\t\t\t\t\t\t\t<img fetchpriority=\"high\" decoding=\"async\" width=\"800\" height=\"326\" src=\"https:\/\/leonardocincinelli.com\/wp-content\/uploads\/2025\/03\/frfrfr-1024x417.png\" class=\"attachment-large size-large wp-image-1429\" alt=\"\" srcset=\"https:\/\/leonardocincinelli.com\/wp-content\/uploads\/2025\/03\/frfrfr-1024x417.png 1024w, https:\/\/leonardocincinelli.com\/wp-content\/uploads\/2025\/03\/frfrfr-300x122.png 300w, https:\/\/leonardocincinelli.com\/wp-content\/uploads\/2025\/03\/frfrfr-768x313.png 768w, https:\/\/leonardocincinelli.com\/wp-content\/uploads\/2025\/03\/frfrfr-1536x625.png 1536w, https:\/\/leonardocincinelli.com\/wp-content\/uploads\/2025\/03\/frfrfr-2048x833.png 2048w, https:\/\/leonardocincinelli.com\/wp-content\/uploads\/2025\/03\/frfrfr-18x7.png 18w\" sizes=\"(max-width: 800px) 100vw, 800px\" \/>\t\t\t\t\t\t\t\t\t\t\t\t\t\t\t<\/div>\n\t\t\t\t<\/div>\n\t\t\t\t<div class=\"elementor-element elementor-element-6c3ee51 elementor-widget elementor-widget-text-editor\" data-id=\"6c3ee51\" data-element_type=\"widget\" data-e-type=\"widget\" data-widget_type=\"text-editor.default\">\n\t\t\t\t<div class=\"elementor-widget-container\">\n\t\t\t\t\t\t\t\t\t<p data-start=\"0\" data-end=\"364\">Leonardo ist Teil der Daniele Malvisi Six Group, einem Jazz-Sextett unter der Leitung des italienischen Saxophonisten Daniele Malvisi, der als Live-Elektroniker und Arrangeur auftritt. Die Band nahm das Album <em data-start=\"211\" data-end=\"243\">Virtuous Circle of Miles Davis<\/em> (Alfa Music, 2015), das als eines der besten italienischen Jazz-Alben des Jahres von <em data-start=\"339\" data-end=\"352\">Musica Jazz<\/em> magazine.<\/p><p data-start=\"366\" data-end=\"579\">\"Daniele Malvisi erweitert seine Gruppe zu einem Sextett, um diese Hommage an Miles Davis zu liefern, in der einige der ber\u00fchmtesten Kompositionen des Trompeters in einer ausgewogenen Atmosph\u00e4re zwischen Akustik und Elektrik wieder aufgegriffen werden.<\/p><p data-start=\"581\" data-end=\"999\">Aus klanglicher Sicht ist das erste auff\u00e4llige Merkmal das Fehlen einer Trompete, die vollst\u00e4ndig durch das Tenorsaxophon des Komponisten ersetzt wird. Malvisi erz\u00e4hlt, dass er - nachdem er Davis 1986 live gesehen hatte - ausgiebig daran gearbeitet hat, Miles' Trompetensound auf sein Saxophon zu \u00fcbertragen. Die Essenz von Davis' Sound w\u00e4hrend dieser Zeit spiegelt sich in der Art und Weise wider, wie Malvisi seine Kompositionen neu arrangiert hat, einschlie\u00dflich historischer St\u00fccke aus viel fr\u00fcheren Epochen.<\/p><p data-start=\"1001\" data-end=\"1254\">Das Projekt profitiert vom Zusammenspiel zweier E-Gitarren, gespielt von Andrea Cincinelli und Giovanni Conversano, und vor allem von der Live-Elektronik von Leonardo Cincinelli, der unerwartete Kl\u00e4nge und manchmal sogar Miles' eigene Stimme einbringt.<\/p><p data-start=\"1256\" data-end=\"1650\" data-is-last-node=\"\" data-is-only-node=\"\">Die Synergie des Ensembles ist bemerkenswert: Malvisi steht nat\u00fcrlich im Mittelpunkt, die Gitarren umrahmen und erg\u00e4nzen seine Soli, unterst\u00fctzt von der exzellenten und gut aufeinander abgestimmten Rhythmusgruppe - Gianmarco Scaglia am Kontrabass und Paolo Corsi am Schlagzeug, beide langj\u00e4hrige Mitarbeiter des Leaders. Schlie\u00dflich setzt die Elektronik hier und da exzentrische und zielgerichtete Akzente.\" - <em data-start=\"1632\" data-end=\"1650\" data-is-last-node=\"\">AllAboutJazz.com<\/em><\/p>\t\t\t\t\t\t\t\t<\/div>\n\t\t\t\t<\/div>\n\t\t\t\t\t<\/div>\n\t\t\t\t<\/div>\n\t\t<div class=\"elementor-element elementor-element-a072cc0 e-flex e-con-boxed e-con e-parent\" data-id=\"a072cc0\" data-element_type=\"container\" data-e-type=\"container\">\n\t\t\t\t\t<div class=\"e-con-inner\">\n\t\t<div class=\"elementor-element elementor-element-d3c6c5a e-con-full e-flex e-con e-child\" data-id=\"d3c6c5a\" data-element_type=\"container\" data-e-type=\"container\">\n\t\t\t\t<div class=\"elementor-element elementor-element-3974a13 elementor-widget elementor-widget-video\" data-id=\"3974a13\" data-element_type=\"widget\" data-e-type=\"widget\" data-settings=\"{&quot;youtube_url&quot;:&quot;https:\\\/\\\/youtu.be\\\/SaIe5pe02JE&quot;,&quot;video_type&quot;:&quot;youtube&quot;,&quot;controls&quot;:&quot;yes&quot;}\" data-widget_type=\"video.default\">\n\t\t\t\t<div class=\"elementor-widget-container\">\n\t\t\t\t\t\t\t<div class=\"elementor-wrapper elementor-open-inline\">\n\t\t\t<div class=\"elementor-video\"><\/div>\t\t<\/div>\n\t\t\t\t\t\t<\/div>\n\t\t\t\t<\/div>\n\t\t\t\t<div class=\"elementor-element elementor-element-26cae0c elementor-widget elementor-widget-html\" data-id=\"26cae0c\" data-element_type=\"widget\" data-e-type=\"widget\" data-widget_type=\"html.default\">\n\t\t\t\t<div class=\"elementor-widget-container\">\n\t\t\t\t\t<iframe style=\"border-radius:12px\"\r\nsrc=\"https:\/\/open.spotify.com\/embed\/album\/21fyrOWEZDxFyl0YshQzbE?utm_source=generator\" width=\"100%\" height=\"352\" frameborder=\"0\" allowfullscreen=\"\"\r\nallow=\"autoplay; clipboard-write; encrypted-media; fullscreen; picture-in-picture\" loading=\"lazy\">\r\n<\/iframe>\t\t\t\t<\/div>\n\t\t\t\t<\/div>\n\t\t\t\t<\/div>\n\t\t\t\t\t<\/div>\n\t\t\t\t<\/div>\n\t\t\t\t<\/div>","protected":false},"excerpt":{"rendered":"<p>Leonardo is part of the Daniele Malvisi Six Group, a jazz sextet led by Italian saxophonist Daniele Malvisi, performing as a live electronics artist and arranger. The band recorded the album Virtuous Circle of Miles Davis (Alfa Music, 2015), which was recognized as one of the best Italian jazz albums of the year by Musica [&hellip;]<\/p>\n","protected":false},"author":8,"featured_media":0,"parent":82,"menu_order":0,"comment_status":"closed","ping_status":"closed","template":"elementor_header_footer","meta":{"footnotes":""},"class_list":["post-694","page","type-page","status-publish","hentry"],"yoast_head":"<!-- This site is optimized with the Yoast SEO plugin v27.3 - https:\/\/yoast.com\/product\/yoast-seo-wordpress\/ -->\n<title>Daniele Malvisi Six Group - Leonardo Cincinelli<\/title>\n<meta name=\"robots\" content=\"index, follow, max-snippet:-1, max-image-preview:large, max-video-preview:-1\" \/>\n<link rel=\"canonical\" href=\"https:\/\/leonardocincinelli.com\/de\/art-projects\/daniele-malvisi\/\" \/>\n<meta property=\"og:locale\" content=\"de_DE\" \/>\n<meta property=\"og:type\" content=\"article\" \/>\n<meta property=\"og:title\" content=\"Daniele Malvisi Six Group - Leonardo Cincinelli\" \/>\n<meta property=\"og:description\" content=\"Leonardo is part of the Daniele Malvisi Six Group, a jazz sextet led by Italian saxophonist Daniele Malvisi, performing as a live electronics artist and arranger. The band recorded the album Virtuous Circle of Miles Davis (Alfa Music, 2015), which was recognized as one of the best Italian jazz albums of the year by Musica [&hellip;]\" \/>\n<meta property=\"og:url\" content=\"https:\/\/leonardocincinelli.com\/de\/art-projects\/daniele-malvisi\/\" \/>\n<meta property=\"og:site_name\" content=\"Leonardo Cincinelli\" \/>\n<meta property=\"article:modified_time\" content=\"2025-04-23T11:43:39+00:00\" \/>\n<meta property=\"og:image\" content=\"https:\/\/leonardocincinelli.com\/wp-content\/uploads\/2025\/03\/frfrfr-1024x417.png\" \/>\n\t<meta property=\"og:image:width\" content=\"1024\" \/>\n\t<meta property=\"og:image:height\" content=\"417\" \/>\n\t<meta property=\"og:image:type\" content=\"image\/png\" \/>\n<meta name=\"twitter:card\" content=\"summary_large_image\" \/>\n<meta name=\"twitter:label1\" content=\"Gesch\u00e4tzte Lesezeit\" \/>\n\t<meta name=\"twitter:data1\" content=\"2\u00a0Minuten\" \/>\n<script type=\"application\/ld+json\" class=\"yoast-schema-graph\">{\"@context\":\"https:\\\/\\\/schema.org\",\"@graph\":[{\"@type\":\"WebPage\",\"@id\":\"https:\\\/\\\/leonardocincinelli.com\\\/art-projects\\\/daniele-malvisi\\\/\",\"url\":\"https:\\\/\\\/leonardocincinelli.com\\\/art-projects\\\/daniele-malvisi\\\/\",\"name\":\"Daniele Malvisi Six Group - Leonardo Cincinelli\",\"isPartOf\":{\"@id\":\"https:\\\/\\\/leonardocincinelli.com\\\/#website\"},\"primaryImageOfPage\":{\"@id\":\"https:\\\/\\\/leonardocincinelli.com\\\/art-projects\\\/daniele-malvisi\\\/#primaryimage\"},\"image\":{\"@id\":\"https:\\\/\\\/leonardocincinelli.com\\\/art-projects\\\/daniele-malvisi\\\/#primaryimage\"},\"thumbnailUrl\":\"https:\\\/\\\/leonardocincinelli.com\\\/wp-content\\\/uploads\\\/2025\\\/03\\\/frfrfr-1024x417.png\",\"datePublished\":\"2025-03-20T12:40:08+00:00\",\"dateModified\":\"2025-04-23T11:43:39+00:00\",\"breadcrumb\":{\"@id\":\"https:\\\/\\\/leonardocincinelli.com\\\/art-projects\\\/daniele-malvisi\\\/#breadcrumb\"},\"inLanguage\":\"de\",\"potentialAction\":[{\"@type\":\"ReadAction\",\"target\":[\"https:\\\/\\\/leonardocincinelli.com\\\/art-projects\\\/daniele-malvisi\\\/\"]}]},{\"@type\":\"ImageObject\",\"inLanguage\":\"de\",\"@id\":\"https:\\\/\\\/leonardocincinelli.com\\\/art-projects\\\/daniele-malvisi\\\/#primaryimage\",\"url\":\"https:\\\/\\\/leonardocincinelli.com\\\/wp-content\\\/uploads\\\/2025\\\/03\\\/frfrfr-1024x417.png\",\"contentUrl\":\"https:\\\/\\\/leonardocincinelli.com\\\/wp-content\\\/uploads\\\/2025\\\/03\\\/frfrfr-1024x417.png\"},{\"@type\":\"BreadcrumbList\",\"@id\":\"https:\\\/\\\/leonardocincinelli.com\\\/art-projects\\\/daniele-malvisi\\\/#breadcrumb\",\"itemListElement\":[{\"@type\":\"ListItem\",\"position\":1,\"name\":\"Portada\",\"item\":\"https:\\\/\\\/leonardocincinelli.com\\\/\"},{\"@type\":\"ListItem\",\"position\":2,\"name\":\"Creative Projects\",\"item\":\"https:\\\/\\\/leonardocincinelli.com\\\/art-projects\\\/\"},{\"@type\":\"ListItem\",\"position\":3,\"name\":\"Daniele Malvisi Six Group\"}]},{\"@type\":\"WebSite\",\"@id\":\"https:\\\/\\\/leonardocincinelli.com\\\/#website\",\"url\":\"https:\\\/\\\/leonardocincinelli.com\\\/\",\"name\":\"Leonardo Cincinelli\",\"description\":\"Music Designer\",\"publisher\":{\"@id\":\"https:\\\/\\\/leonardocincinelli.com\\\/#\\\/schema\\\/person\\\/4e8f938b0ba55bdd58344f52ffb3acf1\"},\"potentialAction\":[{\"@type\":\"SearchAction\",\"target\":{\"@type\":\"EntryPoint\",\"urlTemplate\":\"https:\\\/\\\/leonardocincinelli.com\\\/?s={search_term_string}\"},\"query-input\":{\"@type\":\"PropertyValueSpecification\",\"valueRequired\":true,\"valueName\":\"search_term_string\"}}],\"inLanguage\":\"de\"},{\"@type\":[\"Person\",\"Organization\"],\"@id\":\"https:\\\/\\\/leonardocincinelli.com\\\/#\\\/schema\\\/person\\\/4e8f938b0ba55bdd58344f52ffb3acf1\",\"name\":\"Leonardo Cincinelli\",\"image\":{\"@type\":\"ImageObject\",\"inLanguage\":\"de\",\"@id\":\"https:\\\/\\\/leonardocincinelli.com\\\/wp-content\\\/uploads\\\/2025\\\/01\\\/LogoWEB-e1740150454111.png\",\"url\":\"https:\\\/\\\/leonardocincinelli.com\\\/wp-content\\\/uploads\\\/2025\\\/01\\\/LogoWEB-e1740150454111.png\",\"contentUrl\":\"https:\\\/\\\/leonardocincinelli.com\\\/wp-content\\\/uploads\\\/2025\\\/01\\\/LogoWEB-e1740150454111.png\",\"width\":500,\"height\":385,\"caption\":\"Leonardo Cincinelli\"},\"logo\":{\"@id\":\"https:\\\/\\\/leonardocincinelli.com\\\/wp-content\\\/uploads\\\/2025\\\/01\\\/LogoWEB-e1740150454111.png\"}}]}<\/script>\n<!-- \/ Yoast SEO plugin. -->","yoast_head_json":{"title":"Daniele Malvisi Six Group - Leonardo Cincinelli","robots":{"index":"index","follow":"follow","max-snippet":"max-snippet:-1","max-image-preview":"max-image-preview:large","max-video-preview":"max-video-preview:-1"},"canonical":"https:\/\/leonardocincinelli.com\/de\/art-projects\/daniele-malvisi\/","og_locale":"de_DE","og_type":"article","og_title":"Daniele Malvisi Six Group - Leonardo Cincinelli","og_description":"Leonardo is part of the Daniele Malvisi Six Group, a jazz sextet led by Italian saxophonist Daniele Malvisi, performing as a live electronics artist and arranger. The band recorded the album Virtuous Circle of Miles Davis (Alfa Music, 2015), which was recognized as one of the best Italian jazz albums of the year by Musica [&hellip;]","og_url":"https:\/\/leonardocincinelli.com\/de\/art-projects\/daniele-malvisi\/","og_site_name":"Leonardo Cincinelli","article_modified_time":"2025-04-23T11:43:39+00:00","og_image":[{"width":1024,"height":417,"url":"https:\/\/leonardocincinelli.com\/wp-content\/uploads\/2025\/03\/frfrfr-1024x417.png","type":"image\/png"}],"twitter_card":"summary_large_image","twitter_misc":{"Gesch\u00e4tzte Lesezeit":"2\u00a0Minuten"},"schema":{"@context":"https:\/\/schema.org","@graph":[{"@type":"WebPage","@id":"https:\/\/leonardocincinelli.com\/art-projects\/daniele-malvisi\/","url":"https:\/\/leonardocincinelli.com\/art-projects\/daniele-malvisi\/","name":"Daniele Malvisi Six Group - Leonardo Cincinelli","isPartOf":{"@id":"https:\/\/leonardocincinelli.com\/#website"},"primaryImageOfPage":{"@id":"https:\/\/leonardocincinelli.com\/art-projects\/daniele-malvisi\/#primaryimage"},"image":{"@id":"https:\/\/leonardocincinelli.com\/art-projects\/daniele-malvisi\/#primaryimage"},"thumbnailUrl":"https:\/\/leonardocincinelli.com\/wp-content\/uploads\/2025\/03\/frfrfr-1024x417.png","datePublished":"2025-03-20T12:40:08+00:00","dateModified":"2025-04-23T11:43:39+00:00","breadcrumb":{"@id":"https:\/\/leonardocincinelli.com\/art-projects\/daniele-malvisi\/#breadcrumb"},"inLanguage":"de","potentialAction":[{"@type":"ReadAction","target":["https:\/\/leonardocincinelli.com\/art-projects\/daniele-malvisi\/"]}]},{"@type":"ImageObject","inLanguage":"de","@id":"https:\/\/leonardocincinelli.com\/art-projects\/daniele-malvisi\/#primaryimage","url":"https:\/\/leonardocincinelli.com\/wp-content\/uploads\/2025\/03\/frfrfr-1024x417.png","contentUrl":"https:\/\/leonardocincinelli.com\/wp-content\/uploads\/2025\/03\/frfrfr-1024x417.png"},{"@type":"BreadcrumbList","@id":"https:\/\/leonardocincinelli.com\/art-projects\/daniele-malvisi\/#breadcrumb","itemListElement":[{"@type":"ListItem","position":1,"name":"Portada","item":"https:\/\/leonardocincinelli.com\/"},{"@type":"ListItem","position":2,"name":"Creative Projects","item":"https:\/\/leonardocincinelli.com\/art-projects\/"},{"@type":"ListItem","position":3,"name":"Daniele Malvisi Six Group"}]},{"@type":"WebSite","@id":"https:\/\/leonardocincinelli.com\/#website","url":"https:\/\/leonardocincinelli.com\/","name":"Leonardo Cincinelli","description":"Musik-Designer","publisher":{"@id":"https:\/\/leonardocincinelli.com\/#\/schema\/person\/4e8f938b0ba55bdd58344f52ffb3acf1"},"potentialAction":[{"@type":"SearchAction","target":{"@type":"EntryPoint","urlTemplate":"https:\/\/leonardocincinelli.com\/?s={search_term_string}"},"query-input":{"@type":"PropertyValueSpecification","valueRequired":true,"valueName":"search_term_string"}}],"inLanguage":"de"},{"@type":["Person","Organization"],"@id":"https:\/\/leonardocincinelli.com\/#\/schema\/person\/4e8f938b0ba55bdd58344f52ffb3acf1","name":"Leonardo Cincinelli","image":{"@type":"ImageObject","inLanguage":"de","@id":"https:\/\/leonardocincinelli.com\/wp-content\/uploads\/2025\/01\/LogoWEB-e1740150454111.png","url":"https:\/\/leonardocincinelli.com\/wp-content\/uploads\/2025\/01\/LogoWEB-e1740150454111.png","contentUrl":"https:\/\/leonardocincinelli.com\/wp-content\/uploads\/2025\/01\/LogoWEB-e1740150454111.png","width":500,"height":385,"caption":"Leonardo Cincinelli"},"logo":{"@id":"https:\/\/leonardocincinelli.com\/wp-content\/uploads\/2025\/01\/LogoWEB-e1740150454111.png"}}]}},"_hostinger_reach_plugin_has_subscription_block":false,"_hostinger_reach_plugin_is_elementor":false,"_links":{"self":[{"href":"https:\/\/leonardocincinelli.com\/de\/wp-json\/wp\/v2\/pages\/694","targetHints":{"allow":["GET"]}}],"collection":[{"href":"https:\/\/leonardocincinelli.com\/de\/wp-json\/wp\/v2\/pages"}],"about":[{"href":"https:\/\/leonardocincinelli.com\/de\/wp-json\/wp\/v2\/types\/page"}],"author":[{"embeddable":true,"href":"https:\/\/leonardocincinelli.com\/de\/wp-json\/wp\/v2\/users\/8"}],"replies":[{"embeddable":true,"href":"https:\/\/leonardocincinelli.com\/de\/wp-json\/wp\/v2\/comments?post=694"}],"version-history":[{"count":59,"href":"https:\/\/leonardocincinelli.com\/de\/wp-json\/wp\/v2\/pages\/694\/revisions"}],"predecessor-version":[{"id":1875,"href":"https:\/\/leonardocincinelli.com\/de\/wp-json\/wp\/v2\/pages\/694\/revisions\/1875"}],"up":[{"embeddable":true,"href":"https:\/\/leonardocincinelli.com\/de\/wp-json\/wp\/v2\/pages\/82"}],"wp:attachment":[{"href":"https:\/\/leonardocincinelli.com\/de\/wp-json\/wp\/v2\/media?parent=694"}],"curies":[{"name":"wp","href":"https:\/\/api.w.org\/{rel}","templated":true}]}}