{"id":698,"date":"2025-03-20T13:41:05","date_gmt":"2025-03-20T12:41:05","guid":{"rendered":"https:\/\/leonardocincinelli.com\/?page_id=698"},"modified":"2026-01-17T21:52:51","modified_gmt":"2026-01-17T20:52:51","slug":"free-improvisation","status":"publish","type":"page","link":"https:\/\/leonardocincinelli.com\/de\/art-projects\/free-improvisation\/","title":{"rendered":"Die freie Improvisation"},"content":{"rendered":"<div data-elementor-type=\"wp-page\" data-elementor-id=\"698\" class=\"elementor elementor-698\" data-elementor-post-type=\"page\">\n\t\t\t\t<div class=\"elementor-element elementor-element-7b73ff08 e-flex e-con-boxed e-con e-parent\" data-id=\"7b73ff08\" data-element_type=\"container\" data-e-type=\"container\" data-settings=\"{&quot;background_background&quot;:&quot;classic&quot;}\">\n\t\t\t\t\t<div class=\"e-con-inner\">\n\t\t\t\t<div class=\"elementor-element elementor-element-206ecc9a elementor-widget elementor-widget-heading\" data-id=\"206ecc9a\" data-element_type=\"widget\" data-e-type=\"widget\" data-widget_type=\"heading.default\">\n\t\t\t\t<div class=\"elementor-widget-container\">\n\t\t\t\t\t<h2 class=\"elementor-heading-title elementor-size-default\">Die freie Improvisation<\/h2>\t\t\t\t<\/div>\n\t\t\t\t<\/div>\n\t\t\t\t\t<\/div>\n\t\t\t\t<\/div>\n\t\t<div class=\"elementor-element elementor-element-7f8dc2a e-flex e-con-boxed e-con e-parent\" data-id=\"7f8dc2a\" data-element_type=\"container\" data-e-type=\"container\">\n\t\t\t\t\t<div class=\"e-con-inner\">\n\t\t<div class=\"elementor-element elementor-element-4e32513c e-con-full e-flex e-con e-child\" data-id=\"4e32513c\" data-element_type=\"container\" data-e-type=\"container\">\n\t\t\t\t<div class=\"elementor-element elementor-element-6051e6ca elementor-widget elementor-widget-text-editor\" data-id=\"6051e6ca\" data-element_type=\"widget\" data-e-type=\"widget\" data-widget_type=\"text-editor.default\">\n\t\t\t\t<div class=\"elementor-widget-container\">\n\t\t\t\t\t\t\t\t\t<p data-start=\"0\" data-end=\"217\">Die Improvisation war schon immer ein zentrales Element in Leonardos k\u00fcnstlerischer Arbeit, und die Suche nach neuen Wegen, sie in die unterschiedlichsten Kontexte - vom Jazz bis zum Clubbing - zu integrieren, ist nicht nur eine starke Motivationsquelle, sondern auch eine pers\u00f6nliche Herausforderung.<\/p><p data-start=\"219\" data-end=\"952\">In den letzten Jahren hat sich Leonardo den radikalsten Formen der freien Improvisation zugewandt, immer neue Klanglandschaften erkundet und mit experimentellen Musikern aus Barcelonas pulsierender Underground-Szene zusammengearbeitet.<br data-start=\"376\" data-end=\"379\" \/>Diese fortlaufende Erkundung ist in einer Reihe von Studioaufnahmen mit verschiedenen Ensembles dokumentiert, darunter <strong>Jazz Doesn\u2019t Like You<\/strong>, <strong>Otrotrio<\/strong>und <strong>La Otra Band<\/strong>in Zusammenarbeit mit dem Gitarristen Olivier Jambois, dem Kontrabassisten Mauro Battisti, dem Schlagzeuger Mariano Camarasa, dem Saxophonisten Andrew Baker und vielen anderen.<br data-start=\"664\" data-end=\"667\" \/>Er ist auch der Gr\u00fcnder von <strong>La Otra Jam<\/strong> - ein regelm\u00e4\u00dfiges Jam-Session- und Kreativlabor f\u00fcr improvisierte Musik, in dem schon Musiker wie Josep Maria Balany\u00e0, Liba Villavecchia, El Pricto, Pablo Selnik und viele andere zu Gast waren.<\/p><p class=\"\" data-start=\"125\" data-end=\"632\"><em>\"Ich glaube, dass Live-Musik ohne Improvisation ihren Sinn verliert.<\/em><br data-start=\"196\" data-end=\"199\" \/><em>Ich m\u00f6chte nicht einfach nur Dinge wiederholen, die bereits in einem Proberaum, in meinem Studio oder auch nur in meinem Kopf passiert sind - das ist, als w\u00fcrde ich ein Gedicht auswendig aufsagen, anstatt einen echten Dialog mit dem Publikum und den anderen Musikern zu suchen.<\/em><br data-start=\"438\" data-end=\"441\" \/><em>Ich will \u00dcberraschung! Ich m\u00f6chte beim Spielen an unbekannte Orte reisen. Es gibt bereits so viel Musik, bei der man vom ersten Moment an mehr oder weniger wei\u00df, wie sie enden wird...<\/em><\/p><p class=\"\" data-start=\"634\" data-end=\"1122\"><em>Meiner Erfahrung nach gibt es nichts Wirkungsvolleres, als Raum f\u00fcr spontane Kreativit\u00e4t zu lassen.<\/em><br data-start=\"725\" data-end=\"728\" \/><em>Es kann riskant sein, und man muss Chaos und \"H\u00e4sslichkeit\" in Kauf nehmen, aber die interessantesten Dinge - f\u00fcr mich - k\u00f6nnen nur auf diese Weise entstehen, wenn auch nur f\u00fcr einen Moment.<\/em><br data-start=\"885\" data-end=\"888\" \/><em>Man muss die T\u00fcr offen lassen f\u00fcr die Dinge, die pl\u00f6tzlich auftauchen - Dinge, die sich niemand je h\u00e4tte vorstellen, planen oder zusammenstellen k\u00f6nnen.<\/em><br data-start=\"1021\" data-end=\"1024\" \/><em>Etwas, das nur hier und jetzt passiert, in dieser Situation, in diesem Raum, mit dieser Akustik.<\/em><\/p><p class=\"\" data-start=\"1124\" data-end=\"1275\"><em>Ich lebe f\u00fcr diese Momente - f\u00fcr die unerwarteten Kl\u00e4nge, f\u00fcr diese Art von Musik, f\u00fcr die es sich lohnt, das Haus zu verlassen, sowohl buchst\u00e4blich als auch metaphorisch.\"\u00a0<\/em><\/p><p class=\"\" data-start=\"1124\" data-end=\"1275\">- Leonardo<\/p>\t\t\t\t\t\t\t\t<\/div>\n\t\t\t\t<\/div>\n\t\t\t\t<\/div>\n\t\t<div class=\"elementor-element elementor-element-4817536f e-con-full e-flex e-con e-child\" data-id=\"4817536f\" data-element_type=\"container\" data-e-type=\"container\">\n\t\t\t\t<div class=\"elementor-element elementor-element-57fe257 elementor-widget elementor-widget-html\" data-id=\"57fe257\" data-element_type=\"widget\" data-e-type=\"widget\" data-widget_type=\"html.default\">\n\t\t\t\t<div class=\"elementor-widget-container\">\n\t\t\t\t\t<iframe width=\"560\" height=\"315\" src=\"https:\/\/www.youtube.com\/embed\/OF2wyAxD5WM?si=G63EoQygcoicmgZW\" title=\"YouTube-Video-Player\" frameborder=\"0\" allow=\"accelerometer; autoplay; clipboard-write; encrypted-media; gyroscope; picture-in-picture; web-share\" referrerpolicy=\"strict-origin-when-cross-origin\" allowfullscreen><\/iframe>\t\t\t\t<\/div>\n\t\t\t\t<\/div>\n\t\t\t\t<div class=\"elementor-element elementor-element-c4f8f81 elementor-widget elementor-widget-html\" data-id=\"c4f8f81\" data-element_type=\"widget\" data-e-type=\"widget\" data-widget_type=\"html.default\">\n\t\t\t\t<div class=\"elementor-widget-container\">\n\t\t\t\t\t<iframe width=\"560\" height=\"315\" src=\"https:\/\/www.youtube.com\/embed\/XqruwOHNYTU?si=gk543ddtZzs1Lj14\" title=\"YouTube-Video-Player\" frameborder=\"0\" allow=\"accelerometer; autoplay; clipboard-write; encrypted-media; gyroscope; picture-in-picture; web-share\" referrerpolicy=\"strict-origin-when-cross-origin\" allowfullscreen><\/iframe>\t\t\t\t<\/div>\n\t\t\t\t<\/div>\n\t\t\t\t<div class=\"elementor-element elementor-element-627925c elementor-widget elementor-widget-html\" data-id=\"627925c\" data-element_type=\"widget\" data-e-type=\"widget\" data-widget_type=\"html.default\">\n\t\t\t\t<div class=\"elementor-widget-container\">\n\t\t\t\t\t<iframe width=\"560\" height=\"315\" src=\"https:\/\/www.youtube.com\/embed\/iY4zaMz6ryA?si=q5f6JUTkoX_r6CoS\" title=\"YouTube-Video-Player\" frameborder=\"0\" allow=\"accelerometer; autoplay; clipboard-write; encrypted-media; gyroscope; picture-in-picture; web-share\" referrerpolicy=\"strict-origin-when-cross-origin\" allowfullscreen><\/iframe>\t\t\t\t<\/div>\n\t\t\t\t<\/div>\n\t\t\t\t<\/div>\n\t\t\t\t\t<\/div>\n\t\t\t\t<\/div>\n\t\t<div class=\"elementor-element elementor-element-47ce931 e-flex e-con-boxed e-con e-parent\" data-id=\"47ce931\" data-element_type=\"container\" data-e-type=\"container\">\n\t\t\t\t\t<div class=\"e-con-inner\">\n\t\t<div class=\"elementor-element elementor-element-9635ccb e-con-full e-flex e-con e-child\" data-id=\"9635ccb\" data-element_type=\"container\" data-e-type=\"container\">\n\t\t\t\t<div class=\"elementor-element elementor-element-8cfe537 elementor-widget elementor-widget-image\" data-id=\"8cfe537\" data-element_type=\"widget\" data-e-type=\"widget\" data-widget_type=\"image.default\">\n\t\t\t\t<div class=\"elementor-widget-container\">\n\t\t\t\t\t\t\t\t\t\t\t\t\t\t\t<img fetchpriority=\"high\" decoding=\"async\" width=\"1080\" height=\"1351\" src=\"https:\/\/leonardocincinelli.com\/wp-content\/uploads\/2025\/03\/4-La-otra-jam-copia-3.png\" class=\"attachment-full size-full wp-image-789\" alt=\"\" srcset=\"https:\/\/leonardocincinelli.com\/wp-content\/uploads\/2025\/03\/4-La-otra-jam-copia-3.png 1080w, https:\/\/leonardocincinelli.com\/wp-content\/uploads\/2025\/03\/4-La-otra-jam-copia-3-240x300.png 240w, https:\/\/leonardocincinelli.com\/wp-content\/uploads\/2025\/03\/4-La-otra-jam-copia-3-819x1024.png 819w, https:\/\/leonardocincinelli.com\/wp-content\/uploads\/2025\/03\/4-La-otra-jam-copia-3-768x961.png 768w, https:\/\/leonardocincinelli.com\/wp-content\/uploads\/2025\/03\/4-La-otra-jam-copia-3-10x12.png 10w\" sizes=\"(max-width: 1080px) 100vw, 1080px\" \/>\t\t\t\t\t\t\t\t\t\t\t\t\t\t\t<\/div>\n\t\t\t\t<\/div>\n\t\t\t\t<div class=\"elementor-element elementor-element-44bd3a3 elementor-widget elementor-widget-html\" data-id=\"44bd3a3\" data-element_type=\"widget\" data-e-type=\"widget\" data-widget_type=\"html.default\">\n\t\t\t\t<div class=\"elementor-widget-container\">\n\t\t\t\t\t<iframe style=\"border: 0; width: 350px; height: 470px;\" src=\"https:\/\/bandcamp.com\/EmbeddedPlayer\/album=2410325216\/size=large\/bgcol=ffffff\/linkcol=2ebd35\/tracklist=false\/transparent=true\/\" seamless><a href=\"https:\/\/empty6pack.bandcamp.com\/album\/la-otra-jam\">La Otra Jam von La Otra Band<\/a><\/iframe>\t\t\t\t<\/div>\n\t\t\t\t<\/div>\n\t\t\t\t<div class=\"elementor-element elementor-element-725612a elementor-widget elementor-widget-html\" data-id=\"725612a\" data-element_type=\"widget\" data-e-type=\"widget\" data-widget_type=\"html.default\">\n\t\t\t\t<div class=\"elementor-widget-container\">\n\t\t\t\t\t<iframe style=\"border-radius:12px\"\r\nsrc=\"https:\/\/open.spotify.com\/embed\/artist\/1VREtd5ZOp3s18BYDbsG6v?utm_source=generator\" width=\"100%\" height=\"352\" frameborder=\"0\" allowfullscreen=\"\"\r\nallow=\"autoplay; clipboard-write; encrypted-media; fullscreen; picture-in-picture\" loading=\"lazy\">\r\n<\/iframe>\t\t\t\t<\/div>\n\t\t\t\t<\/div>\n\t\t\t\t<div class=\"elementor-element elementor-element-7159238 elementor-widget elementor-widget-html\" data-id=\"7159238\" data-element_type=\"widget\" data-e-type=\"widget\" data-widget_type=\"html.default\">\n\t\t\t\t<div class=\"elementor-widget-container\">\n\t\t\t\t\t<iframe style=\"border-radius:12px\"\r\nsrc=\"https:\/\/open.spotify.com\/embed\/artist\/3q91iQdF6HWRyjSVwk91GY?utm_source=generator\" width=\"100%\" height=\"352\" frameborder=\"0\" allowfullscreen=\"\"\r\nallow=\"autoplay; clipboard-write; encrypted-media; fullscreen; picture-in-picture\" loading=\"lazy\">\r\n    <\/iframe>\t\t\t\t<\/div>\n\t\t\t\t<\/div>\n\t\t\t\t<\/div>\n\t\t\t\t\t<\/div>\n\t\t\t\t<\/div>\n\t\t\t\t<\/div>","protected":false},"excerpt":{"rendered":"<p>Improvisation has always been a central element in Leonardo\u2019s artistic work, and the search for new ways to integrate it into the most diverse contexts \u2014 from jazz, of course, to clubbing \u2014 represents not only a strong source of motivation but also a personal challenge. In recent years, Leonardo has embraced the most radical [&hellip;]<\/p>\n","protected":false},"author":8,"featured_media":0,"parent":82,"menu_order":0,"comment_status":"closed","ping_status":"closed","template":"elementor_header_footer","meta":{"footnotes":""},"class_list":["post-698","page","type-page","status-publish","hentry"],"yoast_head":"<!-- This site is optimized with the Yoast SEO plugin v27.3 - https:\/\/yoast.com\/product\/yoast-seo-wordpress\/ -->\n<title>The Free Improvisation - Leonardo Cincinelli<\/title>\n<meta name=\"robots\" content=\"index, follow, max-snippet:-1, max-image-preview:large, max-video-preview:-1\" \/>\n<link rel=\"canonical\" href=\"https:\/\/leonardocincinelli.com\/de\/art-projects\/free-improvisation\/\" \/>\n<meta property=\"og:locale\" content=\"de_DE\" \/>\n<meta property=\"og:type\" content=\"article\" \/>\n<meta property=\"og:title\" content=\"The Free Improvisation - Leonardo Cincinelli\" \/>\n<meta property=\"og:description\" content=\"Improvisation has always been a central element in Leonardo\u2019s artistic work, and the search for new ways to integrate it into the most diverse contexts \u2014 from jazz, of course, to clubbing \u2014 represents not only a strong source of motivation but also a personal challenge. In recent years, Leonardo has embraced the most radical [&hellip;]\" \/>\n<meta property=\"og:url\" content=\"https:\/\/leonardocincinelli.com\/de\/art-projects\/free-improvisation\/\" \/>\n<meta property=\"og:site_name\" content=\"Leonardo Cincinelli\" \/>\n<meta property=\"article:modified_time\" content=\"2026-01-17T20:52:51+00:00\" \/>\n<meta property=\"og:image\" content=\"https:\/\/leonardocincinelli.com\/wp-content\/uploads\/2025\/03\/4-La-otra-jam-copia-3.png\" \/>\n\t<meta property=\"og:image:width\" content=\"1080\" \/>\n\t<meta property=\"og:image:height\" content=\"1351\" \/>\n\t<meta property=\"og:image:type\" content=\"image\/png\" \/>\n<meta name=\"twitter:card\" content=\"summary_large_image\" \/>\n<meta name=\"twitter:label1\" content=\"Gesch\u00e4tzte Lesezeit\" \/>\n\t<meta name=\"twitter:data1\" content=\"2\u00a0Minuten\" \/>\n<script type=\"application\/ld+json\" class=\"yoast-schema-graph\">{\"@context\":\"https:\\\/\\\/schema.org\",\"@graph\":[{\"@type\":\"WebPage\",\"@id\":\"https:\\\/\\\/leonardocincinelli.com\\\/art-projects\\\/free-improvisation\\\/\",\"url\":\"https:\\\/\\\/leonardocincinelli.com\\\/art-projects\\\/free-improvisation\\\/\",\"name\":\"The Free Improvisation - Leonardo Cincinelli\",\"isPartOf\":{\"@id\":\"https:\\\/\\\/leonardocincinelli.com\\\/#website\"},\"primaryImageOfPage\":{\"@id\":\"https:\\\/\\\/leonardocincinelli.com\\\/art-projects\\\/free-improvisation\\\/#primaryimage\"},\"image\":{\"@id\":\"https:\\\/\\\/leonardocincinelli.com\\\/art-projects\\\/free-improvisation\\\/#primaryimage\"},\"thumbnailUrl\":\"https:\\\/\\\/leonardocincinelli.com\\\/wp-content\\\/uploads\\\/2025\\\/03\\\/4-La-otra-jam-copia-3.png\",\"datePublished\":\"2025-03-20T12:41:05+00:00\",\"dateModified\":\"2026-01-17T20:52:51+00:00\",\"breadcrumb\":{\"@id\":\"https:\\\/\\\/leonardocincinelli.com\\\/art-projects\\\/free-improvisation\\\/#breadcrumb\"},\"inLanguage\":\"de\",\"potentialAction\":[{\"@type\":\"ReadAction\",\"target\":[\"https:\\\/\\\/leonardocincinelli.com\\\/art-projects\\\/free-improvisation\\\/\"]}]},{\"@type\":\"ImageObject\",\"inLanguage\":\"de\",\"@id\":\"https:\\\/\\\/leonardocincinelli.com\\\/art-projects\\\/free-improvisation\\\/#primaryimage\",\"url\":\"https:\\\/\\\/leonardocincinelli.com\\\/wp-content\\\/uploads\\\/2025\\\/03\\\/4-La-otra-jam-copia-3.png\",\"contentUrl\":\"https:\\\/\\\/leonardocincinelli.com\\\/wp-content\\\/uploads\\\/2025\\\/03\\\/4-La-otra-jam-copia-3.png\"},{\"@type\":\"BreadcrumbList\",\"@id\":\"https:\\\/\\\/leonardocincinelli.com\\\/art-projects\\\/free-improvisation\\\/#breadcrumb\",\"itemListElement\":[{\"@type\":\"ListItem\",\"position\":1,\"name\":\"Portada\",\"item\":\"https:\\\/\\\/leonardocincinelli.com\\\/\"},{\"@type\":\"ListItem\",\"position\":2,\"name\":\"Creative Projects\",\"item\":\"https:\\\/\\\/leonardocincinelli.com\\\/art-projects\\\/\"},{\"@type\":\"ListItem\",\"position\":3,\"name\":\"The Free Improvisation\"}]},{\"@type\":\"WebSite\",\"@id\":\"https:\\\/\\\/leonardocincinelli.com\\\/#website\",\"url\":\"https:\\\/\\\/leonardocincinelli.com\\\/\",\"name\":\"Leonardo Cincinelli\",\"description\":\"Music Designer\",\"publisher\":{\"@id\":\"https:\\\/\\\/leonardocincinelli.com\\\/#\\\/schema\\\/person\\\/4e8f938b0ba55bdd58344f52ffb3acf1\"},\"potentialAction\":[{\"@type\":\"SearchAction\",\"target\":{\"@type\":\"EntryPoint\",\"urlTemplate\":\"https:\\\/\\\/leonardocincinelli.com\\\/?s={search_term_string}\"},\"query-input\":{\"@type\":\"PropertyValueSpecification\",\"valueRequired\":true,\"valueName\":\"search_term_string\"}}],\"inLanguage\":\"de\"},{\"@type\":[\"Person\",\"Organization\"],\"@id\":\"https:\\\/\\\/leonardocincinelli.com\\\/#\\\/schema\\\/person\\\/4e8f938b0ba55bdd58344f52ffb3acf1\",\"name\":\"Leonardo Cincinelli\",\"image\":{\"@type\":\"ImageObject\",\"inLanguage\":\"de\",\"@id\":\"https:\\\/\\\/leonardocincinelli.com\\\/wp-content\\\/uploads\\\/2025\\\/01\\\/LogoWEB-e1740150454111.png\",\"url\":\"https:\\\/\\\/leonardocincinelli.com\\\/wp-content\\\/uploads\\\/2025\\\/01\\\/LogoWEB-e1740150454111.png\",\"contentUrl\":\"https:\\\/\\\/leonardocincinelli.com\\\/wp-content\\\/uploads\\\/2025\\\/01\\\/LogoWEB-e1740150454111.png\",\"width\":500,\"height\":385,\"caption\":\"Leonardo Cincinelli\"},\"logo\":{\"@id\":\"https:\\\/\\\/leonardocincinelli.com\\\/wp-content\\\/uploads\\\/2025\\\/01\\\/LogoWEB-e1740150454111.png\"}}]}<\/script>\n<!-- \/ Yoast SEO plugin. -->","yoast_head_json":{"title":"The Free Improvisation - Leonardo Cincinelli","robots":{"index":"index","follow":"follow","max-snippet":"max-snippet:-1","max-image-preview":"max-image-preview:large","max-video-preview":"max-video-preview:-1"},"canonical":"https:\/\/leonardocincinelli.com\/de\/art-projects\/free-improvisation\/","og_locale":"de_DE","og_type":"article","og_title":"The Free Improvisation - Leonardo Cincinelli","og_description":"Improvisation has always been a central element in Leonardo\u2019s artistic work, and the search for new ways to integrate it into the most diverse contexts \u2014 from jazz, of course, to clubbing \u2014 represents not only a strong source of motivation but also a personal challenge. In recent years, Leonardo has embraced the most radical [&hellip;]","og_url":"https:\/\/leonardocincinelli.com\/de\/art-projects\/free-improvisation\/","og_site_name":"Leonardo Cincinelli","article_modified_time":"2026-01-17T20:52:51+00:00","og_image":[{"width":1080,"height":1351,"url":"https:\/\/leonardocincinelli.com\/wp-content\/uploads\/2025\/03\/4-La-otra-jam-copia-3.png","type":"image\/png"}],"twitter_card":"summary_large_image","twitter_misc":{"Gesch\u00e4tzte Lesezeit":"2\u00a0Minuten"},"schema":{"@context":"https:\/\/schema.org","@graph":[{"@type":"WebPage","@id":"https:\/\/leonardocincinelli.com\/art-projects\/free-improvisation\/","url":"https:\/\/leonardocincinelli.com\/art-projects\/free-improvisation\/","name":"The Free Improvisation - Leonardo Cincinelli","isPartOf":{"@id":"https:\/\/leonardocincinelli.com\/#website"},"primaryImageOfPage":{"@id":"https:\/\/leonardocincinelli.com\/art-projects\/free-improvisation\/#primaryimage"},"image":{"@id":"https:\/\/leonardocincinelli.com\/art-projects\/free-improvisation\/#primaryimage"},"thumbnailUrl":"https:\/\/leonardocincinelli.com\/wp-content\/uploads\/2025\/03\/4-La-otra-jam-copia-3.png","datePublished":"2025-03-20T12:41:05+00:00","dateModified":"2026-01-17T20:52:51+00:00","breadcrumb":{"@id":"https:\/\/leonardocincinelli.com\/art-projects\/free-improvisation\/#breadcrumb"},"inLanguage":"de","potentialAction":[{"@type":"ReadAction","target":["https:\/\/leonardocincinelli.com\/art-projects\/free-improvisation\/"]}]},{"@type":"ImageObject","inLanguage":"de","@id":"https:\/\/leonardocincinelli.com\/art-projects\/free-improvisation\/#primaryimage","url":"https:\/\/leonardocincinelli.com\/wp-content\/uploads\/2025\/03\/4-La-otra-jam-copia-3.png","contentUrl":"https:\/\/leonardocincinelli.com\/wp-content\/uploads\/2025\/03\/4-La-otra-jam-copia-3.png"},{"@type":"BreadcrumbList","@id":"https:\/\/leonardocincinelli.com\/art-projects\/free-improvisation\/#breadcrumb","itemListElement":[{"@type":"ListItem","position":1,"name":"Portada","item":"https:\/\/leonardocincinelli.com\/"},{"@type":"ListItem","position":2,"name":"Creative Projects","item":"https:\/\/leonardocincinelli.com\/art-projects\/"},{"@type":"ListItem","position":3,"name":"The Free Improvisation"}]},{"@type":"WebSite","@id":"https:\/\/leonardocincinelli.com\/#website","url":"https:\/\/leonardocincinelli.com\/","name":"Leonardo Cincinelli","description":"Musik-Designer","publisher":{"@id":"https:\/\/leonardocincinelli.com\/#\/schema\/person\/4e8f938b0ba55bdd58344f52ffb3acf1"},"potentialAction":[{"@type":"SearchAction","target":{"@type":"EntryPoint","urlTemplate":"https:\/\/leonardocincinelli.com\/?s={search_term_string}"},"query-input":{"@type":"PropertyValueSpecification","valueRequired":true,"valueName":"search_term_string"}}],"inLanguage":"de"},{"@type":["Person","Organization"],"@id":"https:\/\/leonardocincinelli.com\/#\/schema\/person\/4e8f938b0ba55bdd58344f52ffb3acf1","name":"Leonardo Cincinelli","image":{"@type":"ImageObject","inLanguage":"de","@id":"https:\/\/leonardocincinelli.com\/wp-content\/uploads\/2025\/01\/LogoWEB-e1740150454111.png","url":"https:\/\/leonardocincinelli.com\/wp-content\/uploads\/2025\/01\/LogoWEB-e1740150454111.png","contentUrl":"https:\/\/leonardocincinelli.com\/wp-content\/uploads\/2025\/01\/LogoWEB-e1740150454111.png","width":500,"height":385,"caption":"Leonardo Cincinelli"},"logo":{"@id":"https:\/\/leonardocincinelli.com\/wp-content\/uploads\/2025\/01\/LogoWEB-e1740150454111.png"}}]}},"_hostinger_reach_plugin_has_subscription_block":false,"_hostinger_reach_plugin_is_elementor":false,"_links":{"self":[{"href":"https:\/\/leonardocincinelli.com\/de\/wp-json\/wp\/v2\/pages\/698","targetHints":{"allow":["GET"]}}],"collection":[{"href":"https:\/\/leonardocincinelli.com\/de\/wp-json\/wp\/v2\/pages"}],"about":[{"href":"https:\/\/leonardocincinelli.com\/de\/wp-json\/wp\/v2\/types\/page"}],"author":[{"embeddable":true,"href":"https:\/\/leonardocincinelli.com\/de\/wp-json\/wp\/v2\/users\/8"}],"replies":[{"embeddable":true,"href":"https:\/\/leonardocincinelli.com\/de\/wp-json\/wp\/v2\/comments?post=698"}],"version-history":[{"count":62,"href":"https:\/\/leonardocincinelli.com\/de\/wp-json\/wp\/v2\/pages\/698\/revisions"}],"predecessor-version":[{"id":2170,"href":"https:\/\/leonardocincinelli.com\/de\/wp-json\/wp\/v2\/pages\/698\/revisions\/2170"}],"up":[{"embeddable":true,"href":"https:\/\/leonardocincinelli.com\/de\/wp-json\/wp\/v2\/pages\/82"}],"wp:attachment":[{"href":"https:\/\/leonardocincinelli.com\/de\/wp-json\/wp\/v2\/media?parent=698"}],"curies":[{"name":"wp","href":"https:\/\/api.w.org\/{rel}","templated":true}]}}