{"id":16,"date":"2025-01-27T08:51:21","date_gmt":"2025-01-27T07:51:21","guid":{"rendered":"https:\/\/leonardocincinelli.com\/?page_id=16"},"modified":"2025-03-24T18:32:28","modified_gmt":"2025-03-24T17:32:28","slug":"legal","status":"publish","type":"page","link":"https:\/\/leonardocincinelli.com\/es\/legal\/","title":{"rendered":"Aviso legal"},"content":{"rendered":"<div data-elementor-type=\"wp-page\" data-elementor-id=\"16\" class=\"elementor elementor-16\" data-elementor-post-type=\"page\">\n\t\t\t\t<div class=\"elementor-element elementor-element-6b3dc11 e-flex e-con-boxed e-con e-parent\" data-id=\"6b3dc11\" data-element_type=\"container\" data-e-type=\"container\">\n\t\t\t\t\t<div class=\"e-con-inner\">\n\t\t\t\t<div class=\"elementor-element elementor-element-d5f70aa elementor-widget elementor-widget-heading\" data-id=\"d5f70aa\" data-element_type=\"widget\" data-e-type=\"widget\" data-widget_type=\"heading.default\">\n\t\t\t\t<div class=\"elementor-widget-container\">\n\t\t\t\t\t<h2 class=\"elementor-heading-title elementor-size-default\">Menciones legales<\/h2>\t\t\t\t<\/div>\n\t\t\t\t<\/div>\n\t\t\t\t<div class=\"elementor-element elementor-element-bfd8520 elementor-widget elementor-widget-text-editor\" data-id=\"bfd8520\" data-element_type=\"widget\" data-e-type=\"widget\" data-widget_type=\"text-editor.default\">\n\t\t\t\t<div class=\"elementor-widget-container\">\n\t\t\t\t\t\t\t\t\t<p>I. Informaci\u00f3n General En cumplimiento con el deber de informaci\u00f3n recogido en la Ley 34\/2002 de Servicios de la Sociedad de la Informaci\u00f3n y del Comercio Electr\u00f3nico (LSSI-CE), de 11 de julio, a continuaci\u00f3n se facilitan los siguientes datos de informaci\u00f3n general sobre este sitio web: La titularidad de este sitio web, leonardocincinelli.com, (en adelante, sitio web) corresponde: Leonardo Cincinelli, con<strong> NIF: Y0829271C<\/strong>y cuyos datos de contacto son: <strong>Direcci\u00f3n: Calle Vinaros 38, 4\u00ba Primera 08003 Barceloneta<\/strong> <strong>Tel\u00e9fono de contacto: +34672928561<\/strong> <strong>Correo electr\u00f3nico de contacto: leonardo.cincinelli@gmail.com<\/strong> II. Condiciones generales de uso Objeto de las condiciones: el sitio web El objeto de las presentes condiciones generales de uso (en adelante, condiciones) es regular el acceso y utilizaci\u00f3n del sitio web. A los efectos de las presentes condiciones, se entender\u00e1 por sitio web la apariencia externa de las interfaces de pantalla, tanto de forma est\u00e1tica como din\u00e1mica, es decir, el \u00e1rbol de navegaci\u00f3n; y todos los elementos integrados tanto en las interfaces de pantalla como en el \u00e1rbol de navegaci\u00f3n (en adelante, contenidos) y todos aquellos servicios o recursos en l\u00ednea que en su caso ofrezcan a los usuarios (en adelante, servicios). Leonardo Cininelli se reserva la facultad de modificar, en cualquier momento, y sin aviso previo, la presentaci\u00f3n y configuraci\u00f3n del sitio web y de los contenidos y servicios que en \u00e9l pudieran estar incorporados. El usuario reconoce y acepta que en cualquier momento Leonardo Cininelli pueda interrumpir, desactivar y\/o cancelar cualquiera de estos elementos que se integran en el sitio web o el acceso a los mismos. El acceso al sitio web por parte del usuario tiene car\u00e1cter libre y gratuito, sin que, como regla general, exista contraprestaci\u00f3n por parte del usuario para disfrutar del mismo, salvo en lo relativo al coste de la conexi\u00f3n a trav\u00e9s de la red de telecomunicaciones suministrada por el proveedor de acceso que el usuario tenga contratado. La utilizaci\u00f3n de alguno de los contenidos o servicios del sitio web podr\u00e1 hacerse mediante la previa suscripci\u00f3n o registro del usuario. El usuario El acceso, navegaci\u00f3n y uso del sitio web, as\u00ed como por los espacios habilitados para interactuar entre los usuarios, y el usuario y Leonardo Cininelli, tales como los espacios de comentarios y\/o blogging, atribuye la condici\u00f3n de usuario, por lo que se aceptan, desde que se inicia la navegaci\u00f3n por el sitio web, todas las condiciones aqu\u00ed establecidas, as\u00ed como sus posteriores modificaciones, sin perjuicio de la aplicaci\u00f3n de la correspondiente normativa legal de obligado cumplimiento. Dada la relevancia de lo expuesto, se recomienda al usuario su lectura cada vez que visite el sitio web. El sitio web de Leonardo Cincinelli proporciona gran diversidad de informaci\u00f3n, servicios y datos. El usuario asume su responsabilidad en el uso correcto de la web. Esta responsabilidad se extender\u00e1 a: Un uso de la informaci\u00f3n, contenidos y\/o servicios y datos ofrecidos por Leonardo Cincinelli sin que sea contrario a lo dispuesto por las presentes condiciones, la Ley, la moral o el orden p\u00fablico, o que de cualquier otro modo puedan suponer lesi\u00f3n de los derechos de terceros o del mismo funcionamiento del sitio web. La veracidad y licitud de las informaciones aportadas por el usuario en los formularios extendidos por Leonardo Cininelli para el acceso a ciertos contenidos o servicios ofrecidos por el web. En todo caso, el usuario notificar\u00e1 de forma inmediata a Leonardo Cininelli acerca de cualquier hecho que permita el uso indebido de la informaci\u00f3n registrada en dichos formularios, tales como, pero no s\u00f3lo, el robo, extrav\u00edo, o el acceso no autorizado a identificadores y\/o contrase\u00f1as, con el fin de proceder a su inmediata cancelaci\u00f3n. Leonardo Cininelli se reserva el derecho de retirar todos aquellos comentarios y aportaciones que vulneren la ley, el respeto a la dignidad de la persona, que sean discriminatorios, xen\u00f3fobos, racistas, pornogr\u00e1ficos, spamming, que atenten contra la juventud o la infancia, el orden o la seguridad p\u00fablica o que, a su juicio, no resultaran adecuados para su publicaci\u00f3n. En cualquier caso, Leonardo Cininelli no ser\u00e1 responsable de las opiniones vertidas por los usuarios a trav\u00e9s de los comentarios u otras herramientas de blogging o de participaci\u00f3n que puedan existir. El mero acceso a este sitio web no supone entablar ning\u00fan tipo de relaci\u00f3n de car\u00e1cter comercial entre Leonardo Cincinelli y el usuario. El usuario declara ser mayor de edad y disponer de la capacidad jur\u00eddica suficiente para vincularse por las presentes condiciones. Por lo tanto, este sitio web de Leonardo Cininelli no est\u00e1 dirigido a menores de edad. Leonardo Cininelli declina cualquier responsabilidad por el incumplimiento de este requisito. El sitio web est\u00e1 dirigido principalmente a usuarios residentes en Espa\u00f1a. Leonardo Cininelli no asegura que el sitio web cumpla con las leyes de otros pa\u00edses, ya sea total o parcialmente. Si el usuario reside o tiene su domicilio en otro lugar y decide acceder y\/o navegar en el sitio web lo har\u00e1 bajo su exclusiva responsabilidad, debiendo asegurarse de que dicho acceso y navegaci\u00f3n cumple con la legislaci\u00f3n local que le es de aplicaci\u00f3n, no asumiendo Leonardo Cincinelli responsabilidad alguna que se pueda derivar de dicho acceso. III. Acceso y navegaci\u00f3n en el sitio web: exclusi\u00f3n de garant\u00edas y de responsabilidad Leonardo Cincinelli no garantiza la continuidad, disponibilidad y utilidad del sitio web, ni de los contenidos o servicios. Leonardo Cininelli har\u00e1 todo lo posible por el buen funcionamiento del website, sin embargo, no se responsabiliza ni garantiza que el acceso a este website sea ininterrumpido o que est\u00e9 libre de error. Tampoco se responsabiliza o garantiza que el contenido o software al que pueda accederse a trav\u00e9s de esta web, est\u00e9 libre de error o cause un da\u00f1o en el sistema inform\u00e1tico (software y hardware) del usuario. En ning\u00fan caso Leonardo Cincinelli ser\u00e1 responsable por las p\u00e9rdidas, da\u00f1os o perjuicios de cualquier tipo que surjan por el acceso, navegaci\u00f3n y el uso de la p\u00e1gina web, incluy\u00e9ndose, pero no limit\u00e1ndose, a los ocasionados a los sistemas inform\u00e1ticos o los provocados por la introducci\u00f3n de virus. Leonardo Cininelli no se hace responsable de los da\u00f1os que pudiesen ocasionarse a los usuarios por un uso inadecuado de este website. En particular, no se hace responsable en modo alguno de las ca\u00eddas, interrupciones, falta o defecto de las telecomunicaciones que pudieran ocurrir. IV. Pol\u00edtica de enlaces Se informa que el sitio web de Leonardo Cincinelli pone o puede poner a disposici\u00f3n de los usuarios medios de enlace (como, entre otros, links, banners, botones), directorios y motores de b\u00fasqueda que permiten a los usuarios acceder a sitios web pertenecientes y\/o gestionados por terceros. La instalaci\u00f3n de estos Enlaces, directorios y motores de b\u00fasqueda en el sitio web tiene por objeto facilitar a los usuarios la b\u00fasqueda y acceso a la informaci\u00f3n disponible en Internet, sin que pueda considerarse una sugerencia, recomendaci\u00f3n o invitaci\u00f3n para su visita. Leonardo Cininelli no ofrece ni comercializa por s\u00ed ni por medio de terceros los productos y\/o servicios disponibles en dichos sitios enlazados. Asimismo, tampoco garantizar\u00e1 la disponibilidad t\u00e9cnica, exactitud, veracidad, validez o legalidad de sitios ajenos a su propiedad a los que se pueda acceder por medio de los enlaces. Leonardo Cincinelli en ning\u00fan caso revisar\u00e1 o controlar\u00e1 el contenido de otros sitios web, as\u00ed como tampoco aprueba, examina ni hace propios los productos y servicios, contenidos, archivos y cualquier otro material existente en los referidos sitios enlazados. Leonardo Cincinelli no asume ninguna responsabilidad por los da\u00f1os y perjuicios que pudieran producirse por el acceso, uso, calidad o licitud de los contenidos, comunicaciones, opiniones, productos y servicios de los sitios web no gestionados por Leonardo Cincinelli y que sean enlazados en este sitio web. El usuario o tercero que realice un hiperenlace desde una web distinta, diferente, a la web de Leonardo Cininelli debe saber que: No se permite la reproducci\u00f3n ni total ni parcial de ninguno de los contenidos y\/o servicios del sitio web sin autorizaci\u00f3n expresa de Leonardo Cincinelli. Tampoco se permite ninguna manifestaci\u00f3n falsa, inexacta o incorrecta sobre la web de Leonardo Cininelli, ni sobre los contenidos y\/o servicios de la misma. A excepci\u00f3n del hiperenlace, el sitio web en el que se establezca dicho hiperenlace no contendr\u00e1 ning\u00fan elemento, de este sitio web, protegido como propiedad intelectual por el ordenamiento jur\u00eddico espa\u00f1ol, salvo autorizaci\u00f3n expresa de Leonardo Cincinelli. El establecimiento del hiperv\u00ednculo no implicar\u00e1 la existencia de relaciones entre Leonardo Cincinelli y el responsable del sitio web desde el cual se realice, ni el conocimiento y aceptaci\u00f3n de Leonardo Cincinelli de los contenidos, servicios y\/o actividades ofrecidos en dicho sitio web, y viceversa. V. Propiedad intelectual e industrial Leonardo Cininelli por s\u00ed o como parte cesionaria, es titular de todos los derechos de propiedad intelectual e industrial de la p\u00e1gina web, as\u00ed como de los elementos contenidos en la misma (a t\u00edtulo enunciativo y no exhaustivo, im\u00e1genes, sonido, audio, v\u00eddeo, software o textos; marcas o logotipos, combinaciones de colores, estructura y dise\u00f1o, selecci\u00f3n de materiales usados, programas de ordenador necesarios para su funcionamiento, acceso y uso, etc.). Ser\u00e1n, por tanto, obras protegidas como propiedad intelectual por el ordenamiento jur\u00eddico espa\u00f1ol, siendo de aplicaci\u00f3n tanto la normativa espa\u00f1ola y comunitaria en la materia, como los tratados internacionales relacionados con la materia y suscritos por Espa\u00f1a. Quedan reservados todos los derechos. En virtud de lo dispuesto en la Ley de Propiedad Intelectual, quedan prohibidas la reproducci\u00f3n, la distribuci\u00f3n y la comunicaci\u00f3n p\u00fablica, incluida su modalidad de puesta a disposici\u00f3n, de la totalidad o parte de los contenidos de esta p\u00e1gina web, con fines comerciales, en cualquier soporte y por cualquier medio t\u00e9cnico, sin la autorizaci\u00f3n de Leonardo Cintelli. El usuario se compromete a respetar los derechos de Propiedad Intelectual e Industrial titularidad de Leonardo Cincinelli. Podr\u00e1 visualizar los elementos del portal o incluso imprimirlos, copiarlos y almacenarlos en el disco duro de su ordenador o en cualquier otro soporte f\u00edsico siempre y cuando sea, \u00fanica y exclusivamente, para su uso personal. El usuario, no obstante, no podr\u00e1 suprimir, alterar, eludir o manipular cualquier dispositivo de protecci\u00f3n o sistema de seguridad que estuviera instalado en el sitio web. En el caso de que el usuario o un tercero consideren que cualquiera de los contenidos del sitio web suponga una violaci\u00f3n de los derechos de protecci\u00f3n de la propiedad intelectual, deber\u00e1 comunicarlo inmediatamente a Leonardo Cincinelli a trav\u00e9s de los datos de contacto del apartado de informaci\u00f3n general del presente aviso legal y condiciones generales de uso. VI. Acciones legales, legislaci\u00f3n aplicable y jurisdicci\u00f3n Leonardo Cincinelli se reserva la facultad de presentar las acciones civiles o penales que considere necesarias por la utilizaci\u00f3n indebida del sitio web y contenidos, o por el incumplimiento de las presentes condiciones. La relaci\u00f3n entre el usuario y Leonardo Cincinelli se regir\u00e1 por la normativa vigente y de aplicaci\u00f3n en el territorio espa\u00f1ol. De surgir cualquier controversia en relaci\u00f3n con la interpretaci\u00f3n y\/o con la aplicaci\u00f3n de las presentes condiciones, las partes someter\u00e1n sus conflictos a la jurisdicci\u00f3n ordinaria someti\u00e9ndose a los jueces y tribunales que corresponda en derecho.<\/p>\t\t\t\t\t\t\t\t<\/div>\n\t\t\t\t<\/div>\n\t\t\t\t\t<\/div>\n\t\t\t\t<\/div>\n\t\t\t\t<\/div>","protected":false},"excerpt":{"rendered":"<p>Legal notice I. General Information In compliance with the duty of information provided in Law 34\/2002 on Services of the Information Society and Electronic Commerce (LSSI-CE) of July 11, the following general information data on this website are facilitated below: The ownership of this website, leonardocincinelli.com, (hereinafter, website) is held: Leonardo Cincinelli, with NIF: Y0829271C, [&hellip;]<\/p>\n","protected":false},"author":2,"featured_media":0,"parent":0,"menu_order":31,"comment_status":"closed","ping_status":"open","template":"elementor_header_footer","meta":{"footnotes":""},"class_list":["post-16","page","type-page","status-publish","hentry"],"yoast_head":"<!-- This site is optimized with the Yoast SEO plugin v27.3 - https:\/\/yoast.com\/product\/yoast-seo-wordpress\/ -->\n<title>Aviso legal - Leonardo Cincinelli<\/title>\n<meta name=\"robots\" content=\"noindex, follow\" \/>\n<meta property=\"og:locale\" content=\"es_ES\" \/>\n<meta property=\"og:type\" content=\"article\" \/>\n<meta property=\"og:title\" content=\"Aviso legal - Leonardo Cincinelli\" \/>\n<meta property=\"og:description\" content=\"Legal notice I. General Information In compliance with the duty of information provided in Law 34\/2002 on Services of the Information Society and Electronic Commerce (LSSI-CE) of July 11, the following general information data on this website are facilitated below: The ownership of this website, leonardocincinelli.com, (hereinafter, website) is held: Leonardo Cincinelli, with NIF: Y0829271C, [&hellip;]\" \/>\n<meta property=\"og:url\" content=\"https:\/\/leonardocincinelli.com\/es\/legal\/\" \/>\n<meta property=\"og:site_name\" content=\"Leonardo Cincinelli\" \/>\n<meta property=\"article:modified_time\" content=\"2025-03-24T17:32:28+00:00\" \/>\n<meta property=\"og:image\" content=\"https:\/\/leonardocincinelli.com\/wp-content\/uploads\/2025\/03\/home-2-819x1024.jpg\" \/>\n\t<meta property=\"og:image:width\" content=\"819\" \/>\n\t<meta property=\"og:image:height\" content=\"1024\" \/>\n\t<meta property=\"og:image:type\" content=\"image\/jpeg\" \/>\n<meta name=\"twitter:card\" content=\"summary_large_image\" \/>\n<meta name=\"twitter:label1\" content=\"Tiempo de lectura\" \/>\n\t<meta name=\"twitter:data1\" content=\"8 minutos\" \/>\n<script type=\"application\/ld+json\" class=\"yoast-schema-graph\">{\"@context\":\"https:\\\/\\\/schema.org\",\"@graph\":[{\"@type\":\"WebPage\",\"@id\":\"https:\\\/\\\/leonardocincinelli.com\\\/legal\\\/\",\"url\":\"https:\\\/\\\/leonardocincinelli.com\\\/legal\\\/\",\"name\":\"Aviso legal - Leonardo Cincinelli\",\"isPartOf\":{\"@id\":\"https:\\\/\\\/leonardocincinelli.com\\\/#website\"},\"datePublished\":\"2025-01-27T07:51:21+00:00\",\"dateModified\":\"2025-03-24T17:32:28+00:00\",\"breadcrumb\":{\"@id\":\"https:\\\/\\\/leonardocincinelli.com\\\/legal\\\/#breadcrumb\"},\"inLanguage\":\"es\",\"potentialAction\":[{\"@type\":\"ReadAction\",\"target\":[\"https:\\\/\\\/leonardocincinelli.com\\\/legal\\\/\"]}]},{\"@type\":\"BreadcrumbList\",\"@id\":\"https:\\\/\\\/leonardocincinelli.com\\\/legal\\\/#breadcrumb\",\"itemListElement\":[{\"@type\":\"ListItem\",\"position\":1,\"name\":\"Portada\",\"item\":\"https:\\\/\\\/leonardocincinelli.com\\\/\"},{\"@type\":\"ListItem\",\"position\":2,\"name\":\"Aviso legal\"}]},{\"@type\":\"WebSite\",\"@id\":\"https:\\\/\\\/leonardocincinelli.com\\\/#website\",\"url\":\"https:\\\/\\\/leonardocincinelli.com\\\/\",\"name\":\"Leonardo Cincinelli\",\"description\":\"Music Designer\",\"publisher\":{\"@id\":\"https:\\\/\\\/leonardocincinelli.com\\\/#\\\/schema\\\/person\\\/4e8f938b0ba55bdd58344f52ffb3acf1\"},\"potentialAction\":[{\"@type\":\"SearchAction\",\"target\":{\"@type\":\"EntryPoint\",\"urlTemplate\":\"https:\\\/\\\/leonardocincinelli.com\\\/?s={search_term_string}\"},\"query-input\":{\"@type\":\"PropertyValueSpecification\",\"valueRequired\":true,\"valueName\":\"search_term_string\"}}],\"inLanguage\":\"es\"},{\"@type\":[\"Person\",\"Organization\"],\"@id\":\"https:\\\/\\\/leonardocincinelli.com\\\/#\\\/schema\\\/person\\\/4e8f938b0ba55bdd58344f52ffb3acf1\",\"name\":\"Leonardo Cincinelli\",\"image\":{\"@type\":\"ImageObject\",\"inLanguage\":\"es\",\"@id\":\"https:\\\/\\\/leonardocincinelli.com\\\/wp-content\\\/uploads\\\/2025\\\/01\\\/LogoWEB-e1740150454111.png\",\"url\":\"https:\\\/\\\/leonardocincinelli.com\\\/wp-content\\\/uploads\\\/2025\\\/01\\\/LogoWEB-e1740150454111.png\",\"contentUrl\":\"https:\\\/\\\/leonardocincinelli.com\\\/wp-content\\\/uploads\\\/2025\\\/01\\\/LogoWEB-e1740150454111.png\",\"width\":500,\"height\":385,\"caption\":\"Leonardo Cincinelli\"},\"logo\":{\"@id\":\"https:\\\/\\\/leonardocincinelli.com\\\/wp-content\\\/uploads\\\/2025\\\/01\\\/LogoWEB-e1740150454111.png\"}}]}<\/script>\n<!-- \/ Yoast SEO plugin. -->","yoast_head_json":{"title":"Aviso legal - Leonardo Cincinelli","robots":{"index":"noindex","follow":"follow"},"og_locale":"es_ES","og_type":"article","og_title":"Aviso legal - Leonardo Cincinelli","og_description":"Legal notice I. General Information In compliance with the duty of information provided in Law 34\/2002 on Services of the Information Society and Electronic Commerce (LSSI-CE) of July 11, the following general information data on this website are facilitated below: The ownership of this website, leonardocincinelli.com, (hereinafter, website) is held: Leonardo Cincinelli, with NIF: Y0829271C, [&hellip;]","og_url":"https:\/\/leonardocincinelli.com\/es\/legal\/","og_site_name":"Leonardo Cincinelli","article_modified_time":"2025-03-24T17:32:28+00:00","og_image":[{"width":819,"height":1024,"url":"https:\/\/leonardocincinelli.com\/wp-content\/uploads\/2025\/03\/home-2-819x1024.jpg","type":"image\/jpeg"}],"twitter_card":"summary_large_image","twitter_misc":{"Tiempo de lectura":"8 minutos"},"schema":{"@context":"https:\/\/schema.org","@graph":[{"@type":"WebPage","@id":"https:\/\/leonardocincinelli.com\/legal\/","url":"https:\/\/leonardocincinelli.com\/legal\/","name":"Aviso legal - Leonardo Cincinelli","isPartOf":{"@id":"https:\/\/leonardocincinelli.com\/#website"},"datePublished":"2025-01-27T07:51:21+00:00","dateModified":"2025-03-24T17:32:28+00:00","breadcrumb":{"@id":"https:\/\/leonardocincinelli.com\/legal\/#breadcrumb"},"inLanguage":"es","potentialAction":[{"@type":"ReadAction","target":["https:\/\/leonardocincinelli.com\/legal\/"]}]},{"@type":"BreadcrumbList","@id":"https:\/\/leonardocincinelli.com\/legal\/#breadcrumb","itemListElement":[{"@type":"ListItem","position":1,"name":"Portada","item":"https:\/\/leonardocincinelli.com\/"},{"@type":"ListItem","position":2,"name":"Aviso legal"}]},{"@type":"WebSite","@id":"https:\/\/leonardocincinelli.com\/#website","url":"https:\/\/leonardocincinelli.com\/","name":"Leonardo Cincinelli","description":"Dise\u00f1ador musical","publisher":{"@id":"https:\/\/leonardocincinelli.com\/#\/schema\/person\/4e8f938b0ba55bdd58344f52ffb3acf1"},"potentialAction":[{"@type":"SearchAction","target":{"@type":"EntryPoint","urlTemplate":"https:\/\/leonardocincinelli.com\/?s={search_term_string}"},"query-input":{"@type":"PropertyValueSpecification","valueRequired":true,"valueName":"search_term_string"}}],"inLanguage":"es"},{"@type":["Person","Organization"],"@id":"https:\/\/leonardocincinelli.com\/#\/schema\/person\/4e8f938b0ba55bdd58344f52ffb3acf1","name":"Leonardo Cincinelli","image":{"@type":"ImageObject","inLanguage":"es","@id":"https:\/\/leonardocincinelli.com\/wp-content\/uploads\/2025\/01\/LogoWEB-e1740150454111.png","url":"https:\/\/leonardocincinelli.com\/wp-content\/uploads\/2025\/01\/LogoWEB-e1740150454111.png","contentUrl":"https:\/\/leonardocincinelli.com\/wp-content\/uploads\/2025\/01\/LogoWEB-e1740150454111.png","width":500,"height":385,"caption":"Leonardo Cincinelli"},"logo":{"@id":"https:\/\/leonardocincinelli.com\/wp-content\/uploads\/2025\/01\/LogoWEB-e1740150454111.png"}}]}},"_hostinger_reach_plugin_has_subscription_block":false,"_hostinger_reach_plugin_is_elementor":false,"_links":{"self":[{"href":"https:\/\/leonardocincinelli.com\/es\/wp-json\/wp\/v2\/pages\/16","targetHints":{"allow":["GET"]}}],"collection":[{"href":"https:\/\/leonardocincinelli.com\/es\/wp-json\/wp\/v2\/pages"}],"about":[{"href":"https:\/\/leonardocincinelli.com\/es\/wp-json\/wp\/v2\/types\/page"}],"author":[{"embeddable":true,"href":"https:\/\/leonardocincinelli.com\/es\/wp-json\/wp\/v2\/users\/2"}],"replies":[{"embeddable":true,"href":"https:\/\/leonardocincinelli.com\/es\/wp-json\/wp\/v2\/comments?post=16"}],"version-history":[{"count":14,"href":"https:\/\/leonardocincinelli.com\/es\/wp-json\/wp\/v2\/pages\/16\/revisions"}],"predecessor-version":[{"id":847,"href":"https:\/\/leonardocincinelli.com\/es\/wp-json\/wp\/v2\/pages\/16\/revisions\/847"}],"wp:attachment":[{"href":"https:\/\/leonardocincinelli.com\/es\/wp-json\/wp\/v2\/media?parent=16"}],"curies":[{"name":"wp","href":"https:\/\/api.w.org\/{rel}","templated":true}]}}