{"id":698,"date":"2025-03-20T13:41:05","date_gmt":"2025-03-20T12:41:05","guid":{"rendered":"https:\/\/leonardocincinelli.com\/?page_id=698"},"modified":"2026-01-17T21:52:51","modified_gmt":"2026-01-17T20:52:51","slug":"free-improvisation","status":"publish","type":"page","link":"https:\/\/leonardocincinelli.com\/es\/art-projects\/free-improvisation\/","title":{"rendered":"Improvisaci\u00f3n libre"},"content":{"rendered":"<div data-elementor-type=\"wp-page\" data-elementor-id=\"698\" class=\"elementor elementor-698\" data-elementor-post-type=\"page\">\n\t\t\t\t<div class=\"elementor-element elementor-element-7b73ff08 e-flex e-con-boxed e-con e-parent\" data-id=\"7b73ff08\" data-element_type=\"container\" data-e-type=\"container\" data-settings=\"{&quot;background_background&quot;:&quot;classic&quot;}\">\n\t\t\t\t\t<div class=\"e-con-inner\">\n\t\t\t\t<div class=\"elementor-element elementor-element-206ecc9a elementor-widget elementor-widget-heading\" data-id=\"206ecc9a\" data-element_type=\"widget\" data-e-type=\"widget\" data-widget_type=\"heading.default\">\n\t\t\t\t<div class=\"elementor-widget-container\">\n\t\t\t\t\t<h2 class=\"elementor-heading-title elementor-size-default\">Improvisaci\u00f3n libre<\/h2>\t\t\t\t<\/div>\n\t\t\t\t<\/div>\n\t\t\t\t\t<\/div>\n\t\t\t\t<\/div>\n\t\t<div class=\"elementor-element elementor-element-7f8dc2a e-flex e-con-boxed e-con e-parent\" data-id=\"7f8dc2a\" data-element_type=\"container\" data-e-type=\"container\">\n\t\t\t\t\t<div class=\"e-con-inner\">\n\t\t<div class=\"elementor-element elementor-element-4e32513c e-con-full e-flex e-con e-child\" data-id=\"4e32513c\" data-element_type=\"container\" data-e-type=\"container\">\n\t\t\t\t<div class=\"elementor-element elementor-element-6051e6ca elementor-widget elementor-widget-text-editor\" data-id=\"6051e6ca\" data-element_type=\"widget\" data-e-type=\"widget\" data-widget_type=\"text-editor.default\">\n\t\t\t\t<div class=\"elementor-widget-container\">\n\t\t\t\t\t\t\t\t\t<p data-start=\"0\" data-end=\"217\">La improvisaci\u00f3n siempre ha sido un elemento central en el trabajo art\u00edstico de Leonardo, y la b\u00fasqueda de nuevas formas de integrarla en los contextos m\u00e1s diversos -desde el jazz, por supuesto, hasta el clubbing- representa no s\u00f3lo una fuerte fuente de motivaci\u00f3n, sino tambi\u00e9n un reto personal.<\/p><p data-start=\"219\" data-end=\"952\">En los \u00faltimos a\u00f1os, Leonardo ha abrazado las formas m\u00e1s radicales de la improvisaci\u00f3n libre, explorando paisajes sonoros en constante evoluci\u00f3n y colaborando con m\u00fasicos experimentales de la vibrante escena underground de Barcelona.<br data-start=\"376\" data-end=\"379\" \/>Esta exploraci\u00f3n continua est\u00e1 documentada en una serie de grabaciones de estudio con diversos conjuntos, entre ellos <strong>Jazz Doesn\u2019t Like You<\/strong>, <strong>Otrotrio<\/strong>y <strong>La Otra Banda<\/strong>en colaboraci\u00f3n con el guitarrista Olivier Jambois, el contrabajista Mauro Battisti, el bater\u00eda Mariano Camarasa, el saxofonista Andrew Baker y muchos otros.<br data-start=\"664\" data-end=\"667\" \/>Tambi\u00e9n es fundador de <strong>La Otra Jam<\/strong> - jam session peri\u00f3dica y laboratorio creativo de m\u00fasica improvisada, por el que han pasado m\u00fasicos como Josep Maria Balany\u00e0, Liba Villavecchia, El Pricto, Pablo Selnik y muchos m\u00e1s.<\/p><p class=\"\" data-start=\"125\" data-end=\"632\"><em>\"Creo que sin improvisaci\u00f3n, la m\u00fasica en directo pierde su sentido.<\/em><br data-start=\"196\" data-end=\"199\" \/><em>No quiero limitarme a repetir cosas que ya han sucedido en una sala de ensayo, en mi estudio o incluso s\u00f3lo en mi cabeza; es como recitar un poema de memoria en lugar de buscar un aut\u00e9ntico di\u00e1logo con el p\u00fablico y los dem\u00e1s m\u00fasicos.<\/em><br data-start=\"438\" data-end=\"441\" \/><em>\u00a1Quiero sorpresas! Quiero viajar a lugares desconocidos mientras toco. Ya hay tanta m\u00fasica por ah\u00ed en la que, desde el momento en que empieza, sabes m\u00e1s o menos c\u00f3mo va a acabar...<\/em><\/p><p class=\"\" data-start=\"634\" data-end=\"1122\"><em>Seg\u00fan mi experiencia, no hay nada m\u00e1s poderoso que dejar espacio para la creaci\u00f3n espont\u00e1nea.<\/em><br data-start=\"725\" data-end=\"728\" \/><em>Puede ser arriesgado, y hay que aceptar el caos y la \"fealdad\", pero las cosas m\u00e1s interesantes -para m\u00ed- s\u00f3lo pueden surgir as\u00ed, aunque s\u00f3lo sea por un momento.<\/em><br data-start=\"885\" data-end=\"888\" \/><em>Hay que dejar la puerta abierta a esas cosas que aparecen de repente, cosas que nadie podr\u00eda haber imaginado, planeado o compuesto.<\/em><br data-start=\"1021\" data-end=\"1024\" \/><em>Algo que s\u00f3lo ocurre aqu\u00ed y ahora, en esta situaci\u00f3n, en este espacio, con esta ac\u00fastica.<\/em><\/p><p class=\"\" data-start=\"1124\" data-end=\"1275\"><em>Vivo para esos momentos, para los sonidos inesperados, para ese tipo de m\u00fasica por la que merece la pena salir de casa, tanto literal como metaf\u00f3ricamente\".\u00a0<\/em><\/p><p class=\"\" data-start=\"1124\" data-end=\"1275\">- Leonardo<\/p>\t\t\t\t\t\t\t\t<\/div>\n\t\t\t\t<\/div>\n\t\t\t\t<\/div>\n\t\t<div class=\"elementor-element elementor-element-4817536f e-con-full e-flex e-con e-child\" data-id=\"4817536f\" data-element_type=\"container\" data-e-type=\"container\">\n\t\t\t\t<div class=\"elementor-element elementor-element-57fe257 elementor-widget elementor-widget-html\" data-id=\"57fe257\" data-element_type=\"widget\" data-e-type=\"widget\" data-widget_type=\"html.default\">\n\t\t\t\t<div class=\"elementor-widget-container\">\n\t\t\t\t\t<iframe width=\"560\" height=\"315\" src=\"https:\/\/www.youtube.com\/embed\/OF2wyAxD5WM?si=G63EoQygcoicmgZW\" title=\"Reproductor de v\u00eddeo YouTube\" frameborder=\"0\" allow=\"accelerometer; autoplay; clipboard-write; encrypted-media; gyroscope; picture-in-picture; web-share\" referrerpolicy=\"strict-origin-when-cross-origin\" allowfullscreen><\/iframe>\t\t\t\t<\/div>\n\t\t\t\t<\/div>\n\t\t\t\t<div class=\"elementor-element elementor-element-c4f8f81 elementor-widget elementor-widget-html\" data-id=\"c4f8f81\" data-element_type=\"widget\" data-e-type=\"widget\" data-widget_type=\"html.default\">\n\t\t\t\t<div class=\"elementor-widget-container\">\n\t\t\t\t\t<iframe width=\"560\" height=\"315\" src=\"https:\/\/www.youtube.com\/embed\/XqruwOHNYTU?si=gk543ddtZzs1Lj14\" title=\"Reproductor de v\u00eddeo YouTube\" frameborder=\"0\" allow=\"accelerometer; autoplay; clipboard-write; encrypted-media; gyroscope; picture-in-picture; web-share\" referrerpolicy=\"strict-origin-when-cross-origin\" allowfullscreen><\/iframe>\t\t\t\t<\/div>\n\t\t\t\t<\/div>\n\t\t\t\t<div class=\"elementor-element elementor-element-627925c elementor-widget elementor-widget-html\" data-id=\"627925c\" data-element_type=\"widget\" data-e-type=\"widget\" data-widget_type=\"html.default\">\n\t\t\t\t<div class=\"elementor-widget-container\">\n\t\t\t\t\t<iframe width=\"560\" height=\"315\" src=\"https:\/\/www.youtube.com\/embed\/iY4zaMz6ryA?si=q5f6JUTkoX_r6CoS\" title=\"Reproductor de v\u00eddeo YouTube\" frameborder=\"0\" allow=\"accelerometer; autoplay; clipboard-write; encrypted-media; gyroscope; picture-in-picture; web-share\" referrerpolicy=\"strict-origin-when-cross-origin\" allowfullscreen><\/iframe>\t\t\t\t<\/div>\n\t\t\t\t<\/div>\n\t\t\t\t<\/div>\n\t\t\t\t\t<\/div>\n\t\t\t\t<\/div>\n\t\t<div class=\"elementor-element elementor-element-47ce931 e-flex e-con-boxed e-con e-parent\" data-id=\"47ce931\" data-element_type=\"container\" data-e-type=\"container\">\n\t\t\t\t\t<div class=\"e-con-inner\">\n\t\t<div class=\"elementor-element elementor-element-9635ccb e-con-full e-flex e-con e-child\" data-id=\"9635ccb\" data-element_type=\"container\" data-e-type=\"container\">\n\t\t\t\t<div class=\"elementor-element elementor-element-8cfe537 elementor-widget elementor-widget-image\" data-id=\"8cfe537\" data-element_type=\"widget\" data-e-type=\"widget\" data-widget_type=\"image.default\">\n\t\t\t\t<div class=\"elementor-widget-container\">\n\t\t\t\t\t\t\t\t\t\t\t\t\t\t\t<img fetchpriority=\"high\" decoding=\"async\" width=\"1080\" height=\"1351\" src=\"https:\/\/leonardocincinelli.com\/wp-content\/uploads\/2025\/03\/4-La-otra-jam-copia-3.png\" class=\"attachment-full size-full wp-image-789\" alt=\"\" srcset=\"https:\/\/leonardocincinelli.com\/wp-content\/uploads\/2025\/03\/4-La-otra-jam-copia-3.png 1080w, https:\/\/leonardocincinelli.com\/wp-content\/uploads\/2025\/03\/4-La-otra-jam-copia-3-240x300.png 240w, https:\/\/leonardocincinelli.com\/wp-content\/uploads\/2025\/03\/4-La-otra-jam-copia-3-819x1024.png 819w, https:\/\/leonardocincinelli.com\/wp-content\/uploads\/2025\/03\/4-La-otra-jam-copia-3-768x961.png 768w, https:\/\/leonardocincinelli.com\/wp-content\/uploads\/2025\/03\/4-La-otra-jam-copia-3-10x12.png 10w\" sizes=\"(max-width: 1080px) 100vw, 1080px\" \/>\t\t\t\t\t\t\t\t\t\t\t\t\t\t\t<\/div>\n\t\t\t\t<\/div>\n\t\t\t\t<div class=\"elementor-element elementor-element-44bd3a3 elementor-widget elementor-widget-html\" data-id=\"44bd3a3\" data-element_type=\"widget\" data-e-type=\"widget\" data-widget_type=\"html.default\">\n\t\t\t\t<div class=\"elementor-widget-container\">\n\t\t\t\t\t<iframe style=\"border: 0; width: 350px; height: 470px;\" src=\"https:\/\/bandcamp.com\/EmbeddedPlayer\/album=2410325216\/size=large\/bgcol=ffffff\/linkcol=2ebd35\/tracklist=false\/transparent=true\/\" seamless><a href=\"https:\/\/empty6pack.bandcamp.com\/album\/la-otra-jam\">La Otra Jam por La Otra Band<\/a><\/iframe>\t\t\t\t<\/div>\n\t\t\t\t<\/div>\n\t\t\t\t<div class=\"elementor-element elementor-element-725612a elementor-widget elementor-widget-html\" data-id=\"725612a\" data-element_type=\"widget\" data-e-type=\"widget\" data-widget_type=\"html.default\">\n\t\t\t\t<div class=\"elementor-widget-container\">\n\t\t\t\t\t<iframe style=\"border-radius:12px\"\r\nsrc=\"https:\/\/open.spotify.com\/embed\/artist\/1VREtd5ZOp3s18BYDbsG6v?utm_source=generator\" width=\"100%\" height=\"352\" frameborder=\"0\" allowfullscreen=\"\"\r\nallow=\"autoplay; clipboard-write; encrypted-media; fullscreen; picture-in-picture\" loading=\"lazy\">\r\n<\/iframe>\t\t\t\t<\/div>\n\t\t\t\t<\/div>\n\t\t\t\t<div class=\"elementor-element elementor-element-7159238 elementor-widget elementor-widget-html\" data-id=\"7159238\" data-element_type=\"widget\" data-e-type=\"widget\" data-widget_type=\"html.default\">\n\t\t\t\t<div class=\"elementor-widget-container\">\n\t\t\t\t\t<iframe style=\"border-radius:12px\"\r\nsrc=\"https:\/\/open.spotify.com\/embed\/artist\/3q91iQdF6HWRyjSVwk91GY?utm_source=generator\" width=\"100%\" height=\"352\" frameborder=\"0\" allowfullscreen=\"\"\r\nallow=\"autoplay; clipboard-write; encrypted-media; fullscreen; picture-in-picture\" loading=\"lazy\">\r\n    <\/iframe>\t\t\t\t<\/div>\n\t\t\t\t<\/div>\n\t\t\t\t<\/div>\n\t\t\t\t\t<\/div>\n\t\t\t\t<\/div>\n\t\t\t\t<\/div>","protected":false},"excerpt":{"rendered":"<p>Improvisation has always been a central element in Leonardo\u2019s artistic work, and the search for new ways to integrate it into the most diverse contexts \u2014 from jazz, of course, to clubbing \u2014 represents not only a strong source of motivation but also a personal challenge. In recent years, Leonardo has embraced the most radical [&hellip;]<\/p>\n","protected":false},"author":8,"featured_media":0,"parent":82,"menu_order":0,"comment_status":"closed","ping_status":"closed","template":"elementor_header_footer","meta":{"footnotes":""},"class_list":["post-698","page","type-page","status-publish","hentry"],"yoast_head":"<!-- This site is optimized with the Yoast SEO plugin v27.3 - https:\/\/yoast.com\/product\/yoast-seo-wordpress\/ -->\n<title>The Free Improvisation - Leonardo Cincinelli<\/title>\n<meta name=\"robots\" content=\"index, follow, max-snippet:-1, max-image-preview:large, max-video-preview:-1\" \/>\n<link rel=\"canonical\" href=\"https:\/\/leonardocincinelli.com\/es\/art-projects\/free-improvisation\/\" \/>\n<meta property=\"og:locale\" content=\"es_ES\" \/>\n<meta property=\"og:type\" content=\"article\" \/>\n<meta property=\"og:title\" content=\"The Free Improvisation - Leonardo Cincinelli\" \/>\n<meta property=\"og:description\" content=\"Improvisation has always been a central element in Leonardo\u2019s artistic work, and the search for new ways to integrate it into the most diverse contexts \u2014 from jazz, of course, to clubbing \u2014 represents not only a strong source of motivation but also a personal challenge. In recent years, Leonardo has embraced the most radical [&hellip;]\" \/>\n<meta property=\"og:url\" content=\"https:\/\/leonardocincinelli.com\/es\/art-projects\/free-improvisation\/\" \/>\n<meta property=\"og:site_name\" content=\"Leonardo Cincinelli\" \/>\n<meta property=\"article:modified_time\" content=\"2026-01-17T20:52:51+00:00\" \/>\n<meta property=\"og:image\" content=\"https:\/\/leonardocincinelli.com\/wp-content\/uploads\/2025\/03\/4-La-otra-jam-copia-3.png\" \/>\n\t<meta property=\"og:image:width\" content=\"1080\" \/>\n\t<meta property=\"og:image:height\" content=\"1351\" \/>\n\t<meta property=\"og:image:type\" content=\"image\/png\" \/>\n<meta name=\"twitter:card\" content=\"summary_large_image\" \/>\n<meta name=\"twitter:label1\" content=\"Tiempo de lectura\" \/>\n\t<meta name=\"twitter:data1\" content=\"2 minutos\" \/>\n<script type=\"application\/ld+json\" class=\"yoast-schema-graph\">{\"@context\":\"https:\\\/\\\/schema.org\",\"@graph\":[{\"@type\":\"WebPage\",\"@id\":\"https:\\\/\\\/leonardocincinelli.com\\\/art-projects\\\/free-improvisation\\\/\",\"url\":\"https:\\\/\\\/leonardocincinelli.com\\\/art-projects\\\/free-improvisation\\\/\",\"name\":\"The Free Improvisation - Leonardo Cincinelli\",\"isPartOf\":{\"@id\":\"https:\\\/\\\/leonardocincinelli.com\\\/#website\"},\"primaryImageOfPage\":{\"@id\":\"https:\\\/\\\/leonardocincinelli.com\\\/art-projects\\\/free-improvisation\\\/#primaryimage\"},\"image\":{\"@id\":\"https:\\\/\\\/leonardocincinelli.com\\\/art-projects\\\/free-improvisation\\\/#primaryimage\"},\"thumbnailUrl\":\"https:\\\/\\\/leonardocincinelli.com\\\/wp-content\\\/uploads\\\/2025\\\/03\\\/4-La-otra-jam-copia-3.png\",\"datePublished\":\"2025-03-20T12:41:05+00:00\",\"dateModified\":\"2026-01-17T20:52:51+00:00\",\"breadcrumb\":{\"@id\":\"https:\\\/\\\/leonardocincinelli.com\\\/art-projects\\\/free-improvisation\\\/#breadcrumb\"},\"inLanguage\":\"es\",\"potentialAction\":[{\"@type\":\"ReadAction\",\"target\":[\"https:\\\/\\\/leonardocincinelli.com\\\/art-projects\\\/free-improvisation\\\/\"]}]},{\"@type\":\"ImageObject\",\"inLanguage\":\"es\",\"@id\":\"https:\\\/\\\/leonardocincinelli.com\\\/art-projects\\\/free-improvisation\\\/#primaryimage\",\"url\":\"https:\\\/\\\/leonardocincinelli.com\\\/wp-content\\\/uploads\\\/2025\\\/03\\\/4-La-otra-jam-copia-3.png\",\"contentUrl\":\"https:\\\/\\\/leonardocincinelli.com\\\/wp-content\\\/uploads\\\/2025\\\/03\\\/4-La-otra-jam-copia-3.png\"},{\"@type\":\"BreadcrumbList\",\"@id\":\"https:\\\/\\\/leonardocincinelli.com\\\/art-projects\\\/free-improvisation\\\/#breadcrumb\",\"itemListElement\":[{\"@type\":\"ListItem\",\"position\":1,\"name\":\"Portada\",\"item\":\"https:\\\/\\\/leonardocincinelli.com\\\/\"},{\"@type\":\"ListItem\",\"position\":2,\"name\":\"Creative Projects\",\"item\":\"https:\\\/\\\/leonardocincinelli.com\\\/art-projects\\\/\"},{\"@type\":\"ListItem\",\"position\":3,\"name\":\"The Free Improvisation\"}]},{\"@type\":\"WebSite\",\"@id\":\"https:\\\/\\\/leonardocincinelli.com\\\/#website\",\"url\":\"https:\\\/\\\/leonardocincinelli.com\\\/\",\"name\":\"Leonardo Cincinelli\",\"description\":\"Music Designer\",\"publisher\":{\"@id\":\"https:\\\/\\\/leonardocincinelli.com\\\/#\\\/schema\\\/person\\\/4e8f938b0ba55bdd58344f52ffb3acf1\"},\"potentialAction\":[{\"@type\":\"SearchAction\",\"target\":{\"@type\":\"EntryPoint\",\"urlTemplate\":\"https:\\\/\\\/leonardocincinelli.com\\\/?s={search_term_string}\"},\"query-input\":{\"@type\":\"PropertyValueSpecification\",\"valueRequired\":true,\"valueName\":\"search_term_string\"}}],\"inLanguage\":\"es\"},{\"@type\":[\"Person\",\"Organization\"],\"@id\":\"https:\\\/\\\/leonardocincinelli.com\\\/#\\\/schema\\\/person\\\/4e8f938b0ba55bdd58344f52ffb3acf1\",\"name\":\"Leonardo Cincinelli\",\"image\":{\"@type\":\"ImageObject\",\"inLanguage\":\"es\",\"@id\":\"https:\\\/\\\/leonardocincinelli.com\\\/wp-content\\\/uploads\\\/2025\\\/01\\\/LogoWEB-e1740150454111.png\",\"url\":\"https:\\\/\\\/leonardocincinelli.com\\\/wp-content\\\/uploads\\\/2025\\\/01\\\/LogoWEB-e1740150454111.png\",\"contentUrl\":\"https:\\\/\\\/leonardocincinelli.com\\\/wp-content\\\/uploads\\\/2025\\\/01\\\/LogoWEB-e1740150454111.png\",\"width\":500,\"height\":385,\"caption\":\"Leonardo Cincinelli\"},\"logo\":{\"@id\":\"https:\\\/\\\/leonardocincinelli.com\\\/wp-content\\\/uploads\\\/2025\\\/01\\\/LogoWEB-e1740150454111.png\"}}]}<\/script>\n<!-- \/ Yoast SEO plugin. -->","yoast_head_json":{"title":"The Free Improvisation - Leonardo Cincinelli","robots":{"index":"index","follow":"follow","max-snippet":"max-snippet:-1","max-image-preview":"max-image-preview:large","max-video-preview":"max-video-preview:-1"},"canonical":"https:\/\/leonardocincinelli.com\/es\/art-projects\/free-improvisation\/","og_locale":"es_ES","og_type":"article","og_title":"The Free Improvisation - Leonardo Cincinelli","og_description":"Improvisation has always been a central element in Leonardo\u2019s artistic work, and the search for new ways to integrate it into the most diverse contexts \u2014 from jazz, of course, to clubbing \u2014 represents not only a strong source of motivation but also a personal challenge. In recent years, Leonardo has embraced the most radical [&hellip;]","og_url":"https:\/\/leonardocincinelli.com\/es\/art-projects\/free-improvisation\/","og_site_name":"Leonardo Cincinelli","article_modified_time":"2026-01-17T20:52:51+00:00","og_image":[{"width":1080,"height":1351,"url":"https:\/\/leonardocincinelli.com\/wp-content\/uploads\/2025\/03\/4-La-otra-jam-copia-3.png","type":"image\/png"}],"twitter_card":"summary_large_image","twitter_misc":{"Tiempo de lectura":"2 minutos"},"schema":{"@context":"https:\/\/schema.org","@graph":[{"@type":"WebPage","@id":"https:\/\/leonardocincinelli.com\/art-projects\/free-improvisation\/","url":"https:\/\/leonardocincinelli.com\/art-projects\/free-improvisation\/","name":"The Free Improvisation - Leonardo Cincinelli","isPartOf":{"@id":"https:\/\/leonardocincinelli.com\/#website"},"primaryImageOfPage":{"@id":"https:\/\/leonardocincinelli.com\/art-projects\/free-improvisation\/#primaryimage"},"image":{"@id":"https:\/\/leonardocincinelli.com\/art-projects\/free-improvisation\/#primaryimage"},"thumbnailUrl":"https:\/\/leonardocincinelli.com\/wp-content\/uploads\/2025\/03\/4-La-otra-jam-copia-3.png","datePublished":"2025-03-20T12:41:05+00:00","dateModified":"2026-01-17T20:52:51+00:00","breadcrumb":{"@id":"https:\/\/leonardocincinelli.com\/art-projects\/free-improvisation\/#breadcrumb"},"inLanguage":"es","potentialAction":[{"@type":"ReadAction","target":["https:\/\/leonardocincinelli.com\/art-projects\/free-improvisation\/"]}]},{"@type":"ImageObject","inLanguage":"es","@id":"https:\/\/leonardocincinelli.com\/art-projects\/free-improvisation\/#primaryimage","url":"https:\/\/leonardocincinelli.com\/wp-content\/uploads\/2025\/03\/4-La-otra-jam-copia-3.png","contentUrl":"https:\/\/leonardocincinelli.com\/wp-content\/uploads\/2025\/03\/4-La-otra-jam-copia-3.png"},{"@type":"BreadcrumbList","@id":"https:\/\/leonardocincinelli.com\/art-projects\/free-improvisation\/#breadcrumb","itemListElement":[{"@type":"ListItem","position":1,"name":"Portada","item":"https:\/\/leonardocincinelli.com\/"},{"@type":"ListItem","position":2,"name":"Creative Projects","item":"https:\/\/leonardocincinelli.com\/art-projects\/"},{"@type":"ListItem","position":3,"name":"The Free Improvisation"}]},{"@type":"WebSite","@id":"https:\/\/leonardocincinelli.com\/#website","url":"https:\/\/leonardocincinelli.com\/","name":"Leonardo Cincinelli","description":"Dise\u00f1ador musical","publisher":{"@id":"https:\/\/leonardocincinelli.com\/#\/schema\/person\/4e8f938b0ba55bdd58344f52ffb3acf1"},"potentialAction":[{"@type":"SearchAction","target":{"@type":"EntryPoint","urlTemplate":"https:\/\/leonardocincinelli.com\/?s={search_term_string}"},"query-input":{"@type":"PropertyValueSpecification","valueRequired":true,"valueName":"search_term_string"}}],"inLanguage":"es"},{"@type":["Person","Organization"],"@id":"https:\/\/leonardocincinelli.com\/#\/schema\/person\/4e8f938b0ba55bdd58344f52ffb3acf1","name":"Leonardo Cincinelli","image":{"@type":"ImageObject","inLanguage":"es","@id":"https:\/\/leonardocincinelli.com\/wp-content\/uploads\/2025\/01\/LogoWEB-e1740150454111.png","url":"https:\/\/leonardocincinelli.com\/wp-content\/uploads\/2025\/01\/LogoWEB-e1740150454111.png","contentUrl":"https:\/\/leonardocincinelli.com\/wp-content\/uploads\/2025\/01\/LogoWEB-e1740150454111.png","width":500,"height":385,"caption":"Leonardo Cincinelli"},"logo":{"@id":"https:\/\/leonardocincinelli.com\/wp-content\/uploads\/2025\/01\/LogoWEB-e1740150454111.png"}}]}},"_hostinger_reach_plugin_has_subscription_block":false,"_hostinger_reach_plugin_is_elementor":false,"_links":{"self":[{"href":"https:\/\/leonardocincinelli.com\/es\/wp-json\/wp\/v2\/pages\/698","targetHints":{"allow":["GET"]}}],"collection":[{"href":"https:\/\/leonardocincinelli.com\/es\/wp-json\/wp\/v2\/pages"}],"about":[{"href":"https:\/\/leonardocincinelli.com\/es\/wp-json\/wp\/v2\/types\/page"}],"author":[{"embeddable":true,"href":"https:\/\/leonardocincinelli.com\/es\/wp-json\/wp\/v2\/users\/8"}],"replies":[{"embeddable":true,"href":"https:\/\/leonardocincinelli.com\/es\/wp-json\/wp\/v2\/comments?post=698"}],"version-history":[{"count":62,"href":"https:\/\/leonardocincinelli.com\/es\/wp-json\/wp\/v2\/pages\/698\/revisions"}],"predecessor-version":[{"id":2170,"href":"https:\/\/leonardocincinelli.com\/es\/wp-json\/wp\/v2\/pages\/698\/revisions\/2170"}],"up":[{"embeddable":true,"href":"https:\/\/leonardocincinelli.com\/es\/wp-json\/wp\/v2\/pages\/82"}],"wp:attachment":[{"href":"https:\/\/leonardocincinelli.com\/es\/wp-json\/wp\/v2\/media?parent=698"}],"curies":[{"name":"wp","href":"https:\/\/api.w.org\/{rel}","templated":true}]}}