{"id":1594,"date":"2025-04-17T09:44:56","date_gmt":"2025-04-17T07:44:56","guid":{"rendered":"https:\/\/leonardocincinelli.com\/?page_id=1594"},"modified":"2025-04-17T12:00:49","modified_gmt":"2025-04-17T10:00:49","slug":"lostress","status":"publish","type":"page","link":"https:\/\/leonardocincinelli.com\/fr\/art-projects\/lostress\/","title":{"rendered":"Lostress"},"content":{"rendered":"<div data-elementor-type=\"wp-page\" data-elementor-id=\"1594\" class=\"elementor elementor-1594\" data-elementor-post-type=\"page\">\n\t\t\t\t<div class=\"elementor-element elementor-element-2dfdce8 e-flex e-con-boxed e-con e-parent\" data-id=\"2dfdce8\" data-element_type=\"container\" data-e-type=\"container\" data-settings=\"{&quot;background_background&quot;:&quot;classic&quot;}\">\n\t\t\t\t\t<div class=\"e-con-inner\">\n\t\t\t\t<div class=\"elementor-element elementor-element-41ccfd1c elementor-widget elementor-widget-heading\" data-id=\"41ccfd1c\" data-element_type=\"widget\" data-e-type=\"widget\" data-widget_type=\"heading.default\">\n\t\t\t\t<div class=\"elementor-widget-container\">\n\t\t\t\t\t<h2 class=\"elementor-heading-title elementor-size-default\">Lostress<\/h2>\t\t\t\t<\/div>\n\t\t\t\t<\/div>\n\t\t\t\t\t<\/div>\n\t\t\t\t<\/div>\n\t\t<div class=\"elementor-element elementor-element-8832b0c e-flex e-con-boxed e-con e-parent\" data-id=\"8832b0c\" data-element_type=\"container\" data-e-type=\"container\">\n\t\t\t\t\t<div class=\"e-con-inner\">\n\t\t<div class=\"elementor-element elementor-element-913aac0 e-con-full e-flex e-con e-child\" data-id=\"913aac0\" data-element_type=\"container\" data-e-type=\"container\">\n\t\t\t\t<div class=\"elementor-element elementor-element-ca41d1a elementor-widget elementor-widget-text-editor\" data-id=\"ca41d1a\" data-element_type=\"widget\" data-e-type=\"widget\" data-widget_type=\"text-editor.default\">\n\t\t\t\t<div class=\"elementor-widget-container\">\n\t\t\t\t\t\t\t\t\t<p data-start=\"16\" data-end=\"381\"><em data-start=\"16\" data-end=\"26\">Lostress<\/em> est le trio avec lequel Leonardo a fait ses premiers pas en tant que pianiste et compositeur de jazz (2002-2009). Initialement form\u00e9 avec Marco Balsimelli \u00e0 la basse (remplac\u00e9 plus tard par Emiliano Amaddii) et Simone Duranti \u00e0 la batterie, le trio a principalement jou\u00e9 des compositions originales ainsi que des arrangements de standards de jazz, s'aventurant occasionnellement dans l'improvisation libre.<\/p><p data-start=\"383\" data-end=\"560\">Leurs compositions \u00e9taient loin d'\u00eatre conventionnelles, adoptant une approche plus cr\u00e9ative et stylistiquement insaisissable qui m\u00ealait diverses influences au-del\u00e0 des structures traditionnelles du jazz.<\/p><p data-start=\"562\" data-end=\"774\" data-is-last-node=\"\" data-is-only-node=\"\">Le trio s'est produit dans de nombreux festivals et clubs du centre de l'Italie, collaborant avec des artistes tels que le saxophoniste Daniele Malvisi et la danseuse contemporaine Katia Frese dans le spectacle th\u00e9\u00e2tral\/musical <em data-start=\"765\" data-end=\"774\" data-is-last-node=\"\">Feblus.<\/em><\/p>\t\t\t\t\t\t\t\t<\/div>\n\t\t\t\t<\/div>\n\t\t\t\t<div class=\"elementor-element elementor-element-29562ae elementor-widget elementor-widget-image\" data-id=\"29562ae\" data-element_type=\"widget\" data-e-type=\"widget\" data-widget_type=\"image.default\">\n\t\t\t\t<div class=\"elementor-widget-container\">\n\t\t\t\t\t\t\t\t\t\t\t\t\t\t\t<img fetchpriority=\"high\" decoding=\"async\" width=\"1367\" height=\"909\" src=\"https:\/\/leonardocincinelli.com\/wp-content\/uploads\/2025\/03\/DSCF0050.png\" class=\"attachment-full size-full wp-image-815\" alt=\"\" srcset=\"https:\/\/leonardocincinelli.com\/wp-content\/uploads\/2025\/03\/DSCF0050.png 1367w, https:\/\/leonardocincinelli.com\/wp-content\/uploads\/2025\/03\/DSCF0050-300x199.png 300w, https:\/\/leonardocincinelli.com\/wp-content\/uploads\/2025\/03\/DSCF0050-1024x681.png 1024w, https:\/\/leonardocincinelli.com\/wp-content\/uploads\/2025\/03\/DSCF0050-768x511.png 768w, https:\/\/leonardocincinelli.com\/wp-content\/uploads\/2025\/03\/DSCF0050-18x12.png 18w\" sizes=\"(max-width: 1367px) 100vw, 1367px\" \/>\t\t\t\t\t\t\t\t\t\t\t\t\t\t\t<\/div>\n\t\t\t\t<\/div>\n\t\t\t\t<div class=\"elementor-element elementor-element-23e2abf elementor-widget elementor-widget-video\" data-id=\"23e2abf\" data-element_type=\"widget\" data-e-type=\"widget\" data-settings=\"{&quot;youtube_url&quot;:&quot;https:\\\/\\\/youtu.be\\\/8eO2VZuvBiA?si=NMoy0hiW01febb-E&quot;,&quot;video_type&quot;:&quot;youtube&quot;,&quot;controls&quot;:&quot;yes&quot;}\" data-widget_type=\"video.default\">\n\t\t\t\t<div class=\"elementor-widget-container\">\n\t\t\t\t\t\t\t<div class=\"elementor-wrapper elementor-open-inline\">\n\t\t\t<div class=\"elementor-video\"><\/div>\t\t<\/div>\n\t\t\t\t\t\t<\/div>\n\t\t\t\t<\/div>\n\t\t\t\t<\/div>\n\t\t<div class=\"elementor-element elementor-element-c77e844 e-con-full e-flex e-con e-child\" data-id=\"c77e844\" data-element_type=\"container\" data-e-type=\"container\">\n\t\t\t\t<div class=\"elementor-element elementor-element-6fb35f0 elementor-widget elementor-widget-image\" data-id=\"6fb35f0\" data-element_type=\"widget\" data-e-type=\"widget\" data-widget_type=\"image.default\">\n\t\t\t\t<div class=\"elementor-widget-container\">\n\t\t\t\t\t\t\t\t\t\t\t\t\t\t\t<img decoding=\"async\" width=\"2560\" height=\"1920\" src=\"https:\/\/leonardocincinelli.com\/wp-content\/uploads\/2025\/03\/ASedere.jpg\" class=\"attachment-full size-full wp-image-814\" alt=\"\" srcset=\"https:\/\/leonardocincinelli.com\/wp-content\/uploads\/2025\/03\/ASedere.jpg 2560w, https:\/\/leonardocincinelli.com\/wp-content\/uploads\/2025\/03\/ASedere-300x225.jpg 300w, https:\/\/leonardocincinelli.com\/wp-content\/uploads\/2025\/03\/ASedere-1024x768.jpg 1024w, https:\/\/leonardocincinelli.com\/wp-content\/uploads\/2025\/03\/ASedere-768x576.jpg 768w, https:\/\/leonardocincinelli.com\/wp-content\/uploads\/2025\/03\/ASedere-1536x1152.jpg 1536w, https:\/\/leonardocincinelli.com\/wp-content\/uploads\/2025\/03\/ASedere-2048x1536.jpg 2048w, https:\/\/leonardocincinelli.com\/wp-content\/uploads\/2025\/03\/ASedere-16x12.jpg 16w\" sizes=\"(max-width: 2560px) 100vw, 2560px\" \/>\t\t\t\t\t\t\t\t\t\t\t\t\t\t\t<\/div>\n\t\t\t\t<\/div>\n\t\t<div class=\"elementor-element elementor-element-1a91e16 e-con-full e-flex e-con e-child\" data-id=\"1a91e16\" data-element_type=\"container\" data-e-type=\"container\">\n\t\t\t\t<div class=\"elementor-element elementor-element-7a5aec1 elementor-widget elementor-widget-html\" data-id=\"7a5aec1\" data-element_type=\"widget\" data-e-type=\"widget\" data-widget_type=\"html.default\">\n\t\t\t\t<div class=\"elementor-widget-container\">\n\t\t\t\t\t<iframe style=\"border: 0; width: 350px; height: 470px;\"\r\nsrc=\"https:\/\/bandcamp.com\/EmbeddedPlayer\/album=500174022\/size=large\/bgcol=ffffff\/linkcol=63b2cc\/tracklist=false\/transparent=true\/\"\r\nseamless><a href=\"https:\/\/lostress.bandcamp.com\/album\/lostress-2\">lostress par lostress<\/a><\/iframe>\r\n\t\t\t\t<\/div>\n\t\t\t\t<\/div>\n\t\t\t\t<\/div>\n\t\t\t\t<\/div>\n\t\t\t\t\t<\/div>\n\t\t\t\t<\/div>\n\t\t\t\t<\/div>","protected":false},"excerpt":{"rendered":"<p>Lostress was the trio with which Leonardo took his first steps as a jazz pianist and composer (2002-2009). Initially formed with Marco Balsimelli on bass (later replaced by Emiliano Amaddii) and Simone Duranti on drums, the trio primarily performed original compositions as well as arrangements of jazz standards, occasionally venturing into free improvisation. Their compositions [&hellip;]<\/p>\n","protected":false},"author":9,"featured_media":0,"parent":82,"menu_order":0,"comment_status":"closed","ping_status":"closed","template":"elementor_header_footer","meta":{"footnotes":""},"class_list":["post-1594","page","type-page","status-publish","hentry"],"yoast_head":"<!-- This site is optimized with the Yoast SEO plugin v27.3 - https:\/\/yoast.com\/product\/yoast-seo-wordpress\/ -->\n<title>Lostress - Leonardo Cincinelli<\/title>\n<meta name=\"robots\" content=\"index, follow, max-snippet:-1, max-image-preview:large, max-video-preview:-1\" \/>\n<link rel=\"canonical\" href=\"https:\/\/leonardocincinelli.com\/fr\/art-projects\/lostress\/\" \/>\n<meta property=\"og:locale\" content=\"fr_FR\" \/>\n<meta property=\"og:type\" content=\"article\" \/>\n<meta property=\"og:title\" content=\"Lostress - Leonardo Cincinelli\" \/>\n<meta property=\"og:description\" content=\"Lostress was the trio with which Leonardo took his first steps as a jazz pianist and composer (2002-2009). Initially formed with Marco Balsimelli on bass (later replaced by Emiliano Amaddii) and Simone Duranti on drums, the trio primarily performed original compositions as well as arrangements of jazz standards, occasionally venturing into free improvisation. Their compositions [&hellip;]\" \/>\n<meta property=\"og:url\" content=\"https:\/\/leonardocincinelli.com\/fr\/art-projects\/lostress\/\" \/>\n<meta property=\"og:site_name\" content=\"Leonardo Cincinelli\" \/>\n<meta property=\"article:modified_time\" content=\"2025-04-17T10:00:49+00:00\" \/>\n<meta property=\"og:image\" content=\"https:\/\/leonardocincinelli.com\/wp-content\/uploads\/2025\/03\/DSCF0050.png\" \/>\n\t<meta property=\"og:image:width\" content=\"1367\" \/>\n\t<meta property=\"og:image:height\" content=\"909\" \/>\n\t<meta property=\"og:image:type\" content=\"image\/png\" \/>\n<meta name=\"twitter:card\" content=\"summary_large_image\" \/>\n<meta name=\"twitter:label1\" content=\"Dur\u00e9e de lecture estim\u00e9e\" \/>\n\t<meta name=\"twitter:data1\" content=\"1 minute\" \/>\n<script type=\"application\/ld+json\" class=\"yoast-schema-graph\">{\"@context\":\"https:\\\/\\\/schema.org\",\"@graph\":[{\"@type\":\"WebPage\",\"@id\":\"https:\\\/\\\/leonardocincinelli.com\\\/art-projects\\\/lostress\\\/\",\"url\":\"https:\\\/\\\/leonardocincinelli.com\\\/art-projects\\\/lostress\\\/\",\"name\":\"Lostress - Leonardo Cincinelli\",\"isPartOf\":{\"@id\":\"https:\\\/\\\/leonardocincinelli.com\\\/#website\"},\"primaryImageOfPage\":{\"@id\":\"https:\\\/\\\/leonardocincinelli.com\\\/art-projects\\\/lostress\\\/#primaryimage\"},\"image\":{\"@id\":\"https:\\\/\\\/leonardocincinelli.com\\\/art-projects\\\/lostress\\\/#primaryimage\"},\"thumbnailUrl\":\"https:\\\/\\\/leonardocincinelli.com\\\/wp-content\\\/uploads\\\/2025\\\/03\\\/DSCF0050.png\",\"datePublished\":\"2025-04-17T07:44:56+00:00\",\"dateModified\":\"2025-04-17T10:00:49+00:00\",\"breadcrumb\":{\"@id\":\"https:\\\/\\\/leonardocincinelli.com\\\/art-projects\\\/lostress\\\/#breadcrumb\"},\"inLanguage\":\"fr-FR\",\"potentialAction\":[{\"@type\":\"ReadAction\",\"target\":[\"https:\\\/\\\/leonardocincinelli.com\\\/art-projects\\\/lostress\\\/\"]}]},{\"@type\":\"ImageObject\",\"inLanguage\":\"fr-FR\",\"@id\":\"https:\\\/\\\/leonardocincinelli.com\\\/art-projects\\\/lostress\\\/#primaryimage\",\"url\":\"https:\\\/\\\/leonardocincinelli.com\\\/wp-content\\\/uploads\\\/2025\\\/03\\\/DSCF0050.png\",\"contentUrl\":\"https:\\\/\\\/leonardocincinelli.com\\\/wp-content\\\/uploads\\\/2025\\\/03\\\/DSCF0050.png\"},{\"@type\":\"BreadcrumbList\",\"@id\":\"https:\\\/\\\/leonardocincinelli.com\\\/art-projects\\\/lostress\\\/#breadcrumb\",\"itemListElement\":[{\"@type\":\"ListItem\",\"position\":1,\"name\":\"Portada\",\"item\":\"https:\\\/\\\/leonardocincinelli.com\\\/\"},{\"@type\":\"ListItem\",\"position\":2,\"name\":\"Creative Projects\",\"item\":\"https:\\\/\\\/leonardocincinelli.com\\\/art-projects\\\/\"},{\"@type\":\"ListItem\",\"position\":3,\"name\":\"Lostress\"}]},{\"@type\":\"WebSite\",\"@id\":\"https:\\\/\\\/leonardocincinelli.com\\\/#website\",\"url\":\"https:\\\/\\\/leonardocincinelli.com\\\/\",\"name\":\"Leonardo Cincinelli\",\"description\":\"Music Designer\",\"publisher\":{\"@id\":\"https:\\\/\\\/leonardocincinelli.com\\\/#\\\/schema\\\/person\\\/4e8f938b0ba55bdd58344f52ffb3acf1\"},\"potentialAction\":[{\"@type\":\"SearchAction\",\"target\":{\"@type\":\"EntryPoint\",\"urlTemplate\":\"https:\\\/\\\/leonardocincinelli.com\\\/?s={search_term_string}\"},\"query-input\":{\"@type\":\"PropertyValueSpecification\",\"valueRequired\":true,\"valueName\":\"search_term_string\"}}],\"inLanguage\":\"fr-FR\"},{\"@type\":[\"Person\",\"Organization\"],\"@id\":\"https:\\\/\\\/leonardocincinelli.com\\\/#\\\/schema\\\/person\\\/4e8f938b0ba55bdd58344f52ffb3acf1\",\"name\":\"Leonardo Cincinelli\",\"image\":{\"@type\":\"ImageObject\",\"inLanguage\":\"fr-FR\",\"@id\":\"https:\\\/\\\/leonardocincinelli.com\\\/wp-content\\\/uploads\\\/2025\\\/01\\\/LogoWEB-e1740150454111.png\",\"url\":\"https:\\\/\\\/leonardocincinelli.com\\\/wp-content\\\/uploads\\\/2025\\\/01\\\/LogoWEB-e1740150454111.png\",\"contentUrl\":\"https:\\\/\\\/leonardocincinelli.com\\\/wp-content\\\/uploads\\\/2025\\\/01\\\/LogoWEB-e1740150454111.png\",\"width\":500,\"height\":385,\"caption\":\"Leonardo Cincinelli\"},\"logo\":{\"@id\":\"https:\\\/\\\/leonardocincinelli.com\\\/wp-content\\\/uploads\\\/2025\\\/01\\\/LogoWEB-e1740150454111.png\"}}]}<\/script>\n<!-- \/ Yoast SEO plugin. -->","yoast_head_json":{"title":"Lostress - Leonardo Cincinelli","robots":{"index":"index","follow":"follow","max-snippet":"max-snippet:-1","max-image-preview":"max-image-preview:large","max-video-preview":"max-video-preview:-1"},"canonical":"https:\/\/leonardocincinelli.com\/fr\/art-projects\/lostress\/","og_locale":"fr_FR","og_type":"article","og_title":"Lostress - Leonardo Cincinelli","og_description":"Lostress was the trio with which Leonardo took his first steps as a jazz pianist and composer (2002-2009). Initially formed with Marco Balsimelli on bass (later replaced by Emiliano Amaddii) and Simone Duranti on drums, the trio primarily performed original compositions as well as arrangements of jazz standards, occasionally venturing into free improvisation. Their compositions [&hellip;]","og_url":"https:\/\/leonardocincinelli.com\/fr\/art-projects\/lostress\/","og_site_name":"Leonardo Cincinelli","article_modified_time":"2025-04-17T10:00:49+00:00","og_image":[{"width":1367,"height":909,"url":"https:\/\/leonardocincinelli.com\/wp-content\/uploads\/2025\/03\/DSCF0050.png","type":"image\/png"}],"twitter_card":"summary_large_image","twitter_misc":{"Dur\u00e9e de lecture estim\u00e9e":"1 minute"},"schema":{"@context":"https:\/\/schema.org","@graph":[{"@type":"WebPage","@id":"https:\/\/leonardocincinelli.com\/art-projects\/lostress\/","url":"https:\/\/leonardocincinelli.com\/art-projects\/lostress\/","name":"Lostress - Leonardo Cincinelli","isPartOf":{"@id":"https:\/\/leonardocincinelli.com\/#website"},"primaryImageOfPage":{"@id":"https:\/\/leonardocincinelli.com\/art-projects\/lostress\/#primaryimage"},"image":{"@id":"https:\/\/leonardocincinelli.com\/art-projects\/lostress\/#primaryimage"},"thumbnailUrl":"https:\/\/leonardocincinelli.com\/wp-content\/uploads\/2025\/03\/DSCF0050.png","datePublished":"2025-04-17T07:44:56+00:00","dateModified":"2025-04-17T10:00:49+00:00","breadcrumb":{"@id":"https:\/\/leonardocincinelli.com\/art-projects\/lostress\/#breadcrumb"},"inLanguage":"fr-FR","potentialAction":[{"@type":"ReadAction","target":["https:\/\/leonardocincinelli.com\/art-projects\/lostress\/"]}]},{"@type":"ImageObject","inLanguage":"fr-FR","@id":"https:\/\/leonardocincinelli.com\/art-projects\/lostress\/#primaryimage","url":"https:\/\/leonardocincinelli.com\/wp-content\/uploads\/2025\/03\/DSCF0050.png","contentUrl":"https:\/\/leonardocincinelli.com\/wp-content\/uploads\/2025\/03\/DSCF0050.png"},{"@type":"BreadcrumbList","@id":"https:\/\/leonardocincinelli.com\/art-projects\/lostress\/#breadcrumb","itemListElement":[{"@type":"ListItem","position":1,"name":"Portada","item":"https:\/\/leonardocincinelli.com\/"},{"@type":"ListItem","position":2,"name":"Creative Projects","item":"https:\/\/leonardocincinelli.com\/art-projects\/"},{"@type":"ListItem","position":3,"name":"Lostress"}]},{"@type":"WebSite","@id":"https:\/\/leonardocincinelli.com\/#website","url":"https:\/\/leonardocincinelli.com\/","name":"Leonardo Cincinelli","description":"Concepteur musical","publisher":{"@id":"https:\/\/leonardocincinelli.com\/#\/schema\/person\/4e8f938b0ba55bdd58344f52ffb3acf1"},"potentialAction":[{"@type":"SearchAction","target":{"@type":"EntryPoint","urlTemplate":"https:\/\/leonardocincinelli.com\/?s={search_term_string}"},"query-input":{"@type":"PropertyValueSpecification","valueRequired":true,"valueName":"search_term_string"}}],"inLanguage":"fr-FR"},{"@type":["Person","Organization"],"@id":"https:\/\/leonardocincinelli.com\/#\/schema\/person\/4e8f938b0ba55bdd58344f52ffb3acf1","name":"Leonardo Cincinelli","image":{"@type":"ImageObject","inLanguage":"fr-FR","@id":"https:\/\/leonardocincinelli.com\/wp-content\/uploads\/2025\/01\/LogoWEB-e1740150454111.png","url":"https:\/\/leonardocincinelli.com\/wp-content\/uploads\/2025\/01\/LogoWEB-e1740150454111.png","contentUrl":"https:\/\/leonardocincinelli.com\/wp-content\/uploads\/2025\/01\/LogoWEB-e1740150454111.png","width":500,"height":385,"caption":"Leonardo Cincinelli"},"logo":{"@id":"https:\/\/leonardocincinelli.com\/wp-content\/uploads\/2025\/01\/LogoWEB-e1740150454111.png"}}]}},"_hostinger_reach_plugin_has_subscription_block":false,"_hostinger_reach_plugin_is_elementor":false,"_links":{"self":[{"href":"https:\/\/leonardocincinelli.com\/fr\/wp-json\/wp\/v2\/pages\/1594","targetHints":{"allow":["GET"]}}],"collection":[{"href":"https:\/\/leonardocincinelli.com\/fr\/wp-json\/wp\/v2\/pages"}],"about":[{"href":"https:\/\/leonardocincinelli.com\/fr\/wp-json\/wp\/v2\/types\/page"}],"author":[{"embeddable":true,"href":"https:\/\/leonardocincinelli.com\/fr\/wp-json\/wp\/v2\/users\/9"}],"replies":[{"embeddable":true,"href":"https:\/\/leonardocincinelli.com\/fr\/wp-json\/wp\/v2\/comments?post=1594"}],"version-history":[{"count":7,"href":"https:\/\/leonardocincinelli.com\/fr\/wp-json\/wp\/v2\/pages\/1594\/revisions"}],"predecessor-version":[{"id":1620,"href":"https:\/\/leonardocincinelli.com\/fr\/wp-json\/wp\/v2\/pages\/1594\/revisions\/1620"}],"up":[{"embeddable":true,"href":"https:\/\/leonardocincinelli.com\/fr\/wp-json\/wp\/v2\/pages\/82"}],"wp:attachment":[{"href":"https:\/\/leonardocincinelli.com\/fr\/wp-json\/wp\/v2\/media?parent=1594"}],"curies":[{"name":"wp","href":"https:\/\/api.w.org\/{rel}","templated":true}]}}