{"id":16,"date":"2025-01-27T08:51:21","date_gmt":"2025-01-27T07:51:21","guid":{"rendered":"https:\/\/leonardocincinelli.com\/?page_id=16"},"modified":"2025-03-24T18:32:28","modified_gmt":"2025-03-24T17:32:28","slug":"legal","status":"publish","type":"page","link":"https:\/\/leonardocincinelli.com\/fr\/legal\/","title":{"rendered":"Avis juridique"},"content":{"rendered":"<div data-elementor-type=\"wp-page\" data-elementor-id=\"16\" class=\"elementor elementor-16\" data-elementor-post-type=\"page\">\n\t\t\t\t<div class=\"elementor-element elementor-element-6b3dc11 e-flex e-con-boxed e-con e-parent\" data-id=\"6b3dc11\" data-element_type=\"container\" data-e-type=\"container\">\n\t\t\t\t\t<div class=\"e-con-inner\">\n\t\t\t\t<div class=\"elementor-element elementor-element-d5f70aa elementor-widget elementor-widget-heading\" data-id=\"d5f70aa\" data-element_type=\"widget\" data-e-type=\"widget\" data-widget_type=\"heading.default\">\n\t\t\t\t<div class=\"elementor-widget-container\">\n\t\t\t\t\t<h2 class=\"elementor-heading-title elementor-size-default\">Avis juridique<\/h2>\t\t\t\t<\/div>\n\t\t\t\t<\/div>\n\t\t\t\t<div class=\"elementor-element elementor-element-bfd8520 elementor-widget elementor-widget-text-editor\" data-id=\"bfd8520\" data-element_type=\"widget\" data-e-type=\"widget\" data-widget_type=\"text-editor.default\">\n\t\t\t\t<div class=\"elementor-widget-container\">\n\t\t\t\t\t\t\t\t\t<p>I. Informations g\u00e9n\u00e9rales Conform\u00e9ment au devoir d'information pr\u00e9vu par la loi 34\/2002 sur les services de la soci\u00e9t\u00e9 de l'information et du commerce \u00e9lectronique (LSSI-CE) du 11 juillet, les donn\u00e9es d'information g\u00e9n\u00e9rale suivantes sur ce site Web sont fournies ci-dessous : La propri\u00e9t\u00e9 de ce site web, leonardocincinelli.com, (ci-apr\u00e8s, le site web) est d\u00e9tenue par : Leonardo Cincinelli, avec<strong> NIF : Y0829271C<\/strong>et dont les coordonn\u00e9es sont les suivantes <strong>Adresse : Rue Vinaros 38, 4\u00e8me Premier 08003 Barceloneta<\/strong> <strong>T\u00e9l\u00e9phone de contact : +34672928561<\/strong> <strong>Courriel de contact : leonardo.cincinelli@gmail.com<\/strong> II. Conditions g\u00e9n\u00e9rales d'utilisation Objet des conditions : le site web Les pr\u00e9sentes conditions g\u00e9n\u00e9rales d'utilisation (ci-apr\u00e8s d\u00e9nomm\u00e9es \"conditions\") ont pour objet de r\u00e9glementer l'acc\u00e8s et l'utilisation du site web. Aux fins des pr\u00e9sentes conditions, on entend par site web l'aspect ext\u00e9rieur des interfaces d'\u00e9cran, tant statique que dynamique, c'est-\u00e0-dire l'arbre de navigation, ainsi que tous les \u00e9l\u00e9ments int\u00e9gr\u00e9s tant dans les interfaces d'\u00e9cran que dans l'arbre de navigation (ci-apr\u00e8s, les contenus) et tous les services ou ressources en ligne qui, dans leur cas, offrent des services aux utilisateurs (ci-apr\u00e8s, les services). Leonardo Cininelli se r\u00e9serve le pouvoir de modifier, \u00e0 tout moment et sans pr\u00e9avis, la pr\u00e9sentation et la configuration du site web ainsi que les contenus et les services qui pourraient y \u00eatre incorpor\u00e9s. L'utilisateur reconna\u00eet et accepte que Leonardo Cininelli puisse \u00e0 tout moment interrompre, d\u00e9sactiver et\/ou annuler n'importe lequel de ces \u00e9l\u00e9ments int\u00e9gr\u00e9s au site web ou l'acc\u00e8s \u00e0 ceux-ci. L'acc\u00e8s au site web par l'utilisateur est gratuit et, en r\u00e8gle g\u00e9n\u00e9rale, il est gratuit sans que l'utilisateur doive fournir une contrepartie pour en jouir, sauf en ce qui concerne le co\u00fbt de la connexion \u00e0 travers le r\u00e9seau de t\u00e9l\u00e9communications fourni par le fournisseur d'acc\u00e8s que l'utilisateur a engag\u00e9. L'utilisation de l'un des contenus ou services du site web peut se faire moyennant l'abonnement ou l'enregistrement pr\u00e9alable de l'utilisateur. L'utilisateur L'acc\u00e8s, la navigation et l'utilisation du site, ainsi que des espaces d'interaction entre les utilisateurs, l'utilisateur et Leonardo Cininelli, tels que les espaces de commentaires et\/ou de blogs, conf\u00e8rent la condition d'utilisateur, qui accepte donc, d\u00e8s le d\u00e9but de la navigation sur le site, toutes les conditions \u00e9tablies ici, ainsi que ses modifications ult\u00e9rieures, sans pr\u00e9judice de l'application des dispositions l\u00e9gales correspondantes en mati\u00e8re de conformit\u00e9. Compte tenu de la pertinence de ce qui pr\u00e9c\u00e8de, il est recommand\u00e9 \u00e0 l'utilisateur de les lire chaque fois qu'il visite le site. Le site Leonardo Cincinelli offre une grande diversit\u00e9 d'informations, de services et de donn\u00e9es. L'utilisateur assume la responsabilit\u00e9 de l'utilisation correcte du site. Cette responsabilit\u00e9 s'\u00e9tend \u00e0 Une utilisation des informations, contenus et\/ou services et donn\u00e9es offerts par Leonardo Cincinelli qui ne soit pas contraire aux dispositions des pr\u00e9sentes conditions, \u00e0 la loi, \u00e0 la morale ou \u00e0 l'ordre public, ou qui, de toute autre mani\u00e8re, puisse impliquer une atteinte aux droits de tiers ou au fonctionnement m\u00eame du site web. La v\u00e9racit\u00e9 et la l\u00e9galit\u00e9 des informations fournies par l'utilisateur dans les formulaires propos\u00e9s par Leonardo Cininelli pour l'acc\u00e8s \u00e0 certains contenus ou services offerts par le site web. Dans tous les cas, l'utilisateur notifiera imm\u00e9diatement \u00e0 Leonardo Cininelli tout fait permettant l'utilisation impropre des informations enregistr\u00e9es dans lesdits formulaires, comme, mais pas seulement, le vol, la perte ou l'acc\u00e8s non autoris\u00e9 aux identifiants et\/ou aux mots de passe, afin de proc\u00e9der \u00e0 leur annulation imm\u00e9diate. Leonardo Cininelli se r\u00e9serve le droit de retirer tous les commentaires et contributions qui violent la loi, le respect de la dignit\u00e9 de la personne, qui sont discriminatoires, x\u00e9nophobes, racistes, pornographiques, spamming, qui menacent la jeunesse ou l'enfance, l'ordre ou la s\u00e9curit\u00e9 publique ou qui, \u00e0 son avis, ne sont pas ad\u00e9quats pour la publication. En tout \u00e9tat de cause, Leonardo Cininelli ne sera pas responsable des opinions exprim\u00e9es par les utilisateurs \u00e0 travers les commentaires ou d'autres outils de blogging ou de participation qui pourraient exister. Le simple acc\u00e8s \u00e0 ce site n'implique pas l'\u00e9tablissement d'une relation commerciale entre Leonardo Cininelli et l'utilisateur. L'utilisateur d\u00e9clare \u00eatre majeur et disposer de la capacit\u00e9 juridique suffisante pour s'engager dans ces conditions. Par cons\u00e9quent, ce site Leonardo Cininelli n'est pas destin\u00e9 aux mineurs. Leonardo Cininelli d\u00e9cline toute responsabilit\u00e9 en cas de non-respect de cette condition. Le site est principalement destin\u00e9 aux utilisateurs r\u00e9sidant en Espagne. Leonardo Cininelli ne garantit pas que le site soit conforme aux lois d'autres pays, que ce soit totalement ou partiellement. Si l'utilisateur r\u00e9side ou a son domicile ailleurs et d\u00e9cide d'acc\u00e9der et\/ou de naviguer sur le site web, il le fera sous sa propre responsabilit\u00e9, il devra s'assurer que cet acc\u00e8s et cette navigation respectent la l\u00e9gislation locale qui lui est applicable, n'assumant \u00e0 Leonardo Cininelli aucune responsabilit\u00e9 pouvant d\u00e9couler de cet acc\u00e8s. III. Acc\u00e8s et navigation sur le site : exclusion de garanties et de responsabilit\u00e9 Leonardo Cincinelli ne garantit pas la continuit\u00e9, la disponibilit\u00e9 et l'utilit\u00e9 du site, de ses contenus ou de ses services. Leonardo Cininelli fera tout son possible pour assurer le bon fonctionnement du site, mais n'est pas responsable ni ne garantit que l'acc\u00e8s \u00e0 ce site sera ininterrompu ou qu'il ne contiendra pas d'erreurs. Il n'est pas non plus responsable ou garanti que le contenu ou le logiciel auquel il est possible d'acc\u00e9der par l'interm\u00e9diaire de ce site soit exempt d'erreurs ou cause des dommages au syst\u00e8me informatique (logiciel et mat\u00e9riel) de l'utilisateur. En aucun cas Leonardo Cincinelli ne sera responsable des pertes, dommages ou pr\u00e9judices de toute nature d\u00e9coulant de l'acc\u00e8s, de la navigation et de l'utilisation du site, y compris, mais sans s'y limiter, ceux caus\u00e9s aux syst\u00e8mes informatiques ou ceux caus\u00e9s par l'introduction de virus. Leonardo Cininelli n'est pas responsable des dommages qui pourraient \u00eatre caus\u00e9s aux utilisateurs pour une utilisation inappropri\u00e9e de ce site. En particulier, il n'est responsable d'aucune des chutes, interruptions, manques ou d\u00e9fauts des t\u00e9l\u00e9communications qui pourraient se produire. IV. Politique des liens Il est signal\u00e9 que le site Leonardo Cincinelli met ou peut mettre \u00e0 disposition des utilisateurs des m\u00e9dias li\u00e9s (tels que, entre autres, des liens, des banni\u00e8res, des boutons), des annuaires et des moteurs de recherche qui permettent aux utilisateurs d'acc\u00e9der \u00e0 des sites web appartenant et\/ou g\u00e9r\u00e9s par des tiers. L'installation de ces liens, annuaires et moteurs de recherche sur le site a pour but de faciliter aux utilisateurs la recherche et l'acc\u00e8s aux informations disponibles sur Internet, sans \u00eatre consid\u00e9r\u00e9e comme une suggestion, une recommandation ou une invitation \u00e0 les visiter. Leonardo Cininelli n'offre ni ne commercialise, par elle-m\u00eame ou par l'interm\u00e9diaire de tiers, les produits et\/ou les services disponibles sur ces sites li\u00e9s. De m\u00eame, elle ne garantit pas la disponibilit\u00e9 technique, l'exactitude, la v\u00e9racit\u00e9, la validit\u00e9 ou la l\u00e9galit\u00e9 des sites ext\u00e9rieurs \u00e0 sa propri\u00e9t\u00e9 auxquels il est possible d'acc\u00e9der par le biais des liens. Leonardo Cincinelli ne r\u00e9vise ni ne contr\u00f4le en aucun cas le contenu des autres sites web, ni n'approuve, n'examine ni ne fait les produits et les services, les contenus, les fichiers et tout autre mat\u00e9riel existant dans les sites li\u00e9s susmentionn\u00e9s. Leonardo Cincinelli n'assume aucune responsabilit\u00e9 pour les dommages qui pourraient \u00eatre caus\u00e9s par l'acc\u00e8s, l'utilisation, la qualit\u00e9 ou la conduite des contenus, des communications, des opinions, des produits et des services des sites non g\u00e9r\u00e9s par Leonardo Cincinelli et qui sont li\u00e9s \u00e0 ce site. L'utilisateur ou le tiers qui souhaite cr\u00e9er un lien hypertexte d'un autre site web, diff\u00e9rent, vers le site web de Leonardo Cininelli doit savoir que : Il n'est pas permis de reproduire - totalement ou partiellement - les contenus et\/ou les services du site sans l'autorisation expresse de Leonardo Cincinelli. Aucune manifestation fausse, inexacte ou incorrecte n'est autoris\u00e9e sur le site Leonardo Cininelli, ni sur ses contenus et\/ou services. \u00c0 l'exception de l'hyperlien, le site web sur lequel est \u00e9tabli cet hyperlien ne contiendra aucun \u00e9l\u00e9ment de ce site web prot\u00e9g\u00e9 en tant que propri\u00e9t\u00e9 intellectuelle par le syst\u00e8me juridique espagnol, sauf autorisation expresse de Leonardo Cincinelli. L'\u00e9tablissement d'un hyperlien n'impliquera pas l'existence de relations entre Leonardo Cincinelli et le responsable du site web \u00e0 partir duquel il est r\u00e9alis\u00e9, ni la connaissance et l'acceptation par Leonardo Cincinelli des contenus, services et\/ou activit\u00e9s offerts sur ledit site web, et vice-versa. V. Propri\u00e9t\u00e9 intellectuelle et industrielle Leonardo Cininelli, en elle-m\u00eame ou en tant que partie cessionnaire, est titulaire de tous les droits de propri\u00e9t\u00e9 intellectuelle et industrielle du site web, ainsi que des \u00e9l\u00e9ments qu'il contient (\u00e0 titre \u00e9nonciatif et non exhaustif, images, sons, audio, vid\u00e9o, logiciels ou textes, marques ou logos, combinaisons de couleurs, structure et design, s\u00e9lection des mat\u00e9riaux utilis\u00e9s, programmes informatiques n\u00e9cessaires \u00e0 son fonctionnement, \u00e0 son acc\u00e8s et \u00e0 son utilisation, etc.) ). Ils seront donc des \u0153uvres prot\u00e9g\u00e9es en tant que propri\u00e9t\u00e9 intellectuelle par le syst\u00e8me juridique espagnol, \u00e9tant applicables les r\u00e9glementations espagnoles et communautaires en la mati\u00e8re, ainsi que les trait\u00e9s internationaux relatifs \u00e0 ce sujet et sign\u00e9s par l'Espagne. Tous les droits sont r\u00e9serv\u00e9s. En vertu des dispositions de la loi sur la propri\u00e9t\u00e9 intellectuelle, la reproduction, la distribution et la communication publique, y compris sa modalit\u00e9 de mise \u00e0 disposition, de la totalit\u00e9 ou d'une partie des contenus de ce site Web, \u00e0 des fins commerciales, sur tout support et par tout moyen technique, sans l'autorisation de Leonardo Cintelli. L'utilisateur s'engage \u00e0 respecter les droits de propri\u00e9t\u00e9 intellectuelle et industrielle de Leonardo Cintelli. Vous pouvez visualiser les \u00e9l\u00e9ments du site web ou m\u00eame les imprimer, les copier et les stocker sur le disque dur de votre ordinateur ou sur tout autre support physique \u00e0 condition qu'il s'agisse, exclusivement, d'un usage personnel. L'utilisateur ne pourra toutefois pas supprimer, modifier ou manipuler un dispositif de protection ou un syst\u00e8me de s\u00e9curit\u00e9 install\u00e9 sur le site web. Si l'utilisateur ou un tiers consid\u00e8re que l'un des contenus du site suppose une violation des droits de protection de la propri\u00e9t\u00e9 intellectuelle, il doit le communiquer imm\u00e9diatement \u00e0 Leonardo Cincinelli par le biais des donn\u00e9es de contact de la section des informations g\u00e9n\u00e9rales du pr\u00e9sent avis juridique et des conditions g\u00e9n\u00e9rales d'utilisation. VI. Actions l\u00e9gales, l\u00e9gislation applicable et juridiction Leonardo Cincinelli se r\u00e9serve le pouvoir de pr\u00e9senter les actions civiles ou p\u00e9nales qu'elle consid\u00e8re n\u00e9cessaires pour l'utilisation impropre du site web et des contenus, ou pour la violation de ces conditions. La relation entre l'utilisateur et Leonardo Cincinelli sera r\u00e9gie par la r\u00e9glementation en vigueur et son application sur le territoire espagnol. En cas de controverse sur l'interpr\u00e9tation et\/ou l'application de ces conditions, les parties soumettront leurs conflits \u00e0 la juridiction ordinaire en s'en remettant aux juges et aux tribunaux qui correspondent \u00e0 la loi.<\/p>\t\t\t\t\t\t\t\t<\/div>\n\t\t\t\t<\/div>\n\t\t\t\t\t<\/div>\n\t\t\t\t<\/div>\n\t\t\t\t<\/div>","protected":false},"excerpt":{"rendered":"<p>Legal notice I. General Information In compliance with the duty of information provided in Law 34\/2002 on Services of the Information Society and Electronic Commerce (LSSI-CE) of July 11, the following general information data on this website are facilitated below: The ownership of this website, leonardocincinelli.com, (hereinafter, website) is held: Leonardo Cincinelli, with NIF: Y0829271C, [&hellip;]<\/p>\n","protected":false},"author":2,"featured_media":0,"parent":0,"menu_order":31,"comment_status":"closed","ping_status":"open","template":"elementor_header_footer","meta":{"footnotes":""},"class_list":["post-16","page","type-page","status-publish","hentry"],"yoast_head":"<!-- This site is optimized with the Yoast SEO plugin v27.3 - https:\/\/yoast.com\/product\/yoast-seo-wordpress\/ -->\n<title>Aviso legal - Leonardo Cincinelli<\/title>\n<meta name=\"robots\" content=\"noindex, follow\" \/>\n<meta property=\"og:locale\" content=\"fr_FR\" \/>\n<meta property=\"og:type\" content=\"article\" \/>\n<meta property=\"og:title\" content=\"Aviso legal - Leonardo Cincinelli\" \/>\n<meta property=\"og:description\" content=\"Legal notice I. General Information In compliance with the duty of information provided in Law 34\/2002 on Services of the Information Society and Electronic Commerce (LSSI-CE) of July 11, the following general information data on this website are facilitated below: The ownership of this website, leonardocincinelli.com, (hereinafter, website) is held: Leonardo Cincinelli, with NIF: Y0829271C, [&hellip;]\" \/>\n<meta property=\"og:url\" content=\"https:\/\/leonardocincinelli.com\/fr\/legal\/\" \/>\n<meta property=\"og:site_name\" content=\"Leonardo Cincinelli\" \/>\n<meta property=\"article:modified_time\" content=\"2025-03-24T17:32:28+00:00\" \/>\n<meta property=\"og:image\" content=\"https:\/\/leonardocincinelli.com\/wp-content\/uploads\/2025\/03\/home-2-819x1024.jpg\" \/>\n\t<meta property=\"og:image:width\" content=\"819\" \/>\n\t<meta property=\"og:image:height\" content=\"1024\" \/>\n\t<meta property=\"og:image:type\" content=\"image\/jpeg\" \/>\n<meta name=\"twitter:card\" content=\"summary_large_image\" \/>\n<meta name=\"twitter:label1\" content=\"Dur\u00e9e de lecture estim\u00e9e\" \/>\n\t<meta name=\"twitter:data1\" content=\"8 minutes\" \/>\n<script type=\"application\/ld+json\" class=\"yoast-schema-graph\">{\"@context\":\"https:\\\/\\\/schema.org\",\"@graph\":[{\"@type\":\"WebPage\",\"@id\":\"https:\\\/\\\/leonardocincinelli.com\\\/legal\\\/\",\"url\":\"https:\\\/\\\/leonardocincinelli.com\\\/legal\\\/\",\"name\":\"Aviso legal - Leonardo Cincinelli\",\"isPartOf\":{\"@id\":\"https:\\\/\\\/leonardocincinelli.com\\\/#website\"},\"datePublished\":\"2025-01-27T07:51:21+00:00\",\"dateModified\":\"2025-03-24T17:32:28+00:00\",\"breadcrumb\":{\"@id\":\"https:\\\/\\\/leonardocincinelli.com\\\/legal\\\/#breadcrumb\"},\"inLanguage\":\"fr-FR\",\"potentialAction\":[{\"@type\":\"ReadAction\",\"target\":[\"https:\\\/\\\/leonardocincinelli.com\\\/legal\\\/\"]}]},{\"@type\":\"BreadcrumbList\",\"@id\":\"https:\\\/\\\/leonardocincinelli.com\\\/legal\\\/#breadcrumb\",\"itemListElement\":[{\"@type\":\"ListItem\",\"position\":1,\"name\":\"Portada\",\"item\":\"https:\\\/\\\/leonardocincinelli.com\\\/\"},{\"@type\":\"ListItem\",\"position\":2,\"name\":\"Aviso legal\"}]},{\"@type\":\"WebSite\",\"@id\":\"https:\\\/\\\/leonardocincinelli.com\\\/#website\",\"url\":\"https:\\\/\\\/leonardocincinelli.com\\\/\",\"name\":\"Leonardo Cincinelli\",\"description\":\"Music Designer\",\"publisher\":{\"@id\":\"https:\\\/\\\/leonardocincinelli.com\\\/#\\\/schema\\\/person\\\/4e8f938b0ba55bdd58344f52ffb3acf1\"},\"potentialAction\":[{\"@type\":\"SearchAction\",\"target\":{\"@type\":\"EntryPoint\",\"urlTemplate\":\"https:\\\/\\\/leonardocincinelli.com\\\/?s={search_term_string}\"},\"query-input\":{\"@type\":\"PropertyValueSpecification\",\"valueRequired\":true,\"valueName\":\"search_term_string\"}}],\"inLanguage\":\"fr-FR\"},{\"@type\":[\"Person\",\"Organization\"],\"@id\":\"https:\\\/\\\/leonardocincinelli.com\\\/#\\\/schema\\\/person\\\/4e8f938b0ba55bdd58344f52ffb3acf1\",\"name\":\"Leonardo Cincinelli\",\"image\":{\"@type\":\"ImageObject\",\"inLanguage\":\"fr-FR\",\"@id\":\"https:\\\/\\\/leonardocincinelli.com\\\/wp-content\\\/uploads\\\/2025\\\/01\\\/LogoWEB-e1740150454111.png\",\"url\":\"https:\\\/\\\/leonardocincinelli.com\\\/wp-content\\\/uploads\\\/2025\\\/01\\\/LogoWEB-e1740150454111.png\",\"contentUrl\":\"https:\\\/\\\/leonardocincinelli.com\\\/wp-content\\\/uploads\\\/2025\\\/01\\\/LogoWEB-e1740150454111.png\",\"width\":500,\"height\":385,\"caption\":\"Leonardo Cincinelli\"},\"logo\":{\"@id\":\"https:\\\/\\\/leonardocincinelli.com\\\/wp-content\\\/uploads\\\/2025\\\/01\\\/LogoWEB-e1740150454111.png\"}}]}<\/script>\n<!-- \/ Yoast SEO plugin. -->","yoast_head_json":{"title":"Aviso legal - Leonardo Cincinelli","robots":{"index":"noindex","follow":"follow"},"og_locale":"fr_FR","og_type":"article","og_title":"Aviso legal - Leonardo Cincinelli","og_description":"Legal notice I. General Information In compliance with the duty of information provided in Law 34\/2002 on Services of the Information Society and Electronic Commerce (LSSI-CE) of July 11, the following general information data on this website are facilitated below: The ownership of this website, leonardocincinelli.com, (hereinafter, website) is held: Leonardo Cincinelli, with NIF: Y0829271C, [&hellip;]","og_url":"https:\/\/leonardocincinelli.com\/fr\/legal\/","og_site_name":"Leonardo Cincinelli","article_modified_time":"2025-03-24T17:32:28+00:00","og_image":[{"width":819,"height":1024,"url":"https:\/\/leonardocincinelli.com\/wp-content\/uploads\/2025\/03\/home-2-819x1024.jpg","type":"image\/jpeg"}],"twitter_card":"summary_large_image","twitter_misc":{"Dur\u00e9e de lecture estim\u00e9e":"8 minutes"},"schema":{"@context":"https:\/\/schema.org","@graph":[{"@type":"WebPage","@id":"https:\/\/leonardocincinelli.com\/legal\/","url":"https:\/\/leonardocincinelli.com\/legal\/","name":"Aviso legal - Leonardo Cincinelli","isPartOf":{"@id":"https:\/\/leonardocincinelli.com\/#website"},"datePublished":"2025-01-27T07:51:21+00:00","dateModified":"2025-03-24T17:32:28+00:00","breadcrumb":{"@id":"https:\/\/leonardocincinelli.com\/legal\/#breadcrumb"},"inLanguage":"fr-FR","potentialAction":[{"@type":"ReadAction","target":["https:\/\/leonardocincinelli.com\/legal\/"]}]},{"@type":"BreadcrumbList","@id":"https:\/\/leonardocincinelli.com\/legal\/#breadcrumb","itemListElement":[{"@type":"ListItem","position":1,"name":"Portada","item":"https:\/\/leonardocincinelli.com\/"},{"@type":"ListItem","position":2,"name":"Aviso legal"}]},{"@type":"WebSite","@id":"https:\/\/leonardocincinelli.com\/#website","url":"https:\/\/leonardocincinelli.com\/","name":"Leonardo Cincinelli","description":"Concepteur musical","publisher":{"@id":"https:\/\/leonardocincinelli.com\/#\/schema\/person\/4e8f938b0ba55bdd58344f52ffb3acf1"},"potentialAction":[{"@type":"SearchAction","target":{"@type":"EntryPoint","urlTemplate":"https:\/\/leonardocincinelli.com\/?s={search_term_string}"},"query-input":{"@type":"PropertyValueSpecification","valueRequired":true,"valueName":"search_term_string"}}],"inLanguage":"fr-FR"},{"@type":["Person","Organization"],"@id":"https:\/\/leonardocincinelli.com\/#\/schema\/person\/4e8f938b0ba55bdd58344f52ffb3acf1","name":"Leonardo Cincinelli","image":{"@type":"ImageObject","inLanguage":"fr-FR","@id":"https:\/\/leonardocincinelli.com\/wp-content\/uploads\/2025\/01\/LogoWEB-e1740150454111.png","url":"https:\/\/leonardocincinelli.com\/wp-content\/uploads\/2025\/01\/LogoWEB-e1740150454111.png","contentUrl":"https:\/\/leonardocincinelli.com\/wp-content\/uploads\/2025\/01\/LogoWEB-e1740150454111.png","width":500,"height":385,"caption":"Leonardo Cincinelli"},"logo":{"@id":"https:\/\/leonardocincinelli.com\/wp-content\/uploads\/2025\/01\/LogoWEB-e1740150454111.png"}}]}},"_hostinger_reach_plugin_has_subscription_block":false,"_hostinger_reach_plugin_is_elementor":false,"_links":{"self":[{"href":"https:\/\/leonardocincinelli.com\/fr\/wp-json\/wp\/v2\/pages\/16","targetHints":{"allow":["GET"]}}],"collection":[{"href":"https:\/\/leonardocincinelli.com\/fr\/wp-json\/wp\/v2\/pages"}],"about":[{"href":"https:\/\/leonardocincinelli.com\/fr\/wp-json\/wp\/v2\/types\/page"}],"author":[{"embeddable":true,"href":"https:\/\/leonardocincinelli.com\/fr\/wp-json\/wp\/v2\/users\/2"}],"replies":[{"embeddable":true,"href":"https:\/\/leonardocincinelli.com\/fr\/wp-json\/wp\/v2\/comments?post=16"}],"version-history":[{"count":14,"href":"https:\/\/leonardocincinelli.com\/fr\/wp-json\/wp\/v2\/pages\/16\/revisions"}],"predecessor-version":[{"id":847,"href":"https:\/\/leonardocincinelli.com\/fr\/wp-json\/wp\/v2\/pages\/16\/revisions\/847"}],"wp:attachment":[{"href":"https:\/\/leonardocincinelli.com\/fr\/wp-json\/wp\/v2\/media?parent=16"}],"curies":[{"name":"wp","href":"https:\/\/api.w.org\/{rel}","templated":true}]}}