{"id":90,"date":"2025-02-21T13:31:17","date_gmt":"2025-02-21T12:31:17","guid":{"rendered":"https:\/\/leonardocincinelli.com\/?page_id=90"},"modified":"2025-04-24T23:36:02","modified_gmt":"2025-04-24T21:36:02","slug":"about","status":"publish","type":"page","link":"https:\/\/leonardocincinelli.com\/fr\/about\/","title":{"rendered":"Leonardo"},"content":{"rendered":"<div data-elementor-type=\"wp-page\" data-elementor-id=\"90\" class=\"elementor elementor-90\" data-elementor-post-type=\"page\">\n\t\t\t\t<div class=\"elementor-element elementor-element-5921237b e-flex e-con-boxed e-con e-parent\" data-id=\"5921237b\" data-element_type=\"container\" data-e-type=\"container\" data-settings=\"{&quot;background_background&quot;:&quot;classic&quot;}\">\n\t\t\t\t\t<div class=\"e-con-inner\">\n\t\t\t\t<div class=\"elementor-element elementor-element-7aef1f09 elementor-widget elementor-widget-heading\" data-id=\"7aef1f09\" data-element_type=\"widget\" data-e-type=\"widget\" data-widget_type=\"heading.default\">\n\t\t\t\t<div class=\"elementor-widget-container\">\n\t\t\t\t\t<h2 class=\"elementor-heading-title elementor-size-default\">Leonardo<\/h2>\t\t\t\t<\/div>\n\t\t\t\t<\/div>\n\t\t\t\t\t<\/div>\n\t\t\t\t<\/div>\n\t\t<div class=\"elementor-element elementor-element-40a19fe e-flex e-con-boxed e-con e-parent\" data-id=\"40a19fe\" data-element_type=\"container\" data-e-type=\"container\">\n\t\t\t\t\t<div class=\"e-con-inner\">\n\t\t<div class=\"elementor-element elementor-element-d8f11b4 e-con-full e-flex e-con e-child\" data-id=\"d8f11b4\" data-element_type=\"container\" data-e-type=\"container\">\n\t\t\t\t<div class=\"elementor-element elementor-element-d0bc908 elementor-widget elementor-widget-text-editor\" data-id=\"d0bc908\" data-element_type=\"widget\" data-e-type=\"widget\" data-widget_type=\"text-editor.default\">\n\t\t\t\t<div class=\"elementor-widget-container\">\n\t\t\t\t\t\t\t\t\t<p class=\"p1\"><span class=\"s1\">Leonardo Cincinelli est un pianiste, clavi\u00e9riste, producteur et compositeur italien dont la musique d\u00e9fie les \u00e9tiquettes traditionnelles. Profond\u00e9ment ancr\u00e9 dans le jazz et la musique \u00e9lectronique, son travail est motiv\u00e9 par une passion incessante pour l'exp\u00e9rimentation et l'improvisation, m\u00e9langeant harmonieusement les genres tout en rejetant les contraintes.<\/span><\/p><p class=\"p1\"><span class=\"s1\">N\u00e9 en 1983 dans une petite ville de Toscane, Leonardo a commenc\u00e9 son parcours musical \u00e0 l'\u00e2ge de sept ans, en \u00e9tudiant le piano avec Sarah Hamby, claveciniste et chef de ch\u0153ur am\u00e9ricaine. Sa formation s'est poursuivie avec des professeurs priv\u00e9s et des institutions r\u00e9put\u00e9es telles que Siena Jazz et le Saint Louis College of Music de Rome, o\u00f9 il s'est int\u00e9ress\u00e9 \u00e0 la synth\u00e8se et \u00e0 la musique \u00e9lectronique. Tout en reconnaissant l'importance de la formation formelle, Leonardo a toujours privil\u00e9gi\u00e9 la cr\u00e9ativit\u00e9, l'exp\u00e9rimentation et l'introspection, s'\u00e9cartant des chemins rigides ou suivant l'influence de mentors c\u00e9l\u00e8bres.<\/span><\/p><p class=\"p1\"><span class=\"s1\">\u00c0 18 ans, il commence \u00e0 se produire avec <b>Lostress<\/b>un trio de jazz acoustique qui se produit dans les festivals et les clubs du centre de l'Italie. \u00c0 la m\u00eame \u00e9poque, il a cofond\u00e9 le groupe <b>Deejazz<\/b>un collectif \u00e9clectique r\u00e9unissant des musiciens de jazz, des rappeurs et des DJ dans une fusion r\u00e9volutionnaire d'improvisation et de sons urbains. Au cours de cette p\u00e9riode, il a \u00e9galement collabor\u00e9 avec un large \u00e9ventail de musiciens, en particulier de la sc\u00e8ne jazz du centre de l'Italie (Daniele Malvisi, Gianmarco Scaglia, Ferdinando Romano, Paolo Corsi...).<\/span><\/p><p class=\"p2\"><span class=\"s1\">En 2010, Leonardo s'installe \u00e0 Barcelone, o\u00f9 il obtient un master en production musicale \u00e0 Microfusa. S'immergeant dans la vibrante sc\u00e8ne \u00e9lectronique underground de la ville, il adopte le nom d'artiste <b>Leomode<\/b> et commence \u00e0 se produire en direct aux c\u00f4t\u00e9s de DJ, explorant des performances hybrides qui fusionnent l'improvisation avec la house et la techno dans des clubs embl\u00e9matiques comme le Row14 et le Macarena. Sous le m\u00eame pseudonyme, il a ensuite publi\u00e9 une s\u00e9rie de rythmes d'inspiration lo-fi impr\u00e9gn\u00e9s d'influences jazz et, parfois, bossa nova.<\/span><\/p><p class=\"p2\"><span class=\"s1\">Au fil des ans, Leonardo a collabor\u00e9 \u00e0 divers projets, notamment <b>Nu Epoque<\/b>groupe \u00e9lectronique\/n\u00e9o-soul\/afrofuturiste fond\u00e9 avec la chanteuse et beatmaker mozambicaine Siwo et la chanteuse angolaise Monica Mussungo. Le trio a particip\u00e9 \u00e0 de nombreux concerts et festivals \u00e0 Barcelone et dans ses environs, et a sorti son premier album, <i>Zula<\/i>en 2017.<\/span><\/p><p class=\"p1\"><span class=\"s1\">En 2020, Leonardo a cofond\u00e9 <b>Art.eria<\/b> avec le pianiste et arrangeur argentin Mariano Camarasa. Le groupe comprend le fl\u00fbtiste Fernando Brox et un quintette \u00e0 cordes, cr\u00e9ant un son qui fusionne l'improvisation jazz, la production \u00e9lectronique et les atmosph\u00e8res cin\u00e9matographiques, rehauss\u00e9 par un spectacle visuel con\u00e7u par l'artiste A\/V N0vatik. Leur premier concert a \u00e9t\u00e9 enregistr\u00e9 et diffus\u00e9 sur RTVE Play (t\u00e9l\u00e9vision nationale espagnole).<\/span><\/p><p class=\"p1\"><span class=\"s1\">Depuis 2019, Leonardo est devenu l'un des principaux pianistes de session et producteurs \u00e0 distance sur des plateformes telles que SoundBetter et AirGigs, des places de march\u00e9 en ligne qui mettent en relation des musiciens et des producteurs avec des artistes du monde entier. Sa polyvalence et son expertise technique ont fait de lui un collaborateur pr\u00e9cieux pour un large \u00e9ventail d'artistes internationaux, des talents \u00e9mergents aux noms \u00e9tablis comme Jess Glynne et Gorgon City. Collaborateur recherch\u00e9 par des artistes de tous genres et de tous continents, cette exp\u00e9rience a enrichi sa vision artistique en l'exposant \u00e0 divers styles musicaux et approches cr\u00e9atives.<\/span><\/p>\t\t\t\t\t\t\t\t<\/div>\n\t\t\t\t<\/div>\n\t\t\t\t<\/div>\n\t\t<div class=\"elementor-element elementor-element-1e1cd62 e-con-full e-flex e-con e-child\" data-id=\"1e1cd62\" data-element_type=\"container\" data-e-type=\"container\">\n\t\t\t\t<div class=\"elementor-element elementor-element-268895d elementor-widget elementor-widget-text-editor\" data-id=\"268895d\" data-element_type=\"widget\" data-e-type=\"widget\" data-widget_type=\"text-editor.default\">\n\t\t\t\t<div class=\"elementor-widget-container\">\n\t\t\t\t\t\t\t\t\t<p class=\"p1\">Ces derni\u00e8res ann\u00e9es, Leonardo a adopt\u00e9 les formes les plus radicales de l'improvisation libre, explorant des paysages sonores en constante \u00e9volution et collaborant avec des musiciens exp\u00e9rimentaux de la vibrante sc\u00e8ne underground de Barcelone.<br data-start=\"376\" data-end=\"379\" \/>Cette exploration continue est document\u00e9e par un certain nombre d'enregistrements en studio avec divers ensembles, notamment <strong>Jazz Doesn\u2019t Like You<\/strong>, <strong>Otrotrio<\/strong>et <strong>La Otra Band<\/strong>en collaboration avec le guitariste Olivier Jambois, le contrebassiste Mauro Battisti, le saxophoniste Andrew Baker et bien d'autres.<br data-start=\"664\" data-end=\"667\" \/>Il est \u00e9galement le fondateur de <strong>La Otra Jam<\/strong> - une jam session r\u00e9guli\u00e8re et un laboratoire cr\u00e9atif pour la musique improvis\u00e9e - qui a accueilli des musiciens tels que Josep Maria Balany\u00e0, Liba Villavecchia, El Pricto, Pablo Selnik, et bien d'autres.<\/p><p class=\"\" data-start=\"125\" data-end=\"632\"><em>\"Je crois que sans improvisation, la musique en direct perd son sens.<\/em><br data-start=\"196\" data-end=\"199\" \/><em>Je ne veux pas me contenter de r\u00e9p\u00e9ter des choses qui se sont d\u00e9j\u00e0 produites dans une salle de r\u00e9p\u00e9tition, dans mon studio ou m\u00eame simplement dans ma t\u00eate - c'est comme r\u00e9citer un po\u00e8me par c\u0153ur au lieu de rechercher un v\u00e9ritable dialogue avec le public et les autres musiciens.<\/em><br data-start=\"438\" data-end=\"441\" \/><em>Je veux des surprises ! Je veux voyager dans des endroits inconnus tout en jouant. Il y a d\u00e9j\u00e0 tellement de musique o\u00f9, d\u00e8s le d\u00e9but, on sait plus ou moins comment elle va se terminer...<\/em><\/p><p class=\"\" data-start=\"634\" data-end=\"1122\"><em>D'apr\u00e8s mon exp\u00e9rience, rien n'est plus puissant que de laisser la place \u00e0 la cr\u00e9ation spontan\u00e9e.<\/em><br data-start=\"725\" data-end=\"728\" \/><em>Cela peut \u00eatre risqu\u00e9, et il faut accepter le chaos et la \"laideur\", mais les choses les plus int\u00e9ressantes - pour moi - ne peuvent \u00e9merger que de cette mani\u00e8re, m\u00eame si ce n'est que pour un moment.<\/em><br data-start=\"885\" data-end=\"888\" \/><em>Il faut laisser la porte ouverte \u00e0 ces choses qui apparaissent soudainement - des choses que personne n'aurait jamais pu imaginer, planifier ou composer.<\/em><br data-start=\"1021\" data-end=\"1024\" \/><em>Quelque chose qui ne se produit qu'ici et maintenant, dans cette situation, dans cet espace, avec cette acoustique.<\/em><\/p><p class=\"\" data-start=\"1124\" data-end=\"1275\"><em>Je vis pour ces moments - pour les sons inattendus, pour ce genre de musique qui vaut la peine de quitter la maison, au sens propre comme au sens figur\u00e9\".\u00a0<\/em><\/p><p class=\"\" data-start=\"1124\" data-end=\"1275\">- Leonardo<\/p>\t\t\t\t\t\t\t\t<\/div>\n\t\t\t\t<\/div>\n\t\t<div class=\"elementor-element elementor-element-7bcaed9 e-con-full e-flex e-con e-child\" data-id=\"7bcaed9\" data-element_type=\"container\" data-e-type=\"container\">\n\t\t\t\t<div class=\"elementor-element elementor-element-cf70534 elementor-widget elementor-widget-image\" data-id=\"cf70534\" data-element_type=\"widget\" data-e-type=\"widget\" data-widget_type=\"image.default\">\n\t\t\t\t<div class=\"elementor-widget-container\">\n\t\t\t\t\t\t\t\t\t\t\t\t\t\t\t<img fetchpriority=\"high\" decoding=\"async\" width=\"683\" height=\"1024\" src=\"https:\/\/leonardocincinelli.com\/wp-content\/uploads\/2025\/03\/11-683x1024.jpg\" class=\"attachment-large size-large wp-image-1117\" alt=\"\" srcset=\"https:\/\/leonardocincinelli.com\/wp-content\/uploads\/2025\/03\/11-683x1024.jpg 683w, https:\/\/leonardocincinelli.com\/wp-content\/uploads\/2025\/03\/11-200x300.jpg 200w, https:\/\/leonardocincinelli.com\/wp-content\/uploads\/2025\/03\/11-768x1152.jpg 768w, https:\/\/leonardocincinelli.com\/wp-content\/uploads\/2025\/03\/11-1024x1536.jpg 1024w, https:\/\/leonardocincinelli.com\/wp-content\/uploads\/2025\/03\/11-1365x2048.jpg 1365w, https:\/\/leonardocincinelli.com\/wp-content\/uploads\/2025\/03\/11-8x12.jpg 8w, https:\/\/leonardocincinelli.com\/wp-content\/uploads\/2025\/03\/11.jpg 1440w\" sizes=\"(max-width: 683px) 100vw, 683px\" \/>\t\t\t\t\t\t\t\t\t\t\t\t\t\t\t<\/div>\n\t\t\t\t<\/div>\n\t\t\t\t<\/div>\n\t\t\t\t<\/div>\n\t\t\t\t\t<\/div>\n\t\t\t\t<\/div>\n\t\t\t\t<\/div>","protected":false},"excerpt":{"rendered":"<p>About Leonardo Leonardo Cincinelli is an Italian pianist, keyboardist, producer, and composer whose music defies traditional labels. Deeply rooted in jazz and electronic music, his work is driven by a relentless passion for experimentation and improvisation, seamlessly blending genres while rejecting constraints. Born in 1983 in a small town in Tuscany, Leonardo began his musical [&hellip;]<\/p>\n","protected":false},"author":8,"featured_media":0,"parent":0,"menu_order":6,"comment_status":"closed","ping_status":"closed","template":"elementor_header_footer","meta":{"footnotes":""},"class_list":["post-90","page","type-page","status-publish","hentry"],"yoast_head":"<!-- This site is optimized with the Yoast SEO plugin v27.3 - https:\/\/yoast.com\/product\/yoast-seo-wordpress\/ -->\n<title>About Leonardo - Leonardo Cincinelli<\/title>\n<meta name=\"robots\" content=\"index, follow, max-snippet:-1, max-image-preview:large, max-video-preview:-1\" \/>\n<link rel=\"canonical\" href=\"https:\/\/leonardocincinelli.com\/fr\/about\/\" \/>\n<meta property=\"og:locale\" content=\"fr_FR\" \/>\n<meta property=\"og:type\" content=\"article\" \/>\n<meta property=\"og:title\" content=\"About Leonardo - Leonardo Cincinelli\" \/>\n<meta property=\"og:description\" content=\"About Leonardo Leonardo Cincinelli is an Italian pianist, keyboardist, producer, and composer whose music defies traditional labels. Deeply rooted in jazz and electronic music, his work is driven by a relentless passion for experimentation and improvisation, seamlessly blending genres while rejecting constraints. Born in 1983 in a small town in Tuscany, Leonardo began his musical [&hellip;]\" \/>\n<meta property=\"og:url\" content=\"https:\/\/leonardocincinelli.com\/fr\/about\/\" \/>\n<meta property=\"og:site_name\" content=\"Leonardo Cincinelli\" \/>\n<meta property=\"article:modified_time\" content=\"2025-04-24T21:36:02+00:00\" \/>\n<meta property=\"og:image\" content=\"https:\/\/leonardocincinelli.com\/wp-content\/uploads\/2025\/03\/11.jpg\" \/>\n\t<meta property=\"og:image:width\" content=\"1440\" \/>\n\t<meta property=\"og:image:height\" content=\"2160\" \/>\n\t<meta property=\"og:image:type\" content=\"image\/jpeg\" \/>\n<meta name=\"twitter:card\" content=\"summary_large_image\" \/>\n<meta name=\"twitter:label1\" content=\"Dur\u00e9e de lecture estim\u00e9e\" \/>\n\t<meta name=\"twitter:data1\" content=\"4 minutes\" \/>\n<script type=\"application\/ld+json\" class=\"yoast-schema-graph\">{\"@context\":\"https:\\\/\\\/schema.org\",\"@graph\":[{\"@type\":\"WebPage\",\"@id\":\"https:\\\/\\\/leonardocincinelli.com\\\/about\\\/\",\"url\":\"https:\\\/\\\/leonardocincinelli.com\\\/about\\\/\",\"name\":\"About Leonardo - Leonardo Cincinelli\",\"isPartOf\":{\"@id\":\"https:\\\/\\\/leonardocincinelli.com\\\/#website\"},\"primaryImageOfPage\":{\"@id\":\"https:\\\/\\\/leonardocincinelli.com\\\/about\\\/#primaryimage\"},\"image\":{\"@id\":\"https:\\\/\\\/leonardocincinelli.com\\\/about\\\/#primaryimage\"},\"thumbnailUrl\":\"https:\\\/\\\/leonardocincinelli.com\\\/wp-content\\\/uploads\\\/2025\\\/03\\\/11-683x1024.jpg\",\"datePublished\":\"2025-02-21T12:31:17+00:00\",\"dateModified\":\"2025-04-24T21:36:02+00:00\",\"breadcrumb\":{\"@id\":\"https:\\\/\\\/leonardocincinelli.com\\\/about\\\/#breadcrumb\"},\"inLanguage\":\"fr-FR\",\"potentialAction\":[{\"@type\":\"ReadAction\",\"target\":[\"https:\\\/\\\/leonardocincinelli.com\\\/about\\\/\"]}]},{\"@type\":\"ImageObject\",\"inLanguage\":\"fr-FR\",\"@id\":\"https:\\\/\\\/leonardocincinelli.com\\\/about\\\/#primaryimage\",\"url\":\"https:\\\/\\\/leonardocincinelli.com\\\/wp-content\\\/uploads\\\/2025\\\/03\\\/11-683x1024.jpg\",\"contentUrl\":\"https:\\\/\\\/leonardocincinelli.com\\\/wp-content\\\/uploads\\\/2025\\\/03\\\/11-683x1024.jpg\"},{\"@type\":\"BreadcrumbList\",\"@id\":\"https:\\\/\\\/leonardocincinelli.com\\\/about\\\/#breadcrumb\",\"itemListElement\":[{\"@type\":\"ListItem\",\"position\":1,\"name\":\"Portada\",\"item\":\"https:\\\/\\\/leonardocincinelli.com\\\/\"},{\"@type\":\"ListItem\",\"position\":2,\"name\":\"About Leonardo\"}]},{\"@type\":\"WebSite\",\"@id\":\"https:\\\/\\\/leonardocincinelli.com\\\/#website\",\"url\":\"https:\\\/\\\/leonardocincinelli.com\\\/\",\"name\":\"Leonardo Cincinelli\",\"description\":\"Music Designer\",\"publisher\":{\"@id\":\"https:\\\/\\\/leonardocincinelli.com\\\/#\\\/schema\\\/person\\\/4e8f938b0ba55bdd58344f52ffb3acf1\"},\"potentialAction\":[{\"@type\":\"SearchAction\",\"target\":{\"@type\":\"EntryPoint\",\"urlTemplate\":\"https:\\\/\\\/leonardocincinelli.com\\\/?s={search_term_string}\"},\"query-input\":{\"@type\":\"PropertyValueSpecification\",\"valueRequired\":true,\"valueName\":\"search_term_string\"}}],\"inLanguage\":\"fr-FR\"},{\"@type\":[\"Person\",\"Organization\"],\"@id\":\"https:\\\/\\\/leonardocincinelli.com\\\/#\\\/schema\\\/person\\\/4e8f938b0ba55bdd58344f52ffb3acf1\",\"name\":\"Leonardo Cincinelli\",\"image\":{\"@type\":\"ImageObject\",\"inLanguage\":\"fr-FR\",\"@id\":\"https:\\\/\\\/leonardocincinelli.com\\\/wp-content\\\/uploads\\\/2025\\\/01\\\/LogoWEB-e1740150454111.png\",\"url\":\"https:\\\/\\\/leonardocincinelli.com\\\/wp-content\\\/uploads\\\/2025\\\/01\\\/LogoWEB-e1740150454111.png\",\"contentUrl\":\"https:\\\/\\\/leonardocincinelli.com\\\/wp-content\\\/uploads\\\/2025\\\/01\\\/LogoWEB-e1740150454111.png\",\"width\":500,\"height\":385,\"caption\":\"Leonardo Cincinelli\"},\"logo\":{\"@id\":\"https:\\\/\\\/leonardocincinelli.com\\\/wp-content\\\/uploads\\\/2025\\\/01\\\/LogoWEB-e1740150454111.png\"}}]}<\/script>\n<!-- \/ Yoast SEO plugin. -->","yoast_head_json":{"title":"About Leonardo - Leonardo Cincinelli","robots":{"index":"index","follow":"follow","max-snippet":"max-snippet:-1","max-image-preview":"max-image-preview:large","max-video-preview":"max-video-preview:-1"},"canonical":"https:\/\/leonardocincinelli.com\/fr\/about\/","og_locale":"fr_FR","og_type":"article","og_title":"About Leonardo - Leonardo Cincinelli","og_description":"About Leonardo Leonardo Cincinelli is an Italian pianist, keyboardist, producer, and composer whose music defies traditional labels. Deeply rooted in jazz and electronic music, his work is driven by a relentless passion for experimentation and improvisation, seamlessly blending genres while rejecting constraints. Born in 1983 in a small town in Tuscany, Leonardo began his musical [&hellip;]","og_url":"https:\/\/leonardocincinelli.com\/fr\/about\/","og_site_name":"Leonardo Cincinelli","article_modified_time":"2025-04-24T21:36:02+00:00","og_image":[{"width":1440,"height":2160,"url":"https:\/\/leonardocincinelli.com\/wp-content\/uploads\/2025\/03\/11.jpg","type":"image\/jpeg"}],"twitter_card":"summary_large_image","twitter_misc":{"Dur\u00e9e de lecture estim\u00e9e":"4 minutes"},"schema":{"@context":"https:\/\/schema.org","@graph":[{"@type":"WebPage","@id":"https:\/\/leonardocincinelli.com\/about\/","url":"https:\/\/leonardocincinelli.com\/about\/","name":"About Leonardo - Leonardo Cincinelli","isPartOf":{"@id":"https:\/\/leonardocincinelli.com\/#website"},"primaryImageOfPage":{"@id":"https:\/\/leonardocincinelli.com\/about\/#primaryimage"},"image":{"@id":"https:\/\/leonardocincinelli.com\/about\/#primaryimage"},"thumbnailUrl":"https:\/\/leonardocincinelli.com\/wp-content\/uploads\/2025\/03\/11-683x1024.jpg","datePublished":"2025-02-21T12:31:17+00:00","dateModified":"2025-04-24T21:36:02+00:00","breadcrumb":{"@id":"https:\/\/leonardocincinelli.com\/about\/#breadcrumb"},"inLanguage":"fr-FR","potentialAction":[{"@type":"ReadAction","target":["https:\/\/leonardocincinelli.com\/about\/"]}]},{"@type":"ImageObject","inLanguage":"fr-FR","@id":"https:\/\/leonardocincinelli.com\/about\/#primaryimage","url":"https:\/\/leonardocincinelli.com\/wp-content\/uploads\/2025\/03\/11-683x1024.jpg","contentUrl":"https:\/\/leonardocincinelli.com\/wp-content\/uploads\/2025\/03\/11-683x1024.jpg"},{"@type":"BreadcrumbList","@id":"https:\/\/leonardocincinelli.com\/about\/#breadcrumb","itemListElement":[{"@type":"ListItem","position":1,"name":"Portada","item":"https:\/\/leonardocincinelli.com\/"},{"@type":"ListItem","position":2,"name":"About Leonardo"}]},{"@type":"WebSite","@id":"https:\/\/leonardocincinelli.com\/#website","url":"https:\/\/leonardocincinelli.com\/","name":"Leonardo Cincinelli","description":"Concepteur musical","publisher":{"@id":"https:\/\/leonardocincinelli.com\/#\/schema\/person\/4e8f938b0ba55bdd58344f52ffb3acf1"},"potentialAction":[{"@type":"SearchAction","target":{"@type":"EntryPoint","urlTemplate":"https:\/\/leonardocincinelli.com\/?s={search_term_string}"},"query-input":{"@type":"PropertyValueSpecification","valueRequired":true,"valueName":"search_term_string"}}],"inLanguage":"fr-FR"},{"@type":["Person","Organization"],"@id":"https:\/\/leonardocincinelli.com\/#\/schema\/person\/4e8f938b0ba55bdd58344f52ffb3acf1","name":"Leonardo Cincinelli","image":{"@type":"ImageObject","inLanguage":"fr-FR","@id":"https:\/\/leonardocincinelli.com\/wp-content\/uploads\/2025\/01\/LogoWEB-e1740150454111.png","url":"https:\/\/leonardocincinelli.com\/wp-content\/uploads\/2025\/01\/LogoWEB-e1740150454111.png","contentUrl":"https:\/\/leonardocincinelli.com\/wp-content\/uploads\/2025\/01\/LogoWEB-e1740150454111.png","width":500,"height":385,"caption":"Leonardo Cincinelli"},"logo":{"@id":"https:\/\/leonardocincinelli.com\/wp-content\/uploads\/2025\/01\/LogoWEB-e1740150454111.png"}}]}},"_hostinger_reach_plugin_has_subscription_block":false,"_hostinger_reach_plugin_is_elementor":false,"_links":{"self":[{"href":"https:\/\/leonardocincinelli.com\/fr\/wp-json\/wp\/v2\/pages\/90","targetHints":{"allow":["GET"]}}],"collection":[{"href":"https:\/\/leonardocincinelli.com\/fr\/wp-json\/wp\/v2\/pages"}],"about":[{"href":"https:\/\/leonardocincinelli.com\/fr\/wp-json\/wp\/v2\/types\/page"}],"author":[{"embeddable":true,"href":"https:\/\/leonardocincinelli.com\/fr\/wp-json\/wp\/v2\/users\/8"}],"replies":[{"embeddable":true,"href":"https:\/\/leonardocincinelli.com\/fr\/wp-json\/wp\/v2\/comments?post=90"}],"version-history":[{"count":75,"href":"https:\/\/leonardocincinelli.com\/fr\/wp-json\/wp\/v2\/pages\/90\/revisions"}],"predecessor-version":[{"id":1965,"href":"https:\/\/leonardocincinelli.com\/fr\/wp-json\/wp\/v2\/pages\/90\/revisions\/1965"}],"wp:attachment":[{"href":"https:\/\/leonardocincinelli.com\/fr\/wp-json\/wp\/v2\/media?parent=90"}],"curies":[{"name":"wp","href":"https:\/\/api.w.org\/{rel}","templated":true}]}}