{"id":90,"date":"2025-02-21T13:31:17","date_gmt":"2025-02-21T12:31:17","guid":{"rendered":"https:\/\/leonardocincinelli.com\/?page_id=90"},"modified":"2025-04-24T23:36:02","modified_gmt":"2025-04-24T21:36:02","slug":"about","status":"publish","type":"page","link":"https:\/\/leonardocincinelli.com\/it\/about\/","title":{"rendered":"Su Leonardo"},"content":{"rendered":"<div data-elementor-type=\"wp-page\" data-elementor-id=\"90\" class=\"elementor elementor-90\" data-elementor-post-type=\"page\">\n\t\t\t\t<div class=\"elementor-element elementor-element-5921237b e-flex e-con-boxed e-con e-parent\" data-id=\"5921237b\" data-element_type=\"container\" data-e-type=\"container\" data-settings=\"{&quot;background_background&quot;:&quot;classic&quot;}\">\n\t\t\t\t\t<div class=\"e-con-inner\">\n\t\t\t\t<div class=\"elementor-element elementor-element-7aef1f09 elementor-widget elementor-widget-heading\" data-id=\"7aef1f09\" data-element_type=\"widget\" data-e-type=\"widget\" data-widget_type=\"heading.default\">\n\t\t\t\t<div class=\"elementor-widget-container\">\n\t\t\t\t\t<h2 class=\"elementor-heading-title elementor-size-default\">Su Leonardo<\/h2>\t\t\t\t<\/div>\n\t\t\t\t<\/div>\n\t\t\t\t\t<\/div>\n\t\t\t\t<\/div>\n\t\t<div class=\"elementor-element elementor-element-40a19fe e-flex e-con-boxed e-con e-parent\" data-id=\"40a19fe\" data-element_type=\"container\" data-e-type=\"container\">\n\t\t\t\t\t<div class=\"e-con-inner\">\n\t\t<div class=\"elementor-element elementor-element-d8f11b4 e-con-full e-flex e-con e-child\" data-id=\"d8f11b4\" data-element_type=\"container\" data-e-type=\"container\">\n\t\t\t\t<div class=\"elementor-element elementor-element-d0bc908 elementor-widget elementor-widget-text-editor\" data-id=\"d0bc908\" data-element_type=\"widget\" data-e-type=\"widget\" data-widget_type=\"text-editor.default\">\n\t\t\t\t<div class=\"elementor-widget-container\">\n\t\t\t\t\t\t\t\t\t<p class=\"p1\"><span class=\"s1\">Leonardo Cincinelli \u00e8 un pianista, tastierista, produttore e compositore italiano la cui musica sfugge alle etichette tradizionali.\nRadicata nel jazz e nella musica elettronica, la sua ricerca \u00e8 guidata da una passione instancabile per la sperimentazione e l\u2019improvvisazione, fondendo generi con naturalezza e rifiutando ogni tipo di costrizione.<\/span><\/p><p class=\"p1\"><span class=\"s1\">Nato nel 1983 in un piccolo paese della Toscana, Leonardo inizia il suo percorso musicale all\u2019et\u00e0 di sette anni, studiando pianoforte con Sarah Hamby, clavicembalista e direttrice di coro statunitense.\nLa sua formazione prosegue con insegnanti privati e prestigiose istituzioni come Siena Jazz e il Saint Louis College of Music di Roma, dove si avvicina al mondo della sintesi e della musica elettronica.\nPur riconoscendo l\u2019importanza dello studio accademico, Leonardo ha sempre dato priorit\u00e0 alla creativit\u00e0, alla sperimentazione e all\u2019introspezione, evitando percorsi rigidi e l\u2019influenza diretta di maestri celebri.<\/span><\/p><p class=\"p1\"><span class=\"s1\">A 18 anni inizia a suonare dal vivo con <b>Lostress<\/b>, un trio di jazz acustico che si esibisce in festival e club dell'Italia centrale. Nello stesso periodo, co-fonda <b>Deejazz<\/b>, un collettivo eclettico che mescola musicisti jazz, rapper e DJ in un'innovativa fusione di improvvisazione e suoni urbani. In questo periodo ha collaborato anche con una vasta gamma di musicisti, in particolare della scena jazz del centro Italia (Daniele Malvisi, Gianmarco Scaglia, Ferdinando Romano, Paolo Corsi...).<\/span><\/p><p class=\"p2\"><span class=\"s1\">Nel 2010 Leonardo si trasferisce a Barcellona, dove ottiene un master in produzione musicale presso la scuola Microfusa. Immergendosi nella vibrante scena elettronica underground della citt\u00e0, adotta lo pseudonimo di <b>Leomode<\/b> e inizia a esibirsi dal vivo accanto a DJ, esplorando performance ibride che uniscono l\u2019improvvisazione con sonorit\u00e0 house e techno, in club iconici come il Row14 e il Macarena.\nCon lo stesso alias ha successivamente pubblicato una serie di beat di ispirazione lo-fi, arricchiti da influenze jazz e bossa nova.<\/span><\/p><p class=\"p2\"><span class=\"s1\">Nel corso degli anni, Leonardo collabora a diversi progetti, tra cui <b>Nu Epoque<\/b>, una band elettronica\/neo-soul\/afrofuturista fondata insieme al cantante e beatmaker mozambicano Siwo e alla vocalist angolana Monica Mussungo.\nIl trio si \u00e8 esibisce in concerti e festival a Barcellona e dintorni, pubblicando il loro album di debutto, <i>Zula<\/i>, nel 2017.<\/span><\/p><p class=\"p1\"><span class=\"s1\">Nel 2020, Leonardo ha co-fonda <b>Art.eria<\/b> insieme al pianista e arrangiatore argentino Mariano Camarasa.\nIl gruppo include il flautista Fernando Brox e un quintetto d\u2019archi, dando vita a un sound che fonde improvvisazione jazz, produzione elettronica e atmosfere cinematografiche, arricchito da uno show visivo ideato dall\u2019artista audio-visuale russo N0vatik.\nIl loro concerto di debutto \u00e8 stato registrato e trasmesso su RTVE Play, la televisione nazionale spagnola.<\/span><\/p><p class=\"p1\"><span class=\"s1\">Dal 2019, Leonardo \u00e8 diventato uno dei principali pianisti e produttori per sessioni remote su piattaforme come SoundBetter e AirGigs, marketplace online che mettono in contatto musicisti e produttori con artisti di tutto il mondo.\nLa sua versatilit\u00e0 e competenza tecnica lo hanno reso un collaboratore prezioso per una vasta gamma di artisti internazionali, dai talenti emergenti a nomi affermati come Jess Glynne e Gorgon City.\nRichiesto in contesti e generi diversi, questa esperienza ha arricchito la sua visione artistica grazie al confronto con una grande variet\u00e0 di stili musicali e approcci creativi.<\/span><\/p>\t\t\t\t\t\t\t\t<\/div>\n\t\t\t\t<\/div>\n\t\t\t\t<\/div>\n\t\t<div class=\"elementor-element elementor-element-1e1cd62 e-con-full e-flex e-con e-child\" data-id=\"1e1cd62\" data-element_type=\"container\" data-e-type=\"container\">\n\t\t\t\t<div class=\"elementor-element elementor-element-268895d elementor-widget elementor-widget-text-editor\" data-id=\"268895d\" data-element_type=\"widget\" data-e-type=\"widget\" data-widget_type=\"text-editor.default\">\n\t\t\t\t<div class=\"elementor-widget-container\">\n\t\t\t\t\t\t\t\t\t<p class=\"p1\">Negli ultimi anni, Leonardo ha abbracciato le forme pi\u00f9 radicali di improvvisazione libera, esplorando paesaggi sonori sempre nuovi e collaborando con musicisti sperimentali della vibrante scena underground di Barcellona.<br data-start=\"376\" data-end=\"379\" \/>Questa esplorazione \u00e8 documentata da una serie di registrazioni in studio con vari ensemble, tra cui <strong>Jazz Doesn\u2019t Like You<\/strong>, <strong>Otrotrio<\/strong>, e <strong>La Otra Band<\/strong>, in collaborazione con il chitarrista Olivier Jambois, il contrabbassista Mauro Battisti, il sassofonista Andrew Baker e molti altri.<br data-start=\"664\" data-end=\"667\" \/>\u00c8 anche il fondatore de <strong>La Otra Jam<\/strong> - una jam session \/ laboratorio creativo stabile dedicato alla musica improvvisata \u2014 che ha ospitato musicisti come Josep Maria Balany\u00e0, Liba Villavecchia, El Pricto, Pablo Selnik e molti altri.<\/p><p class=\"\" data-start=\"125\" data-end=\"632\"><em>\"Credo che senza improvvisazione la musica dal vivo perda di significato.<\/em><br data-start=\"196\" data-end=\"199\" \/><em>Non voglio limitarmi a ripetere cose gi\u00e0 successe in una sala prove, nel mio studio o anche solo nella mia testa: \u00e8 come recitare una poesia a memoria invece di cercare un dialogo autentico con il pubblico e gli altri musicisti.<\/em><br data-start=\"438\" data-end=\"441\" \/><em>Voglio sorprese! Voglio viaggiare in luoghi sconosciuti mentre suono. C'\u00e8 gi\u00e0 cos\u00ec tanta musica l\u00e0 fuori che, dal momento in cui inizia, sai gi\u00e0 pi\u00f9 o meno come andr\u00e0 a finire...<\/em><\/p><p class=\"\" data-start=\"634\" data-end=\"1122\"><em>Per quanto mi riguarda, niente \u00e8 pi\u00f9 potente che lasciare spazio alla creazione estemporanea.<\/em><br data-start=\"725\" data-end=\"728\" \/><em>Pu\u00f2 essere rischioso e bisogna accettare il caos e il \"brutto\", ma le cose pi\u00f9 interessanti - per me - possono emergere solo in questo modo, anche se solo per un momento.<\/em><br data-start=\"885\" data-end=\"888\" \/><em>Bisogna lasciare la porta aperta a quelle cose che ad un certo punto appaiono e che nessuno avrebbe mai potuto immaginarsi, pianificare o comporre.<\/em><br data-start=\"1021\" data-end=\"1024\" \/><em>Qualcosa che accade solo qui e ora, in questa situazione, in questo spazio, con questa acustica.<\/em><\/p><p class=\"\" data-start=\"1124\" data-end=\"1275\"><em>Io vivo per quei momenti, per quei suoni che non mi aspettavo, quella musica per cui vale la pena uscire di casa, in senso letterale e figurato\".\u00a0<\/em><\/p><p class=\"\" data-start=\"1124\" data-end=\"1275\">- Leonardo<\/p>\t\t\t\t\t\t\t\t<\/div>\n\t\t\t\t<\/div>\n\t\t<div class=\"elementor-element elementor-element-7bcaed9 e-con-full e-flex e-con e-child\" data-id=\"7bcaed9\" data-element_type=\"container\" data-e-type=\"container\">\n\t\t\t\t<div class=\"elementor-element elementor-element-cf70534 elementor-widget elementor-widget-image\" data-id=\"cf70534\" data-element_type=\"widget\" data-e-type=\"widget\" data-widget_type=\"image.default\">\n\t\t\t\t<div class=\"elementor-widget-container\">\n\t\t\t\t\t\t\t\t\t\t\t\t\t\t\t<img fetchpriority=\"high\" decoding=\"async\" width=\"683\" height=\"1024\" src=\"https:\/\/leonardocincinelli.com\/wp-content\/uploads\/2025\/03\/11-683x1024.jpg\" class=\"attachment-large size-large wp-image-1117\" alt=\"\" srcset=\"https:\/\/leonardocincinelli.com\/wp-content\/uploads\/2025\/03\/11-683x1024.jpg 683w, https:\/\/leonardocincinelli.com\/wp-content\/uploads\/2025\/03\/11-200x300.jpg 200w, https:\/\/leonardocincinelli.com\/wp-content\/uploads\/2025\/03\/11-768x1152.jpg 768w, https:\/\/leonardocincinelli.com\/wp-content\/uploads\/2025\/03\/11-1024x1536.jpg 1024w, https:\/\/leonardocincinelli.com\/wp-content\/uploads\/2025\/03\/11-1365x2048.jpg 1365w, https:\/\/leonardocincinelli.com\/wp-content\/uploads\/2025\/03\/11-8x12.jpg 8w, https:\/\/leonardocincinelli.com\/wp-content\/uploads\/2025\/03\/11.jpg 1440w\" sizes=\"(max-width: 683px) 100vw, 683px\" \/>\t\t\t\t\t\t\t\t\t\t\t\t\t\t\t<\/div>\n\t\t\t\t<\/div>\n\t\t\t\t<\/div>\n\t\t\t\t<\/div>\n\t\t\t\t\t<\/div>\n\t\t\t\t<\/div>\n\t\t\t\t<\/div>","protected":false},"excerpt":{"rendered":"<p>About Leonardo Leonardo Cincinelli is an Italian pianist, keyboardist, producer, and composer whose music defies traditional labels. Deeply rooted in jazz and electronic music, his work is driven by a relentless passion for experimentation and improvisation, seamlessly blending genres while rejecting constraints. Born in 1983 in a small town in Tuscany, Leonardo began his musical [&hellip;]<\/p>\n","protected":false},"author":8,"featured_media":0,"parent":0,"menu_order":6,"comment_status":"closed","ping_status":"closed","template":"elementor_header_footer","meta":{"footnotes":""},"class_list":["post-90","page","type-page","status-publish","hentry"],"yoast_head":"<!-- This site is optimized with the Yoast SEO plugin v27.3 - https:\/\/yoast.com\/product\/yoast-seo-wordpress\/ -->\n<title>About Leonardo - Leonardo Cincinelli<\/title>\n<meta name=\"robots\" content=\"index, follow, max-snippet:-1, max-image-preview:large, max-video-preview:-1\" \/>\n<link rel=\"canonical\" href=\"https:\/\/leonardocincinelli.com\/it\/about\/\" \/>\n<meta property=\"og:locale\" content=\"it_IT\" \/>\n<meta property=\"og:type\" content=\"article\" \/>\n<meta property=\"og:title\" content=\"About Leonardo - Leonardo Cincinelli\" \/>\n<meta property=\"og:description\" content=\"About Leonardo Leonardo Cincinelli is an Italian pianist, keyboardist, producer, and composer whose music defies traditional labels. Deeply rooted in jazz and electronic music, his work is driven by a relentless passion for experimentation and improvisation, seamlessly blending genres while rejecting constraints. Born in 1983 in a small town in Tuscany, Leonardo began his musical [&hellip;]\" \/>\n<meta property=\"og:url\" content=\"https:\/\/leonardocincinelli.com\/it\/about\/\" \/>\n<meta property=\"og:site_name\" content=\"Leonardo Cincinelli\" \/>\n<meta property=\"article:modified_time\" content=\"2025-04-24T21:36:02+00:00\" \/>\n<meta property=\"og:image\" content=\"https:\/\/leonardocincinelli.com\/wp-content\/uploads\/2025\/03\/11.jpg\" \/>\n\t<meta property=\"og:image:width\" content=\"1440\" \/>\n\t<meta property=\"og:image:height\" content=\"2160\" \/>\n\t<meta property=\"og:image:type\" content=\"image\/jpeg\" \/>\n<meta name=\"twitter:card\" content=\"summary_large_image\" \/>\n<meta name=\"twitter:label1\" content=\"Tempo di lettura stimato\" \/>\n\t<meta name=\"twitter:data1\" content=\"4 minuti\" \/>\n<script type=\"application\/ld+json\" class=\"yoast-schema-graph\">{\"@context\":\"https:\\\/\\\/schema.org\",\"@graph\":[{\"@type\":\"WebPage\",\"@id\":\"https:\\\/\\\/leonardocincinelli.com\\\/about\\\/\",\"url\":\"https:\\\/\\\/leonardocincinelli.com\\\/about\\\/\",\"name\":\"About Leonardo - Leonardo Cincinelli\",\"isPartOf\":{\"@id\":\"https:\\\/\\\/leonardocincinelli.com\\\/#website\"},\"primaryImageOfPage\":{\"@id\":\"https:\\\/\\\/leonardocincinelli.com\\\/about\\\/#primaryimage\"},\"image\":{\"@id\":\"https:\\\/\\\/leonardocincinelli.com\\\/about\\\/#primaryimage\"},\"thumbnailUrl\":\"https:\\\/\\\/leonardocincinelli.com\\\/wp-content\\\/uploads\\\/2025\\\/03\\\/11-683x1024.jpg\",\"datePublished\":\"2025-02-21T12:31:17+00:00\",\"dateModified\":\"2025-04-24T21:36:02+00:00\",\"breadcrumb\":{\"@id\":\"https:\\\/\\\/leonardocincinelli.com\\\/about\\\/#breadcrumb\"},\"inLanguage\":\"it-IT\",\"potentialAction\":[{\"@type\":\"ReadAction\",\"target\":[\"https:\\\/\\\/leonardocincinelli.com\\\/about\\\/\"]}]},{\"@type\":\"ImageObject\",\"inLanguage\":\"it-IT\",\"@id\":\"https:\\\/\\\/leonardocincinelli.com\\\/about\\\/#primaryimage\",\"url\":\"https:\\\/\\\/leonardocincinelli.com\\\/wp-content\\\/uploads\\\/2025\\\/03\\\/11-683x1024.jpg\",\"contentUrl\":\"https:\\\/\\\/leonardocincinelli.com\\\/wp-content\\\/uploads\\\/2025\\\/03\\\/11-683x1024.jpg\"},{\"@type\":\"BreadcrumbList\",\"@id\":\"https:\\\/\\\/leonardocincinelli.com\\\/about\\\/#breadcrumb\",\"itemListElement\":[{\"@type\":\"ListItem\",\"position\":1,\"name\":\"Portada\",\"item\":\"https:\\\/\\\/leonardocincinelli.com\\\/\"},{\"@type\":\"ListItem\",\"position\":2,\"name\":\"About Leonardo\"}]},{\"@type\":\"WebSite\",\"@id\":\"https:\\\/\\\/leonardocincinelli.com\\\/#website\",\"url\":\"https:\\\/\\\/leonardocincinelli.com\\\/\",\"name\":\"Leonardo Cincinelli\",\"description\":\"Music Designer\",\"publisher\":{\"@id\":\"https:\\\/\\\/leonardocincinelli.com\\\/#\\\/schema\\\/person\\\/4e8f938b0ba55bdd58344f52ffb3acf1\"},\"potentialAction\":[{\"@type\":\"SearchAction\",\"target\":{\"@type\":\"EntryPoint\",\"urlTemplate\":\"https:\\\/\\\/leonardocincinelli.com\\\/?s={search_term_string}\"},\"query-input\":{\"@type\":\"PropertyValueSpecification\",\"valueRequired\":true,\"valueName\":\"search_term_string\"}}],\"inLanguage\":\"it-IT\"},{\"@type\":[\"Person\",\"Organization\"],\"@id\":\"https:\\\/\\\/leonardocincinelli.com\\\/#\\\/schema\\\/person\\\/4e8f938b0ba55bdd58344f52ffb3acf1\",\"name\":\"Leonardo Cincinelli\",\"image\":{\"@type\":\"ImageObject\",\"inLanguage\":\"it-IT\",\"@id\":\"https:\\\/\\\/leonardocincinelli.com\\\/wp-content\\\/uploads\\\/2025\\\/01\\\/LogoWEB-e1740150454111.png\",\"url\":\"https:\\\/\\\/leonardocincinelli.com\\\/wp-content\\\/uploads\\\/2025\\\/01\\\/LogoWEB-e1740150454111.png\",\"contentUrl\":\"https:\\\/\\\/leonardocincinelli.com\\\/wp-content\\\/uploads\\\/2025\\\/01\\\/LogoWEB-e1740150454111.png\",\"width\":500,\"height\":385,\"caption\":\"Leonardo Cincinelli\"},\"logo\":{\"@id\":\"https:\\\/\\\/leonardocincinelli.com\\\/wp-content\\\/uploads\\\/2025\\\/01\\\/LogoWEB-e1740150454111.png\"}}]}<\/script>\n<!-- \/ Yoast SEO plugin. -->","yoast_head_json":{"title":"About Leonardo - Leonardo Cincinelli","robots":{"index":"index","follow":"follow","max-snippet":"max-snippet:-1","max-image-preview":"max-image-preview:large","max-video-preview":"max-video-preview:-1"},"canonical":"https:\/\/leonardocincinelli.com\/it\/about\/","og_locale":"it_IT","og_type":"article","og_title":"About Leonardo - Leonardo Cincinelli","og_description":"About Leonardo Leonardo Cincinelli is an Italian pianist, keyboardist, producer, and composer whose music defies traditional labels. Deeply rooted in jazz and electronic music, his work is driven by a relentless passion for experimentation and improvisation, seamlessly blending genres while rejecting constraints. Born in 1983 in a small town in Tuscany, Leonardo began his musical [&hellip;]","og_url":"https:\/\/leonardocincinelli.com\/it\/about\/","og_site_name":"Leonardo Cincinelli","article_modified_time":"2025-04-24T21:36:02+00:00","og_image":[{"width":1440,"height":2160,"url":"https:\/\/leonardocincinelli.com\/wp-content\/uploads\/2025\/03\/11.jpg","type":"image\/jpeg"}],"twitter_card":"summary_large_image","twitter_misc":{"Tempo di lettura stimato":"4 minuti"},"schema":{"@context":"https:\/\/schema.org","@graph":[{"@type":"WebPage","@id":"https:\/\/leonardocincinelli.com\/about\/","url":"https:\/\/leonardocincinelli.com\/about\/","name":"About Leonardo - Leonardo Cincinelli","isPartOf":{"@id":"https:\/\/leonardocincinelli.com\/#website"},"primaryImageOfPage":{"@id":"https:\/\/leonardocincinelli.com\/about\/#primaryimage"},"image":{"@id":"https:\/\/leonardocincinelli.com\/about\/#primaryimage"},"thumbnailUrl":"https:\/\/leonardocincinelli.com\/wp-content\/uploads\/2025\/03\/11-683x1024.jpg","datePublished":"2025-02-21T12:31:17+00:00","dateModified":"2025-04-24T21:36:02+00:00","breadcrumb":{"@id":"https:\/\/leonardocincinelli.com\/about\/#breadcrumb"},"inLanguage":"it-IT","potentialAction":[{"@type":"ReadAction","target":["https:\/\/leonardocincinelli.com\/about\/"]}]},{"@type":"ImageObject","inLanguage":"it-IT","@id":"https:\/\/leonardocincinelli.com\/about\/#primaryimage","url":"https:\/\/leonardocincinelli.com\/wp-content\/uploads\/2025\/03\/11-683x1024.jpg","contentUrl":"https:\/\/leonardocincinelli.com\/wp-content\/uploads\/2025\/03\/11-683x1024.jpg"},{"@type":"BreadcrumbList","@id":"https:\/\/leonardocincinelli.com\/about\/#breadcrumb","itemListElement":[{"@type":"ListItem","position":1,"name":"Portada","item":"https:\/\/leonardocincinelli.com\/"},{"@type":"ListItem","position":2,"name":"About Leonardo"}]},{"@type":"WebSite","@id":"https:\/\/leonardocincinelli.com\/#website","url":"https:\/\/leonardocincinelli.com\/","name":"Leonardo Cincinelli","description":"Progettista musicale","publisher":{"@id":"https:\/\/leonardocincinelli.com\/#\/schema\/person\/4e8f938b0ba55bdd58344f52ffb3acf1"},"potentialAction":[{"@type":"SearchAction","target":{"@type":"EntryPoint","urlTemplate":"https:\/\/leonardocincinelli.com\/?s={search_term_string}"},"query-input":{"@type":"PropertyValueSpecification","valueRequired":true,"valueName":"search_term_string"}}],"inLanguage":"it-IT"},{"@type":["Person","Organization"],"@id":"https:\/\/leonardocincinelli.com\/#\/schema\/person\/4e8f938b0ba55bdd58344f52ffb3acf1","name":"Leonardo Cincinelli","image":{"@type":"ImageObject","inLanguage":"it-IT","@id":"https:\/\/leonardocincinelli.com\/wp-content\/uploads\/2025\/01\/LogoWEB-e1740150454111.png","url":"https:\/\/leonardocincinelli.com\/wp-content\/uploads\/2025\/01\/LogoWEB-e1740150454111.png","contentUrl":"https:\/\/leonardocincinelli.com\/wp-content\/uploads\/2025\/01\/LogoWEB-e1740150454111.png","width":500,"height":385,"caption":"Leonardo Cincinelli"},"logo":{"@id":"https:\/\/leonardocincinelli.com\/wp-content\/uploads\/2025\/01\/LogoWEB-e1740150454111.png"}}]}},"_hostinger_reach_plugin_has_subscription_block":false,"_hostinger_reach_plugin_is_elementor":false,"_links":{"self":[{"href":"https:\/\/leonardocincinelli.com\/it\/wp-json\/wp\/v2\/pages\/90","targetHints":{"allow":["GET"]}}],"collection":[{"href":"https:\/\/leonardocincinelli.com\/it\/wp-json\/wp\/v2\/pages"}],"about":[{"href":"https:\/\/leonardocincinelli.com\/it\/wp-json\/wp\/v2\/types\/page"}],"author":[{"embeddable":true,"href":"https:\/\/leonardocincinelli.com\/it\/wp-json\/wp\/v2\/users\/8"}],"replies":[{"embeddable":true,"href":"https:\/\/leonardocincinelli.com\/it\/wp-json\/wp\/v2\/comments?post=90"}],"version-history":[{"count":75,"href":"https:\/\/leonardocincinelli.com\/it\/wp-json\/wp\/v2\/pages\/90\/revisions"}],"predecessor-version":[{"id":1965,"href":"https:\/\/leonardocincinelli.com\/it\/wp-json\/wp\/v2\/pages\/90\/revisions\/1965"}],"wp:attachment":[{"href":"https:\/\/leonardocincinelli.com\/it\/wp-json\/wp\/v2\/media?parent=90"}],"curies":[{"name":"wp","href":"https:\/\/api.w.org\/{rel}","templated":true}]}}