{"id":16,"date":"2025-01-27T08:51:21","date_gmt":"2025-01-27T07:51:21","guid":{"rendered":"https:\/\/leonardocincinelli.com\/?page_id=16"},"modified":"2025-03-24T18:32:28","modified_gmt":"2025-03-24T17:32:28","slug":"legal","status":"publish","type":"page","link":"https:\/\/leonardocincinelli.com\/pt\/legal\/","title":{"rendered":"Aviso legal"},"content":{"rendered":"<div data-elementor-type=\"wp-page\" data-elementor-id=\"16\" class=\"elementor elementor-16\" data-elementor-post-type=\"page\">\n\t\t\t\t<div class=\"elementor-element elementor-element-6b3dc11 e-flex e-con-boxed e-con e-parent\" data-id=\"6b3dc11\" data-element_type=\"container\" data-e-type=\"container\">\n\t\t\t\t\t<div class=\"e-con-inner\">\n\t\t\t\t<div class=\"elementor-element elementor-element-d5f70aa elementor-widget elementor-widget-heading\" data-id=\"d5f70aa\" data-element_type=\"widget\" data-e-type=\"widget\" data-widget_type=\"heading.default\">\n\t\t\t\t<div class=\"elementor-widget-container\">\n\t\t\t\t\t<h2 class=\"elementor-heading-title elementor-size-default\">Aviso legal<\/h2>\t\t\t\t<\/div>\n\t\t\t\t<\/div>\n\t\t\t\t<div class=\"elementor-element elementor-element-bfd8520 elementor-widget elementor-widget-text-editor\" data-id=\"bfd8520\" data-element_type=\"widget\" data-e-type=\"widget\" data-widget_type=\"text-editor.default\">\n\t\t\t\t<div class=\"elementor-widget-container\">\n\t\t\t\t\t\t\t\t\t<p>I. Informa\u00e7\u00e3o geral Em cumprimento do dever de informa\u00e7\u00e3o previsto na Lei 34\/2002 de Servi\u00e7os da Sociedade da Informa\u00e7\u00e3o e do Com\u00e9rcio Eletr\u00f3nico (LSSI-CE), de 11 de julho, facilitam-se a seguir os seguintes dados de informa\u00e7\u00e3o geral sobre este s\u00edtio Web: A propriedade deste s\u00edtio Web, leonardocincinelli.com, (doravante, s\u00edtio Web) \u00e9 detida por: Leonardo Cincinelli, com<strong> NIF: Y0829271C<\/strong>e cujos dados de contacto s\u00e3o: <strong>Endere\u00e7o: Rua Vinaros 38, 4\u00ba Primeiro 08003 Barceloneta<\/strong> <strong>Telefone de contacto: +34672928561<\/strong> <strong>Correio eletr\u00f3nico de contacto: leonardo.cincinelli@gmail.com<\/strong> II. Condi\u00e7\u00f5es gerais de utiliza\u00e7\u00e3o Objeto das condi\u00e7\u00f5es: o s\u00edtio Web As presentes condi\u00e7\u00f5es gerais de utiliza\u00e7\u00e3o (a seguir designadas por condi\u00e7\u00f5es) t\u00eam por objetivo regular o acesso e a utiliza\u00e7\u00e3o do s\u00edtio Web. Para efeitos das presentes condi\u00e7\u00f5es, entende-se por s\u00edtio Web o aspeto externo das interfaces de ecr\u00e3, tanto est\u00e1tica como dinamicamente, isto \u00e9, a \u00e1rvore de navega\u00e7\u00e3o; e todos os elementos integrados tanto nas interfaces de ecr\u00e3 como na \u00e1rvore de navega\u00e7\u00e3o (doravante, conte\u00fados) e todos os servi\u00e7os ou recursos em linha que, no seu caso, oferecem aos utilizadores (doravante, servi\u00e7os). Leonardo Cininelli reserva-se o poder de modificar, a qualquer momento e sem aviso pr\u00e9vio, a apresenta\u00e7\u00e3o e a configura\u00e7\u00e3o do s\u00edtio Web, bem como os conte\u00fados e os servi\u00e7os que possam ser incorporados no mesmo. O utilizador reconhece e aceita que Leonardo Cininelli pode, em qualquer momento, interromper, desativar e\/ou cancelar qualquer um destes elementos integrados no s\u00edtio Web ou o acesso aos mesmos. O acesso ao site pelo utilizador \u00e9 gratuito e, em regra, \u00e9 gratuito sem que o utilizador tenha de efetuar qualquer contrapartida para o usufruir, exceto no que respeita ao custo da liga\u00e7\u00e3o atrav\u00e9s da rede de telecomunica\u00e7\u00f5es fornecida pelo fornecedor de acesso que o utilizador tenha contratado. A utiliza\u00e7\u00e3o de qualquer dos conte\u00fados ou servi\u00e7os do site pode ser feita mediante a pr\u00e9via subscri\u00e7\u00e3o ou registo do utilizador. O utilizador O acesso, a navega\u00e7\u00e3o e a utiliza\u00e7\u00e3o do s\u00edtio Web, bem como dos espa\u00e7os habilitados para a intera\u00e7\u00e3o entre os utilizadores, e entre o utilizador e Leonardo Cininelli, tais como os espa\u00e7os de coment\u00e1rios e\/ou de blogues, confere a condi\u00e7\u00e3o de utilizador, pelo que se aceitam, desde o in\u00edcio da navega\u00e7\u00e3o no s\u00edtio Web, todas as condi\u00e7\u00f5es aqui estabelecidas, bem como as suas posteriores modifica\u00e7\u00f5es, sem preju\u00edzo da aplica\u00e7\u00e3o das correspondentes normas legais de cumprimento. Dada a relev\u00e2ncia do exposto, recomenda-se ao utilizador a sua leitura sempre que visitar o s\u00edtio Web. O s\u00edtio Leonardo Cincinelli oferece uma grande diversidade de informa\u00e7\u00f5es, servi\u00e7os e dados. O utilizador assume a responsabilidade de fazer uma utiliza\u00e7\u00e3o correta do s\u00edtio Web. Esta responsabilidade estender-se-\u00e1 a: Um uso das informa\u00e7\u00f5es, conte\u00fados e\/ou servi\u00e7os e dados oferecidos por Leonardo Cincinelli sem que sejam contr\u00e1rios ao disposto nestas condi\u00e7\u00f5es, \u00e0 lei, \u00e0 moral ou \u00e0 ordem p\u00fablica, ou que de qualquer outra forma possam implicar les\u00e3o aos direitos de terceiros ou ao mesmo funcionamento do site. A veracidade e a legalidade das informa\u00e7\u00f5es fornecidas pelo utilizador nos formul\u00e1rios disponibilizados por Leonardo Cininelli para o acesso a determinados conte\u00fados ou servi\u00e7os oferecidos pelo s\u00edtio Web. Em qualquer caso, o utilizador comunicar\u00e1 imediatamente a Leonardo Cininelli qualquer facto que permita a utiliza\u00e7\u00e3o indevida da informa\u00e7\u00e3o registada nos referidos formul\u00e1rios, tais como, mas n\u00e3o s\u00f3, o roubo, perda ou acesso n\u00e3o autorizado a identificadores e\/ou palavras-passe, a fim de proceder ao seu cancelamento imediato. Leonardo Cininelli reserva-se o direito de retirar todos aqueles coment\u00e1rios e contribui\u00e7\u00f5es que violem a lei, o respeito \u00e0 dignidade da pessoa, que sejam discriminat\u00f3rios, xen\u00f3fobos, racistas, pornogr\u00e1ficos, spamming, que ameacem a juventude ou a inf\u00e2ncia, a ordem ou a seguran\u00e7a p\u00fablica ou que, em sua opini\u00e3o, n\u00e3o sejam adequados para publica\u00e7\u00e3o. Em qualquer caso, Leonardo Cininelli n\u00e3o ser\u00e1 respons\u00e1vel pelas opini\u00f5es expressas pelos utilizadores atrav\u00e9s de coment\u00e1rios ou de outras ferramentas de blogue ou de participa\u00e7\u00e3o que possam existir. O simples acesso a este s\u00edtio Web n\u00e3o implica o estabelecimento de qualquer rela\u00e7\u00e3o comercial entre Leonardo Cincinelli e o utilizador. O utilizador declara ser maior de idade e dispor de capacidade jur\u00eddica suficiente para se vincular a estas condi\u00e7\u00f5es. Por conseguinte, este s\u00edtio Leonardo Cininelli n\u00e3o se destina a menores. Leonardo Cininelli declina qualquer responsabilidade pela viola\u00e7\u00e3o deste requisito. O s\u00edtio Web destina-se principalmente aos utilizadores residentes em Espanha. Leonardo Cininelli n\u00e3o garante que o s\u00edtio esteja em conformidade com as leis de outros pa\u00edses, total ou parcialmente. Se o utilizador residir ou tiver o seu domic\u00edlio noutro local e decidir aceder e\/ou navegar no s\u00edtio Web f\u00e1-lo-\u00e1 sob a sua pr\u00f3pria responsabilidade, devendo assegurar-se de que esse acesso e navega\u00e7\u00e3o cumprem a legisla\u00e7\u00e3o local que lhe \u00e9 aplic\u00e1vel, n\u00e3o assumindo Leonardo Cininelli qualquer responsabilidade que possa derivar do referido acesso. III. Acesso e navega\u00e7\u00e3o no site: exclus\u00e3o de garantias e responsabilidade Leonardo Cincinelli n\u00e3o garante a continuidade, disponibilidade e utilidade do site, nem dos conte\u00fados ou servi\u00e7os. Leonardo Cininelli far\u00e1 todo o poss\u00edvel para o correto funcionamento do s\u00edtio Web, no entanto, n\u00e3o \u00e9 respons\u00e1vel nem garante que o acesso a este s\u00edtio Web n\u00e3o seja ininterrupto ou que esteja isento de erros. Tamb\u00e9m n\u00e3o se responsabiliza nem garante que os conte\u00fados ou o software a que se possa aceder atrav\u00e9s deste site estejam isentos de erros ou causem danos no sistema inform\u00e1tico (software e hardware) do utilizador. Em nenhum caso Leonardo Cincinelli ser\u00e1 respons\u00e1vel pelas perdas, danos ou preju\u00edzos de qualquer tipo que decorram do acesso, navega\u00e7\u00e3o e utiliza\u00e7\u00e3o do site, incluindo, mas n\u00e3o se limitando, aos causados aos sistemas inform\u00e1ticos ou aos causados pela introdu\u00e7\u00e3o de v\u00edrus. Leonardo Cininelli n\u00e3o se responsabiliza pelos danos que possam ser causados aos utilizadores pela utiliza\u00e7\u00e3o inadequada deste s\u00edtio Web. Em particular, n\u00e3o se responsabiliza por quaisquer quedas, interrup\u00e7\u00f5es, falta ou defeito de telecomunica\u00e7\u00f5es que possam ocorrer. IV. Pol\u00edtica de links Informa-se que o site Leonardo Cincinelli coloca ou pode colocar \u00e0 disposi\u00e7\u00e3o dos utilizadores meios de liga\u00e7\u00e3o (como, entre outros, links, banners, bot\u00f5es), diret\u00f3rios e motores de busca que permitem aos utilizadores aceder a sites pertencentes e\/ou geridos por terceiros. A instala\u00e7\u00e3o destas hiperliga\u00e7\u00f5es, diret\u00f3rios e motores de busca no s\u00edtio Web visa facilitar aos utilizadores a pesquisa e o acesso \u00e0 informa\u00e7\u00e3o dispon\u00edvel na Internet, sem que tal seja considerado uma sugest\u00e3o, recomenda\u00e7\u00e3o ou convite para a sua visita. Leonardo Cininelli n\u00e3o oferece nem comercializa, por si ou por meio de terceiros, os produtos e\/ou servi\u00e7os dispon\u00edveis nos referidos sites vinculados. Da mesma forma, tamb\u00e9m n\u00e3o garantir\u00e1 a disponibilidade t\u00e9cnica, exatid\u00e3o, veracidade, validade ou legalidade dos s\u00edtios alheios \u00e0 sua propriedade a que se possa aceder atrav\u00e9s das liga\u00e7\u00f5es. Leonardo Cincinelli n\u00e3o rev\u00ea nem controla, em caso algum, o conte\u00fado de outros s\u00edtios Web, nem aprova, examina ou realiza os produtos e servi\u00e7os, conte\u00fados, ficheiros e qualquer outro material existente nos referidos s\u00edtios ligados. Leonardo Cincinelli n\u00e3o assume qualquer responsabilidade pelos danos e preju\u00edzos que possam ser causados pelo acesso, utiliza\u00e7\u00e3o, qualidade ou leitura dos conte\u00fados, comunica\u00e7\u00f5es, opini\u00f5es, produtos e servi\u00e7os dos s\u00edtios Web n\u00e3o geridos por Leonardo Cincinelli e que estejam ligados a este s\u00edtio Web. O utilizador ou terceiro que fa\u00e7a uma hiperliga\u00e7\u00e3o a partir de um s\u00edtio Web diferente, diferente, para o s\u00edtio Web de Leonardo Cininelli deve saber que: N\u00e3o \u00e9 permitida a reprodu\u00e7\u00e3o - total ou parcial - de nenhum dos conte\u00fados e\/ou servi\u00e7os do site sem autoriza\u00e7\u00e3o expressa de Leonardo Cincinelli. Tamb\u00e9m n\u00e3o \u00e9 permitida qualquer manifesta\u00e7\u00e3o falsa, inexata ou incorreta sobre o site Leonardo Cininelli, nem sobre seus conte\u00fados e\/ou servi\u00e7os. Com exce\u00e7\u00e3o da hiperliga\u00e7\u00e3o, o s\u00edtio web no qual se estabele\u00e7a esta hiperliga\u00e7\u00e3o n\u00e3o conter\u00e1 nenhum elemento, deste s\u00edtio web, protegido como propriedade intelectual pelo ordenamento jur\u00eddico espanhol, salvo autoriza\u00e7\u00e3o expressa de Leonardo Cincinelli. O estabelecimento da hiperliga\u00e7\u00e3o n\u00e3o implicar\u00e1 a exist\u00eancia de rela\u00e7\u00f5es entre Leonardo Cincinelli e o respons\u00e1vel do s\u00edtio web a partir do qual se realiza, nem o conhecimento e aceita\u00e7\u00e3o por parte de Leonardo Cincinelli dos conte\u00fados, servi\u00e7os e\/ou actividades oferecidos no referido s\u00edtio web, e vice-versa. V. Propriedade intelectual e industrial Leonardo Cininelli, por si s\u00f3 ou como cession\u00e1rio, \u00e9 titular de todos os direitos de propriedade intelectual e industrial do site, bem como dos elementos nele contidos (a t\u00edtulo enunciativo e n\u00e3o exaustivo, imagens, som, \u00e1udio, v\u00eddeo, software ou textos, marcas ou log\u00f3tipos, combina\u00e7\u00f5es de cores, estrutura e design, sele\u00e7\u00e3o de materiais utilizados, programas inform\u00e1ticos necess\u00e1rios para o seu funcionamento, acesso e utiliza\u00e7\u00e3o, etc.). Ser\u00e3o, portanto, obras protegidas como propriedade intelectual pelo sistema jur\u00eddico espanhol, sendo aplic\u00e1vel tanto a regulamenta\u00e7\u00e3o espanhola e comunit\u00e1ria neste dom\u00ednio, bem como os tratados internacionais relacionados com o assunto e assinados por Espanha. Todos os direitos reservados. Em virtude das disposi\u00e7\u00f5es da Lei de Propriedade Intelectual, n\u00e3o \u00e9 permitida a reprodu\u00e7\u00e3o, distribui\u00e7\u00e3o e comunica\u00e7\u00e3o p\u00fablica, incluindo a sua modalidade de disponibiliza\u00e7\u00e3o, da totalidade ou de parte dos conte\u00fados deste s\u00edtio Web, para fins comerciais, em qualquer suporte e por qualquer meio t\u00e9cnico, sem a autoriza\u00e7\u00e3o de Leonardo Cintelli. O utilizador compromete-se a respeitar os direitos de propriedade intelectual e industrial de Leonardo Cincinelli. O usu\u00e1rio poder\u00e1 visualizar os elementos do site ou mesmo imprimi-los, copi\u00e1-los e armazen\u00e1-los no disco r\u00edgido de seu computador ou em qualquer outro suporte f\u00edsico desde que seja, exclusivamente, para uso pessoal. O utilizador, no entanto, n\u00e3o poder\u00e1 suprimir, alterar ou manipular qualquer dispositivo de prote\u00e7\u00e3o ou sistema de seguran\u00e7a que tenha sido instalado no site. Caso o utilizador ou um terceiro considere que algum dos conte\u00fados do s\u00edtio web sup\u00f5e uma viola\u00e7\u00e3o dos direitos de prote\u00e7\u00e3o da propriedade intelectual, dever\u00e1 comunic\u00e1-lo imediatamente a Leonardo Cincinelli atrav\u00e9s dos dados de contacto da sec\u00e7\u00e3o de informa\u00e7\u00e3o geral do presente aviso legal e condi\u00e7\u00f5es gerais de utiliza\u00e7\u00e3o. VI. Ac\u00e7\u00f5es judiciais, legisla\u00e7\u00e3o aplic\u00e1vel e jurisdi\u00e7\u00e3o Leonardo Cincinelli reserva-se o poder de apresentar as ac\u00e7\u00f5es civis ou penais que considere necess\u00e1rias pela utiliza\u00e7\u00e3o indevida do s\u00edtio web e dos conte\u00fados, ou pelo incumprimento das presentes condi\u00e7\u00f5es. A rela\u00e7\u00e3o entre o utilizador e Leonardo Cincinelli ser\u00e1 regida pela normativa vigente e de aplica\u00e7\u00e3o no territ\u00f3rio espanhol. Se surgir alguma controv\u00e9rsia em rela\u00e7\u00e3o \u00e0 interpreta\u00e7\u00e3o e\/ou \u00e0 aplica\u00e7\u00e3o das presentes condi\u00e7\u00f5es, as partes submeter\u00e3o os seus conflitos \u00e0 jurisdi\u00e7\u00e3o ordin\u00e1ria, submetendo-se aos ju\u00edzes e tribunais que correspondam \u00e0 lei.<\/p>\t\t\t\t\t\t\t\t<\/div>\n\t\t\t\t<\/div>\n\t\t\t\t\t<\/div>\n\t\t\t\t<\/div>\n\t\t\t\t<\/div>","protected":false},"excerpt":{"rendered":"<p>Legal notice I. General Information In compliance with the duty of information provided in Law 34\/2002 on Services of the Information Society and Electronic Commerce (LSSI-CE) of July 11, the following general information data on this website are facilitated below: The ownership of this website, leonardocincinelli.com, (hereinafter, website) is held: Leonardo Cincinelli, with NIF: Y0829271C, [&hellip;]<\/p>\n","protected":false},"author":2,"featured_media":0,"parent":0,"menu_order":31,"comment_status":"closed","ping_status":"open","template":"elementor_header_footer","meta":{"footnotes":""},"class_list":["post-16","page","type-page","status-publish","hentry"],"yoast_head":"<!-- This site is optimized with the Yoast SEO plugin v27.3 - https:\/\/yoast.com\/product\/yoast-seo-wordpress\/ -->\n<title>Aviso legal - Leonardo Cincinelli<\/title>\n<meta name=\"robots\" content=\"noindex, follow\" \/>\n<meta property=\"og:locale\" content=\"pt_PT\" \/>\n<meta property=\"og:type\" content=\"article\" \/>\n<meta property=\"og:title\" content=\"Aviso legal - Leonardo Cincinelli\" \/>\n<meta property=\"og:description\" content=\"Legal notice I. General Information In compliance with the duty of information provided in Law 34\/2002 on Services of the Information Society and Electronic Commerce (LSSI-CE) of July 11, the following general information data on this website are facilitated below: The ownership of this website, leonardocincinelli.com, (hereinafter, website) is held: Leonardo Cincinelli, with NIF: Y0829271C, [&hellip;]\" \/>\n<meta property=\"og:url\" content=\"https:\/\/leonardocincinelli.com\/pt\/legal\/\" \/>\n<meta property=\"og:site_name\" content=\"Leonardo Cincinelli\" \/>\n<meta property=\"article:modified_time\" content=\"2025-03-24T17:32:28+00:00\" \/>\n<meta property=\"og:image\" content=\"https:\/\/leonardocincinelli.com\/wp-content\/uploads\/2025\/03\/home-2-819x1024.jpg\" \/>\n\t<meta property=\"og:image:width\" content=\"819\" \/>\n\t<meta property=\"og:image:height\" content=\"1024\" \/>\n\t<meta property=\"og:image:type\" content=\"image\/jpeg\" \/>\n<meta name=\"twitter:card\" content=\"summary_large_image\" \/>\n<meta name=\"twitter:label1\" content=\"Tempo estimado de leitura\" \/>\n\t<meta name=\"twitter:data1\" content=\"8 minutos\" \/>\n<script type=\"application\/ld+json\" class=\"yoast-schema-graph\">{\"@context\":\"https:\\\/\\\/schema.org\",\"@graph\":[{\"@type\":\"WebPage\",\"@id\":\"https:\\\/\\\/leonardocincinelli.com\\\/legal\\\/\",\"url\":\"https:\\\/\\\/leonardocincinelli.com\\\/legal\\\/\",\"name\":\"Aviso legal - Leonardo Cincinelli\",\"isPartOf\":{\"@id\":\"https:\\\/\\\/leonardocincinelli.com\\\/#website\"},\"datePublished\":\"2025-01-27T07:51:21+00:00\",\"dateModified\":\"2025-03-24T17:32:28+00:00\",\"breadcrumb\":{\"@id\":\"https:\\\/\\\/leonardocincinelli.com\\\/legal\\\/#breadcrumb\"},\"inLanguage\":\"pt-PT\",\"potentialAction\":[{\"@type\":\"ReadAction\",\"target\":[\"https:\\\/\\\/leonardocincinelli.com\\\/legal\\\/\"]}]},{\"@type\":\"BreadcrumbList\",\"@id\":\"https:\\\/\\\/leonardocincinelli.com\\\/legal\\\/#breadcrumb\",\"itemListElement\":[{\"@type\":\"ListItem\",\"position\":1,\"name\":\"Portada\",\"item\":\"https:\\\/\\\/leonardocincinelli.com\\\/\"},{\"@type\":\"ListItem\",\"position\":2,\"name\":\"Aviso legal\"}]},{\"@type\":\"WebSite\",\"@id\":\"https:\\\/\\\/leonardocincinelli.com\\\/#website\",\"url\":\"https:\\\/\\\/leonardocincinelli.com\\\/\",\"name\":\"Leonardo Cincinelli\",\"description\":\"Music Designer\",\"publisher\":{\"@id\":\"https:\\\/\\\/leonardocincinelli.com\\\/#\\\/schema\\\/person\\\/4e8f938b0ba55bdd58344f52ffb3acf1\"},\"potentialAction\":[{\"@type\":\"SearchAction\",\"target\":{\"@type\":\"EntryPoint\",\"urlTemplate\":\"https:\\\/\\\/leonardocincinelli.com\\\/?s={search_term_string}\"},\"query-input\":{\"@type\":\"PropertyValueSpecification\",\"valueRequired\":true,\"valueName\":\"search_term_string\"}}],\"inLanguage\":\"pt-PT\"},{\"@type\":[\"Person\",\"Organization\"],\"@id\":\"https:\\\/\\\/leonardocincinelli.com\\\/#\\\/schema\\\/person\\\/4e8f938b0ba55bdd58344f52ffb3acf1\",\"name\":\"Leonardo Cincinelli\",\"image\":{\"@type\":\"ImageObject\",\"inLanguage\":\"pt-PT\",\"@id\":\"https:\\\/\\\/leonardocincinelli.com\\\/wp-content\\\/uploads\\\/2025\\\/01\\\/LogoWEB-e1740150454111.png\",\"url\":\"https:\\\/\\\/leonardocincinelli.com\\\/wp-content\\\/uploads\\\/2025\\\/01\\\/LogoWEB-e1740150454111.png\",\"contentUrl\":\"https:\\\/\\\/leonardocincinelli.com\\\/wp-content\\\/uploads\\\/2025\\\/01\\\/LogoWEB-e1740150454111.png\",\"width\":500,\"height\":385,\"caption\":\"Leonardo Cincinelli\"},\"logo\":{\"@id\":\"https:\\\/\\\/leonardocincinelli.com\\\/wp-content\\\/uploads\\\/2025\\\/01\\\/LogoWEB-e1740150454111.png\"}}]}<\/script>\n<!-- \/ Yoast SEO plugin. -->","yoast_head_json":{"title":"Aviso legal - Leonardo Cincinelli","robots":{"index":"noindex","follow":"follow"},"og_locale":"pt_PT","og_type":"article","og_title":"Aviso legal - Leonardo Cincinelli","og_description":"Legal notice I. General Information In compliance with the duty of information provided in Law 34\/2002 on Services of the Information Society and Electronic Commerce (LSSI-CE) of July 11, the following general information data on this website are facilitated below: The ownership of this website, leonardocincinelli.com, (hereinafter, website) is held: Leonardo Cincinelli, with NIF: Y0829271C, [&hellip;]","og_url":"https:\/\/leonardocincinelli.com\/pt\/legal\/","og_site_name":"Leonardo Cincinelli","article_modified_time":"2025-03-24T17:32:28+00:00","og_image":[{"width":819,"height":1024,"url":"https:\/\/leonardocincinelli.com\/wp-content\/uploads\/2025\/03\/home-2-819x1024.jpg","type":"image\/jpeg"}],"twitter_card":"summary_large_image","twitter_misc":{"Tempo estimado de leitura":"8 minutos"},"schema":{"@context":"https:\/\/schema.org","@graph":[{"@type":"WebPage","@id":"https:\/\/leonardocincinelli.com\/legal\/","url":"https:\/\/leonardocincinelli.com\/legal\/","name":"Aviso legal - Leonardo Cincinelli","isPartOf":{"@id":"https:\/\/leonardocincinelli.com\/#website"},"datePublished":"2025-01-27T07:51:21+00:00","dateModified":"2025-03-24T17:32:28+00:00","breadcrumb":{"@id":"https:\/\/leonardocincinelli.com\/legal\/#breadcrumb"},"inLanguage":"pt-PT","potentialAction":[{"@type":"ReadAction","target":["https:\/\/leonardocincinelli.com\/legal\/"]}]},{"@type":"BreadcrumbList","@id":"https:\/\/leonardocincinelli.com\/legal\/#breadcrumb","itemListElement":[{"@type":"ListItem","position":1,"name":"Portada","item":"https:\/\/leonardocincinelli.com\/"},{"@type":"ListItem","position":2,"name":"Aviso legal"}]},{"@type":"WebSite","@id":"https:\/\/leonardocincinelli.com\/#website","url":"https:\/\/leonardocincinelli.com\/","name":"Leonardo Cincinelli","description":"Designer de m\u00fasica","publisher":{"@id":"https:\/\/leonardocincinelli.com\/#\/schema\/person\/4e8f938b0ba55bdd58344f52ffb3acf1"},"potentialAction":[{"@type":"SearchAction","target":{"@type":"EntryPoint","urlTemplate":"https:\/\/leonardocincinelli.com\/?s={search_term_string}"},"query-input":{"@type":"PropertyValueSpecification","valueRequired":true,"valueName":"search_term_string"}}],"inLanguage":"pt-PT"},{"@type":["Person","Organization"],"@id":"https:\/\/leonardocincinelli.com\/#\/schema\/person\/4e8f938b0ba55bdd58344f52ffb3acf1","name":"Leonardo Cincinelli","image":{"@type":"ImageObject","inLanguage":"pt-PT","@id":"https:\/\/leonardocincinelli.com\/wp-content\/uploads\/2025\/01\/LogoWEB-e1740150454111.png","url":"https:\/\/leonardocincinelli.com\/wp-content\/uploads\/2025\/01\/LogoWEB-e1740150454111.png","contentUrl":"https:\/\/leonardocincinelli.com\/wp-content\/uploads\/2025\/01\/LogoWEB-e1740150454111.png","width":500,"height":385,"caption":"Leonardo Cincinelli"},"logo":{"@id":"https:\/\/leonardocincinelli.com\/wp-content\/uploads\/2025\/01\/LogoWEB-e1740150454111.png"}}]}},"_hostinger_reach_plugin_has_subscription_block":false,"_hostinger_reach_plugin_is_elementor":false,"_links":{"self":[{"href":"https:\/\/leonardocincinelli.com\/pt\/wp-json\/wp\/v2\/pages\/16","targetHints":{"allow":["GET"]}}],"collection":[{"href":"https:\/\/leonardocincinelli.com\/pt\/wp-json\/wp\/v2\/pages"}],"about":[{"href":"https:\/\/leonardocincinelli.com\/pt\/wp-json\/wp\/v2\/types\/page"}],"author":[{"embeddable":true,"href":"https:\/\/leonardocincinelli.com\/pt\/wp-json\/wp\/v2\/users\/2"}],"replies":[{"embeddable":true,"href":"https:\/\/leonardocincinelli.com\/pt\/wp-json\/wp\/v2\/comments?post=16"}],"version-history":[{"count":14,"href":"https:\/\/leonardocincinelli.com\/pt\/wp-json\/wp\/v2\/pages\/16\/revisions"}],"predecessor-version":[{"id":847,"href":"https:\/\/leonardocincinelli.com\/pt\/wp-json\/wp\/v2\/pages\/16\/revisions\/847"}],"wp:attachment":[{"href":"https:\/\/leonardocincinelli.com\/pt\/wp-json\/wp\/v2\/media?parent=16"}],"curies":[{"name":"wp","href":"https:\/\/api.w.org\/{rel}","templated":true}]}}