{"id":700,"date":"2025-03-20T13:41:58","date_gmt":"2025-03-20T12:41:58","guid":{"rendered":"https:\/\/leonardocincinelli.com\/?page_id=700"},"modified":"2025-04-17T12:00:21","modified_gmt":"2025-04-17T10:00:21","slug":"early-project","status":"publish","type":"page","link":"https:\/\/leonardocincinelli.com\/pt\/art-projects\/early-project\/","title":{"rendered":"E-Jazz"},"content":{"rendered":"<div data-elementor-type=\"wp-page\" data-elementor-id=\"700\" class=\"elementor elementor-700\" data-elementor-post-type=\"page\">\n\t\t\t\t<div class=\"elementor-element elementor-element-2dfdce8 e-flex e-con-boxed e-con e-parent\" data-id=\"2dfdce8\" data-element_type=\"container\" data-e-type=\"container\" data-settings=\"{&quot;background_background&quot;:&quot;classic&quot;}\">\n\t\t\t\t\t<div class=\"e-con-inner\">\n\t\t\t\t<div class=\"elementor-element elementor-element-41ccfd1c elementor-widget elementor-widget-heading\" data-id=\"41ccfd1c\" data-element_type=\"widget\" data-e-type=\"widget\" data-widget_type=\"heading.default\">\n\t\t\t\t<div class=\"elementor-widget-container\">\n\t\t\t\t\t<h2 class=\"elementor-heading-title elementor-size-default\">E-Jazz<\/h2>\t\t\t\t<\/div>\n\t\t\t\t<\/div>\n\t\t\t\t\t<\/div>\n\t\t\t\t<\/div>\n\t\t<div class=\"elementor-element elementor-element-054770c e-flex e-con-boxed e-con e-parent\" data-id=\"054770c\" data-element_type=\"container\" data-e-type=\"container\">\n\t\t\t\t\t<div class=\"e-con-inner\">\n\t\t<div class=\"elementor-element elementor-element-6453fb7 e-con-full e-flex e-con e-child\" data-id=\"6453fb7\" data-element_type=\"container\" data-e-type=\"container\">\n\t\t<div class=\"elementor-element elementor-element-27d0c7e e-con-full e-flex e-con e-child\" data-id=\"27d0c7e\" data-element_type=\"container\" data-e-type=\"container\">\n\t\t\t\t<div class=\"elementor-element elementor-element-eca7595 elementor-widget elementor-widget-text-editor\" data-id=\"eca7595\" data-element_type=\"widget\" data-e-type=\"widget\" data-widget_type=\"text-editor.default\">\n\t\t\t\t<div class=\"elementor-widget-container\">\n\t\t\t\t\t\t\t\t\t<p data-start=\"0\" data-end=\"12\">Durante os seus cursos de Arte S\u00f3nica no Saint Louis College of Music em Roma (2007-2009), sob a orienta\u00e7\u00e3o de Luca Spagnoletti, Leonardo desenvolveu um instrumento virtual chamado <em data-start=\"187\" data-end=\"198\">Chord Box<\/em>, constru\u00eddo com Native Instruments Reaktor.<\/p><p data-start=\"0\" data-end=\"12\">Motivado pela procura de um \"som puro\", este instrumento ignora o temperamento igual, gerando ondas sinusoidais com frequ\u00eancias calculadas de acordo com rela\u00e7\u00f5es harm\u00f3nicas exactas (<em data-start=\"422\" data-end=\"438\">harm\u00f3nicos puros<\/em>). Esta abordagem permitiu-lhe criar texturas ocas, tipo pad, t\u00e3o livres de batimento quanto poss\u00edvel, bem como sons percussivos simplificados e limpos.<\/p><p data-start=\"591\" data-end=\"1100\" data-is-last-node=\"\" data-is-only-node=\"\">O <em data-start=\"595\" data-end=\"603\">E-Jazz<\/em> O projeto centrou-se na combina\u00e7\u00e3o de sequ\u00eancias pr\u00e9-programadas criadas com este instrumento e actua\u00e7\u00f5es de piano ao vivo, representando a primeira verdadeira abordagem de Leonardo \u00e0 m\u00fasica experimental.<\/p><p data-start=\"591\" data-end=\"1100\" data-is-last-node=\"\" data-is-only-node=\"\">Mais tarde, com a ajuda de Eduard Resina Bertran, diretor do Departamento de Cria\u00e7\u00e3o e Teoria Musical da Escola Superior de M\u00fasica da Catalunha (ESMUC), Leonardo desenvolveu uma vers\u00e3o reproduz\u00edvel em tempo real utilizando Max MSP. Esta vers\u00e3o foi posteriormente utilizada em v\u00e1rios outros projectos, incluindo <em data-start=\"1062\" data-end=\"1072\">Art.eria<\/em>, <em data-start=\"1074\" data-end=\"1084\">Por Aria<\/em>e <em data-start=\"1090\" data-end=\"1099\">Leomode<\/em>.<\/p><p data-start=\"591\" data-end=\"1100\" data-is-last-node=\"\" data-is-only-node=\"\">\u00a0<\/p>\t\t\t\t\t\t\t\t<\/div>\n\t\t\t\t<\/div>\n\t\t\t\t<div class=\"elementor-element elementor-element-25c1fbd elementor-widget elementor-widget-html\" data-id=\"25c1fbd\" data-element_type=\"widget\" data-e-type=\"widget\" data-widget_type=\"html.default\">\n\t\t\t\t<div class=\"elementor-widget-container\">\n\t\t\t\t\t<iframe width=\"560\" height=\"315\" src=\"https:\/\/www.youtube.com\/embed\/QLhob-Qo6aU?si=C5qHHa16u8A1zxiZ\" title=\"Leitor de v\u00eddeo do YouTube\" frameborder=\"0\" allow=\"accelerometer; autoplay; clipboard-write; encrypted-media; gyroscope; picture-in-picture; web-share\"\r\nreferrerpolicy=\"strict-origin-when-cross-origin\" allowfullscreen><\/iframe>\r\n\t\t\t\t<\/div>\n\t\t\t\t<\/div>\n\t\t\t\t<\/div>\n\t\t<div class=\"elementor-element elementor-element-3933dac e-con-full e-flex e-con e-child\" data-id=\"3933dac\" data-element_type=\"container\" data-e-type=\"container\">\n\t\t<div class=\"elementor-element elementor-element-163a485 e-con-full e-flex e-con e-child\" data-id=\"163a485\" data-element_type=\"container\" data-e-type=\"container\">\n\t\t\t\t<div class=\"elementor-element elementor-element-103f6b0 elementor-widget elementor-widget-html\" data-id=\"103f6b0\" data-element_type=\"widget\" data-e-type=\"widget\" data-widget_type=\"html.default\">\n\t\t\t\t<div class=\"elementor-widget-container\">\n\t\t\t\t\t<iframe width=\"560\" height=\"315\" src=\"https:\/\/www.youtube.com\/embed\/owcm7_254Ok?si=OyNmLgzqEWY9mz4i\" title=\"Leitor de v\u00eddeo do YouTube\" frameborder=\"0\" allow=\"accelerometer; autoplay; clipboard-write; encrypted-media; gyroscope; picture-in-picture; web-share\" referrerpolicy=\"strict-origin-when-cross-origin\" allowfullscreen><\/iframe>\t\t\t\t<\/div>\n\t\t\t\t<\/div>\n\t\t\t\t<div class=\"elementor-element elementor-element-de77106 elementor-widget elementor-widget-spacer\" data-id=\"de77106\" data-element_type=\"widget\" data-e-type=\"widget\" data-widget_type=\"spacer.default\">\n\t\t\t\t<div class=\"elementor-widget-container\">\n\t\t\t\t\t\t\t<div class=\"elementor-spacer\">\n\t\t\t<div class=\"elementor-spacer-inner\"><\/div>\n\t\t<\/div>\n\t\t\t\t\t\t<\/div>\n\t\t\t\t<\/div>\n\t\t\t\t<\/div>\n\t\t<div class=\"elementor-element elementor-element-b744f5e e-con-full e-flex e-con e-child\" data-id=\"b744f5e\" data-element_type=\"container\" data-e-type=\"container\">\n\t\t\t\t<div class=\"elementor-element elementor-element-8b9dfa0 elementor-widget elementor-widget-html\" data-id=\"8b9dfa0\" data-element_type=\"widget\" data-e-type=\"widget\" data-widget_type=\"html.default\">\n\t\t\t\t<div class=\"elementor-widget-container\">\n\t\t\t\t\t<iframe style=\"border: 0; width: 350px; height: 470px;\"\r\nsrc=\"https:\/\/bandcamp.com\/EmbeddedPlayer\/album=3656073393\/size=large\/bgcol=333333\/linkcol=e32c14\/tracklist=false\/transparent=true\/\"\r\nseamless><a href=\"https:\/\/leonardocincinelli.bandcamp.com\/album\/e-jazz\">E-Jazz por Leonardo Cincinelli<\/a><\/iframe>\r\n\t\t\t\t<\/div>\n\t\t\t\t<\/div>\n\t\t\t\t<\/div>\n\t\t\t\t<\/div>\n\t\t\t\t<\/div>\n\t\t\t\t\t<\/div>\n\t\t\t\t<\/div>\n\t\t\t\t<\/div>","protected":false},"excerpt":{"rendered":"<p>During his Sonic Art courses at the Saint Louis College of Music in Rome (2007-2009), under the guidance of Luca Spagnoletti, Leonardo developed a virtual instrument called Chord Box, built using Native Instruments Reaktor. Motivated by the pursuit of a &#8220;pure sound,&#8221; this instrument bypasses equal temperament, instead generating sine waves with frequencies calculated according [&hellip;]<\/p>\n","protected":false},"author":8,"featured_media":0,"parent":82,"menu_order":0,"comment_status":"closed","ping_status":"closed","template":"elementor_header_footer","meta":{"footnotes":""},"class_list":["post-700","page","type-page","status-publish","hentry"],"yoast_head":"<!-- This site is optimized with the Yoast SEO plugin v27.3 - https:\/\/yoast.com\/product\/yoast-seo-wordpress\/ -->\n<title>E-Jazz - Leonardo Cincinelli<\/title>\n<meta name=\"robots\" content=\"index, follow, max-snippet:-1, max-image-preview:large, max-video-preview:-1\" \/>\n<link rel=\"canonical\" href=\"https:\/\/leonardocincinelli.com\/pt\/art-projects\/early-project\/\" \/>\n<meta property=\"og:locale\" content=\"pt_PT\" \/>\n<meta property=\"og:type\" content=\"article\" \/>\n<meta property=\"og:title\" content=\"E-Jazz - Leonardo Cincinelli\" \/>\n<meta property=\"og:description\" content=\"During his Sonic Art courses at the Saint Louis College of Music in Rome (2007-2009), under the guidance of Luca Spagnoletti, Leonardo developed a virtual instrument called Chord Box, built using Native Instruments Reaktor. Motivated by the pursuit of a &#8220;pure sound,&#8221; this instrument bypasses equal temperament, instead generating sine waves with frequencies calculated according [&hellip;]\" \/>\n<meta property=\"og:url\" content=\"https:\/\/leonardocincinelli.com\/pt\/art-projects\/early-project\/\" \/>\n<meta property=\"og:site_name\" content=\"Leonardo Cincinelli\" \/>\n<meta property=\"article:modified_time\" content=\"2025-04-17T10:00:21+00:00\" \/>\n<meta property=\"og:image\" content=\"https:\/\/leonardocincinelli.com\/wp-content\/uploads\/2025\/03\/home-2-819x1024.jpg\" \/>\n\t<meta property=\"og:image:width\" content=\"819\" \/>\n\t<meta property=\"og:image:height\" content=\"1024\" \/>\n\t<meta property=\"og:image:type\" content=\"image\/jpeg\" \/>\n<meta name=\"twitter:card\" content=\"summary_large_image\" \/>\n<meta name=\"twitter:label1\" content=\"Tempo estimado de leitura\" \/>\n\t<meta name=\"twitter:data1\" content=\"1 minuto\" \/>\n<script type=\"application\/ld+json\" class=\"yoast-schema-graph\">{\"@context\":\"https:\\\/\\\/schema.org\",\"@graph\":[{\"@type\":\"WebPage\",\"@id\":\"https:\\\/\\\/leonardocincinelli.com\\\/art-projects\\\/early-project\\\/\",\"url\":\"https:\\\/\\\/leonardocincinelli.com\\\/art-projects\\\/early-project\\\/\",\"name\":\"E-Jazz - Leonardo Cincinelli\",\"isPartOf\":{\"@id\":\"https:\\\/\\\/leonardocincinelli.com\\\/#website\"},\"datePublished\":\"2025-03-20T12:41:58+00:00\",\"dateModified\":\"2025-04-17T10:00:21+00:00\",\"breadcrumb\":{\"@id\":\"https:\\\/\\\/leonardocincinelli.com\\\/art-projects\\\/early-project\\\/#breadcrumb\"},\"inLanguage\":\"pt-PT\",\"potentialAction\":[{\"@type\":\"ReadAction\",\"target\":[\"https:\\\/\\\/leonardocincinelli.com\\\/art-projects\\\/early-project\\\/\"]}]},{\"@type\":\"BreadcrumbList\",\"@id\":\"https:\\\/\\\/leonardocincinelli.com\\\/art-projects\\\/early-project\\\/#breadcrumb\",\"itemListElement\":[{\"@type\":\"ListItem\",\"position\":1,\"name\":\"Portada\",\"item\":\"https:\\\/\\\/leonardocincinelli.com\\\/\"},{\"@type\":\"ListItem\",\"position\":2,\"name\":\"Creative Projects\",\"item\":\"https:\\\/\\\/leonardocincinelli.com\\\/art-projects\\\/\"},{\"@type\":\"ListItem\",\"position\":3,\"name\":\"E-Jazz\"}]},{\"@type\":\"WebSite\",\"@id\":\"https:\\\/\\\/leonardocincinelli.com\\\/#website\",\"url\":\"https:\\\/\\\/leonardocincinelli.com\\\/\",\"name\":\"Leonardo Cincinelli\",\"description\":\"Music Designer\",\"publisher\":{\"@id\":\"https:\\\/\\\/leonardocincinelli.com\\\/#\\\/schema\\\/person\\\/4e8f938b0ba55bdd58344f52ffb3acf1\"},\"potentialAction\":[{\"@type\":\"SearchAction\",\"target\":{\"@type\":\"EntryPoint\",\"urlTemplate\":\"https:\\\/\\\/leonardocincinelli.com\\\/?s={search_term_string}\"},\"query-input\":{\"@type\":\"PropertyValueSpecification\",\"valueRequired\":true,\"valueName\":\"search_term_string\"}}],\"inLanguage\":\"pt-PT\"},{\"@type\":[\"Person\",\"Organization\"],\"@id\":\"https:\\\/\\\/leonardocincinelli.com\\\/#\\\/schema\\\/person\\\/4e8f938b0ba55bdd58344f52ffb3acf1\",\"name\":\"Leonardo Cincinelli\",\"image\":{\"@type\":\"ImageObject\",\"inLanguage\":\"pt-PT\",\"@id\":\"https:\\\/\\\/leonardocincinelli.com\\\/wp-content\\\/uploads\\\/2025\\\/01\\\/LogoWEB-e1740150454111.png\",\"url\":\"https:\\\/\\\/leonardocincinelli.com\\\/wp-content\\\/uploads\\\/2025\\\/01\\\/LogoWEB-e1740150454111.png\",\"contentUrl\":\"https:\\\/\\\/leonardocincinelli.com\\\/wp-content\\\/uploads\\\/2025\\\/01\\\/LogoWEB-e1740150454111.png\",\"width\":500,\"height\":385,\"caption\":\"Leonardo Cincinelli\"},\"logo\":{\"@id\":\"https:\\\/\\\/leonardocincinelli.com\\\/wp-content\\\/uploads\\\/2025\\\/01\\\/LogoWEB-e1740150454111.png\"}}]}<\/script>\n<!-- \/ Yoast SEO plugin. -->","yoast_head_json":{"title":"E-Jazz - Leonardo Cincinelli","robots":{"index":"index","follow":"follow","max-snippet":"max-snippet:-1","max-image-preview":"max-image-preview:large","max-video-preview":"max-video-preview:-1"},"canonical":"https:\/\/leonardocincinelli.com\/pt\/art-projects\/early-project\/","og_locale":"pt_PT","og_type":"article","og_title":"E-Jazz - Leonardo Cincinelli","og_description":"During his Sonic Art courses at the Saint Louis College of Music in Rome (2007-2009), under the guidance of Luca Spagnoletti, Leonardo developed a virtual instrument called Chord Box, built using Native Instruments Reaktor. Motivated by the pursuit of a &#8220;pure sound,&#8221; this instrument bypasses equal temperament, instead generating sine waves with frequencies calculated according [&hellip;]","og_url":"https:\/\/leonardocincinelli.com\/pt\/art-projects\/early-project\/","og_site_name":"Leonardo Cincinelli","article_modified_time":"2025-04-17T10:00:21+00:00","og_image":[{"width":819,"height":1024,"url":"https:\/\/leonardocincinelli.com\/wp-content\/uploads\/2025\/03\/home-2-819x1024.jpg","type":"image\/jpeg"}],"twitter_card":"summary_large_image","twitter_misc":{"Tempo estimado de leitura":"1 minuto"},"schema":{"@context":"https:\/\/schema.org","@graph":[{"@type":"WebPage","@id":"https:\/\/leonardocincinelli.com\/art-projects\/early-project\/","url":"https:\/\/leonardocincinelli.com\/art-projects\/early-project\/","name":"E-Jazz - Leonardo Cincinelli","isPartOf":{"@id":"https:\/\/leonardocincinelli.com\/#website"},"datePublished":"2025-03-20T12:41:58+00:00","dateModified":"2025-04-17T10:00:21+00:00","breadcrumb":{"@id":"https:\/\/leonardocincinelli.com\/art-projects\/early-project\/#breadcrumb"},"inLanguage":"pt-PT","potentialAction":[{"@type":"ReadAction","target":["https:\/\/leonardocincinelli.com\/art-projects\/early-project\/"]}]},{"@type":"BreadcrumbList","@id":"https:\/\/leonardocincinelli.com\/art-projects\/early-project\/#breadcrumb","itemListElement":[{"@type":"ListItem","position":1,"name":"Portada","item":"https:\/\/leonardocincinelli.com\/"},{"@type":"ListItem","position":2,"name":"Creative Projects","item":"https:\/\/leonardocincinelli.com\/art-projects\/"},{"@type":"ListItem","position":3,"name":"E-Jazz"}]},{"@type":"WebSite","@id":"https:\/\/leonardocincinelli.com\/#website","url":"https:\/\/leonardocincinelli.com\/","name":"Leonardo Cincinelli","description":"Designer de m\u00fasica","publisher":{"@id":"https:\/\/leonardocincinelli.com\/#\/schema\/person\/4e8f938b0ba55bdd58344f52ffb3acf1"},"potentialAction":[{"@type":"SearchAction","target":{"@type":"EntryPoint","urlTemplate":"https:\/\/leonardocincinelli.com\/?s={search_term_string}"},"query-input":{"@type":"PropertyValueSpecification","valueRequired":true,"valueName":"search_term_string"}}],"inLanguage":"pt-PT"},{"@type":["Person","Organization"],"@id":"https:\/\/leonardocincinelli.com\/#\/schema\/person\/4e8f938b0ba55bdd58344f52ffb3acf1","name":"Leonardo Cincinelli","image":{"@type":"ImageObject","inLanguage":"pt-PT","@id":"https:\/\/leonardocincinelli.com\/wp-content\/uploads\/2025\/01\/LogoWEB-e1740150454111.png","url":"https:\/\/leonardocincinelli.com\/wp-content\/uploads\/2025\/01\/LogoWEB-e1740150454111.png","contentUrl":"https:\/\/leonardocincinelli.com\/wp-content\/uploads\/2025\/01\/LogoWEB-e1740150454111.png","width":500,"height":385,"caption":"Leonardo Cincinelli"},"logo":{"@id":"https:\/\/leonardocincinelli.com\/wp-content\/uploads\/2025\/01\/LogoWEB-e1740150454111.png"}}]}},"_hostinger_reach_plugin_has_subscription_block":false,"_hostinger_reach_plugin_is_elementor":false,"_links":{"self":[{"href":"https:\/\/leonardocincinelli.com\/pt\/wp-json\/wp\/v2\/pages\/700","targetHints":{"allow":["GET"]}}],"collection":[{"href":"https:\/\/leonardocincinelli.com\/pt\/wp-json\/wp\/v2\/pages"}],"about":[{"href":"https:\/\/leonardocincinelli.com\/pt\/wp-json\/wp\/v2\/types\/page"}],"author":[{"embeddable":true,"href":"https:\/\/leonardocincinelli.com\/pt\/wp-json\/wp\/v2\/users\/8"}],"replies":[{"embeddable":true,"href":"https:\/\/leonardocincinelli.com\/pt\/wp-json\/wp\/v2\/comments?post=700"}],"version-history":[{"count":55,"href":"https:\/\/leonardocincinelli.com\/pt\/wp-json\/wp\/v2\/pages\/700\/revisions"}],"predecessor-version":[{"id":1636,"href":"https:\/\/leonardocincinelli.com\/pt\/wp-json\/wp\/v2\/pages\/700\/revisions\/1636"}],"up":[{"embeddable":true,"href":"https:\/\/leonardocincinelli.com\/pt\/wp-json\/wp\/v2\/pages\/82"}],"wp:attachment":[{"href":"https:\/\/leonardocincinelli.com\/pt\/wp-json\/wp\/v2\/media?parent=700"}],"curies":[{"name":"wp","href":"https:\/\/api.w.org\/{rel}","templated":true}]}}